{"id":11539,"date":"2025-02-04T08:29:26","date_gmt":"2025-02-04T08:29:26","guid":{"rendered":"http:\/\/www.mesastrigo-advocats.com\/marta-llados-alana\/"},"modified":"2025-07-02T08:34:09","modified_gmt":"2025-07-02T08:34:09","slug":"marta-llados-alana","status":"publish","type":"page","link":"https:\/\/www.mtma.es\/ca\/marta-llados-alana\/","title":{"rendered":"Marta Llad\u00f3s Ala\u00f1a"},"content":{"rendered":"\t\t<div data-elementor-type=\"wp-page\" data-elementor-id=\"11539\" class=\"elementor elementor-11539 elementor-9720\">\n\t\t\t\t        <section class=\"elementor-section elementor-top-section elementor-element elementor-element-3678efc elementor-section-boxed elementor-section-height-default elementor-section-height-default pxl-type-header-none pxl-row-scroll-none pxl-bg-color-none pxl-section-overlay-none\" data-id=\"3678efc\" data-element_type=\"section\" data-settings=\"{&quot;background_background&quot;:&quot;classic&quot;}\">\n\n                \n                <div class=\"elementor-container elementor-column-gap-default \">\n                <div class=\"elementor-column elementor-col-50 elementor-top-column elementor-element elementor-element-ef75599 pxl-col-none pxl-column-none\" data-id=\"ef75599\" data-element_type=\"column\">\r\n        <div class=\"elementor-widget-wrap elementor-element-populated\">\r\n                     \r\n        \t\t<div class=\"elementor-element elementor-element-4d33591 elementor-widget elementor-widget-spacer\" data-id=\"4d33591\" data-element_type=\"widget\" data-widget_type=\"spacer.default\">\n\t\t\t\t<div class=\"elementor-widget-container\">\n\t\t\t\t\t<div class=\"elementor-spacer\">\n\t\t\t<div class=\"elementor-spacer-inner\"><\/div>\n\t\t<\/div>\n\t\t\t\t<\/div>\n\t\t\t\t<\/div>\n\t\t\t\t<div class=\"elementor-element elementor-element-aa76d23 elementor-widget elementor-widget-pxl_image\" data-id=\"aa76d23\" data-element_type=\"widget\" data-widget_type=\"pxl_image.default\">\n\t\t\t\t<div class=\"elementor-widget-container\">\n\t\t\t<div id=\"pxl_image-aa76d23-3915\" class=\"pxl-image-single  shape-gradient-left \" data-wow-delay=\"ms\" >\r\n    \r\n                        <div class=\"pxl-item--inner\">\r\n                                            <img fetchpriority=\"high\" decoding=\"async\" width=\"364\" height=\"370\" src=\"https:\/\/www.mtma.es\/wp-content\/uploads\/sites\/4\/2025\/03\/Marta.png\" class=\"no-lazyload attachment-full\" alt=\"Marta LLad\u00f3s\" \/>                                    <\/div>\r\n                \r\n    <\/div>\t\t<\/div>\n\t\t\t\t<\/div>\n\t\t\t\t<div class=\"elementor-element elementor-element-33e3be7 elementor-widget elementor-widget-spacer\" data-id=\"33e3be7\" data-element_type=\"widget\" data-widget_type=\"spacer.default\">\n\t\t\t\t<div class=\"elementor-widget-container\">\n\t\t\t\t\t<div class=\"elementor-spacer\">\n\t\t\t<div class=\"elementor-spacer-inner\"><\/div>\n\t\t<\/div>\n\t\t\t\t<\/div>\n\t\t\t\t<\/div>\n\t\t            <\/div>\r\n        <\/div>\r\n                <div class=\"elementor-column elementor-col-50 elementor-top-column elementor-element elementor-element-d6b90f8 pxl-col-none pxl-column-none\" data-id=\"d6b90f8\" data-element_type=\"column\">\r\n        <div class=\"elementor-widget-wrap elementor-element-populated\">\r\n                     \r\n        \t\t<div class=\"elementor-element elementor-element-838648b elementor-widget elementor-widget-spacer\" data-id=\"838648b\" data-element_type=\"widget\" data-widget_type=\"spacer.default\">\n\t\t\t\t<div class=\"elementor-widget-container\">\n\t\t\t\t\t<div class=\"elementor-spacer\">\n\t\t\t<div class=\"elementor-spacer-inner\"><\/div>\n\t\t<\/div>\n\t\t\t\t<\/div>\n\t\t\t\t<\/div>\n\t\t\t\t<div class=\"elementor-element elementor-element-3b4172d elementor-widget elementor-widget-team_single\" data-id=\"3b4172d\" data-element_type=\"widget\" data-widget_type=\"team_single.default\">\n\t\t\t\t<div class=\"elementor-widget-container\">\n\t\t\t<div class=\"pxl-team-single pxl-team-single1 \" data-wow-delay=\"ms\">\r\n    <div class=\"pxl-item--inner\">\r\n                <div class=\"pxl-item--holder\">\r\n            <h4 class=\"pxl-item--title el-empty\">Marta Llad\u00f3s Ala\u00f1a<\/h4>\r\n            <div class=\"pxl-item--position el-empty\"><\/div>\r\n            <div class=\"pxl-item--description el-empty\">Assistant<\/div>\r\n        <\/div>\r\n    <\/div>\r\n<\/div>\t\t<\/div>\n\t\t\t\t<\/div>\n\t\t        <section class=\"elementor-section elementor-inner-section elementor-element elementor-element-94ce725 elementor-section-boxed elementor-section-height-default elementor-section-height-default pxl-type-header-none pxl-row-scroll-none pxl-bg-color-none pxl-section-overlay-none\" data-id=\"94ce725\" data-element_type=\"section\">\n\n                \n                <div class=\"elementor-container elementor-column-gap-default \">\n                <div class=\"elementor-column elementor-col-50 elementor-inner-column elementor-element elementor-element-754dcbb pxl-col-none pxl-column-none\" data-id=\"754dcbb\" data-element_type=\"column\">\r\n        <div class=\"elementor-widget-wrap elementor-element-populated\">\r\n                     \r\n        \t\t<div class=\"elementor-element elementor-element-a57e748 elementor-shape-square e-grid-align-left elementor-widget__width-initial elementor-grid-0 elementor-widget elementor-widget-social-icons\" data-id=\"a57e748\" data-element_type=\"widget\" data-widget_type=\"social-icons.default\">\n\t\t\t\t<div class=\"elementor-widget-container\">\n\t\t\t\t\t<div class=\"elementor-social-icons-wrapper elementor-grid\">\n\t\t\t\t\t\t\t<span class=\"elementor-grid-item\">\n\t\t\t\t\t<a class=\"elementor-icon elementor-social-icon elementor-social-icon-linkedin elementor-repeater-item-b2ecd59\" href=\"https:\/\/www.linkedin.com\/in\/marta-llad\u00f3s-ala\u00f1a-314141164\/?originalSubdomain=ad\" target=\"_blank\">\n\t\t\t\t\t\t<span class=\"elementor-screen-only\">Linkedin<\/span>\n\t\t\t\t\t\t<i class=\"fab fa-linkedin\"><\/i>\t\t\t\t\t<\/a>\n\t\t\t\t<\/span>\n\t\t\t\t\t<\/div>\n\t\t\t\t<\/div>\n\t\t\t\t<\/div>\n\t\t            <\/div>\r\n        <\/div>\r\n                <div class=\"elementor-column elementor-col-50 elementor-inner-column elementor-element elementor-element-32163bc pxl-col-none pxl-column-none\" data-id=\"32163bc\" data-element_type=\"column\">\r\n        <div class=\"elementor-widget-wrap\">\r\n                     \r\n                    <\/div>\r\n        <\/div>\r\n        \t\t\t<\/div>\n\t\t<\/section>\n\t\t\t\t<div class=\"elementor-element elementor-element-4f70efb elementor-widget elementor-widget-spacer\" data-id=\"4f70efb\" data-element_type=\"widget\" data-widget_type=\"spacer.default\">\n\t\t\t\t<div class=\"elementor-widget-container\">\n\t\t\t\t\t<div class=\"elementor-spacer\">\n\t\t\t<div class=\"elementor-spacer-inner\"><\/div>\n\t\t<\/div>\n\t\t\t\t<\/div>\n\t\t\t\t<\/div>\n\t\t            <\/div>\r\n        <\/div>\r\n        \t\t\t<\/div>\n\t\t<\/section>\n\t\t        <section class=\"elementor-section elementor-top-section elementor-element elementor-element-1dddf7a elementor-section-boxed elementor-section-height-default elementor-section-height-default pxl-type-header-none pxl-row-scroll-none pxl-bg-color-none pxl-section-overlay-none\" data-id=\"1dddf7a\" data-element_type=\"section\">\n\n                \n                <div class=\"elementor-container elementor-column-gap-default \">\n                <div class=\"elementor-column elementor-col-100 elementor-top-column elementor-element elementor-element-33b7e89 pxl-col-none pxl-column-none\" data-id=\"33b7e89\" data-element_type=\"column\">\r\n        <div class=\"elementor-widget-wrap elementor-element-populated\">\r\n                     \r\n        \t\t<div class=\"elementor-element elementor-element-0c7bea4 elementor-widget elementor-widget-spacer\" data-id=\"0c7bea4\" data-element_type=\"widget\" data-widget_type=\"spacer.default\">\n\t\t\t\t<div class=\"elementor-widget-container\">\n\t\t\t\t\t<div class=\"elementor-spacer\">\n\t\t\t<div class=\"elementor-spacer-inner\"><\/div>\n\t\t<\/div>\n\t\t\t\t<\/div>\n\t\t\t\t<\/div>\n\t\t            <\/div>\r\n        <\/div>\r\n        \t\t\t<\/div>\n\t\t<\/section>\n\t\t        <section class=\"elementor-section elementor-top-section elementor-element elementor-element-af7c526 elementor-section-boxed elementor-section-height-default elementor-section-height-default pxl-type-header-none pxl-row-scroll-none pxl-bg-color-none pxl-section-overlay-none\" data-id=\"af7c526\" data-element_type=\"section\">\n\n                \n                <div class=\"elementor-container elementor-column-gap-default \">\n                <div class=\"elementor-column elementor-col-100 elementor-top-column elementor-element elementor-element-8881c5c pxl-col-none pxl-column-none\" data-id=\"8881c5c\" data-element_type=\"column\">\r\n        <div class=\"elementor-widget-wrap elementor-element-populated\">\r\n                     \r\n        \t\t<div class=\"elementor-element elementor-element-3f83343 elementor-widget elementor-widget-heading\" data-id=\"3f83343\" data-element_type=\"widget\" data-widget_type=\"heading.default\">\n\t\t\t\t<div class=\"elementor-widget-container\">\n\t\t\t<div id=\"pxl-heading-3f83343-7926\" class=\"pxl-heading typewriter-color\">\n\t<div class=\"pxl-heading--inner\">\n\t\t\n\t\t\t\t\t<h3 class=\"pxl-item--title  highlight-default \" data-wow-delay=\"ms\">\n\t\t\t\tDescripci\u00f3 i experi\u00e8ncia\t\t\n\t\t\t<\/h3>\n\t\t\n\t\t\t<\/div>\n<\/div>\t\t<\/div>\n\t\t\t\t<\/div>\n\t\t\t\t<div class=\"elementor-element elementor-element-798ba99 elementor-widget elementor-widget-spacer\" data-id=\"798ba99\" data-element_type=\"widget\" data-widget_type=\"spacer.default\">\n\t\t\t\t<div class=\"elementor-widget-container\">\n\t\t\t\t\t<div class=\"elementor-spacer\">\n\t\t\t<div class=\"elementor-spacer-inner\"><\/div>\n\t\t<\/div>\n\t\t\t\t<\/div>\n\t\t\t\t<\/div>\n\t\t\t\t<div class=\"elementor-element elementor-element-a96015d elementor-widget elementor-widget-text-editor\" data-id=\"a96015d\" data-element_type=\"widget\" data-widget_type=\"text-editor.default\">\n\t\t\t\t<div class=\"elementor-widget-container\">\n\t\t\t\t\t\t\t<p><span style=\"font-weight: 400;\">La Marta est\u00e0 especialitzada en la preparaci\u00f3 i presentaci\u00f3 de sol\u00b7licituds de resid\u00e8ncies, permisos de treball, ciutadania o naturalitzaci\u00f3, aix\u00ed com en tots els procediments i requisits legals per residir o treballar al pa\u00eds.<\/span><\/p><p><span style=\"font-weight: 400;\">\u00c9s la responsable d&#8217;assegurar-se que els clients compleixin amb les normatives locals i internacionals d&#8217;immigraci\u00f3, incloent la verificaci\u00f3 dels terminis i condicions dels seus permisos, el compliment dels requisits fiscals o laborals i l&#8217;assessorament sobre la regularitzaci\u00f3 del seu estatus migratori.<\/span><\/p><p><span style=\"font-weight: 400;\">La Marta tamb\u00e9 assisteix a l&#8217;equip amb la gesti\u00f3 administrativa i operativa de la firma.<\/span><\/p>\t\t\t\t\t\t<\/div>\n\t\t\t\t<\/div>\n\t\t\t\t<div class=\"elementor-element elementor-element-4b06393 elementor-widget elementor-widget-spacer\" data-id=\"4b06393\" data-element_type=\"widget\" data-widget_type=\"spacer.default\">\n\t\t\t\t<div class=\"elementor-widget-container\">\n\t\t\t\t\t<div class=\"elementor-spacer\">\n\t\t\t<div class=\"elementor-spacer-inner\"><\/div>\n\t\t<\/div>\n\t\t\t\t<\/div>\n\t\t\t\t<\/div>\n\t\t            <\/div>\r\n        <\/div>\r\n        \t\t\t<\/div>\n\t\t<\/section>\n\t\t        <section class=\"elementor-section elementor-top-section elementor-element elementor-element-8b47085 elementor-section-boxed elementor-section-height-default elementor-section-height-default pxl-type-header-none pxl-row-scroll-none pxl-bg-color-none pxl-section-overlay-none\" data-id=\"8b47085\" data-element_type=\"section\">\n\n                \n                <div class=\"elementor-container elementor-column-gap-default \">\n                <div class=\"elementor-column elementor-col-100 elementor-top-column elementor-element elementor-element-24ca9bc pxl-col-none pxl-column-none\" data-id=\"24ca9bc\" data-element_type=\"column\">\r\n        <div class=\"elementor-widget-wrap elementor-element-populated\">\r\n                     \r\n        \t\t<div class=\"elementor-element elementor-element-5b16e9e elementor-widget elementor-widget-accordion\" data-id=\"5b16e9e\" data-element_type=\"widget\" data-widget_type=\"accordion.default\">\n\t\t\t\t<div class=\"elementor-widget-container\">\n\t\t\t    <div class=\"pxl-accordion pxl-accordion1 style8 \" data-wow-delay=\"ms\">\r\n                    <div class=\"pxl--item \">\r\n                <h3 class=\"pxl-item--title\" data-target=\"#accordion-5b16e9e-3968-4d973cf\">\r\n                                        <span class=\"pxl-title--text\">Educaci\u00f3<\/span>\r\n                    <i class=\"pxl-icon--plus\"><\/i>\r\n                <\/h3>\r\n                <div id=\"accordion-5b16e9e-3968-4d973cf\" class=\"pxl-item--content\" >Brevet \u00c9tude Professionel Agricole, Lyc\u00e9e Le Mas Blanc (2013)<br \/>\n<\/div>\r\n            <\/div>\r\n                    <div class=\"pxl--item \">\r\n                <h3 class=\"pxl-item--title\" data-target=\"#accordion-5b16e9e-3968-5f50866\">\r\n                                        <span class=\"pxl-title--text\">Idiomes<\/span>\r\n                    <i class=\"pxl-icon--plus\"><\/i>\r\n                <\/h3>\r\n                <div id=\"accordion-5b16e9e-3968-5f50866\" class=\"pxl-item--content\" >Espanyol<br \/>\n<br \/>\nCatal\u00e0<br \/>\n<br \/>\nFranc\u00e8s<br \/>\n<br \/>\nPortugu\u00e8s<\/div>\r\n            <\/div>\r\n            <\/div>\r\n\t\t<\/div>\n\t\t\t\t<\/div>\n\t\t            <\/div>\r\n        <\/div>\r\n        \t\t\t<\/div>\n\t\t<\/section>\n\t\t\t\t<\/div>\n\t\t","protected":false},"excerpt":{"rendered":"<p>Marta Llad\u00f3s Ala\u00f1a Assistant Linkedin Descripci\u00f3 i experi\u00e8ncia La Marta est\u00e0 especialitzada en la preparaci\u00f3 i presentaci\u00f3 de sol\u00b7licituds de resid\u00e8ncies, permisos de treball, ciutadania o naturalitzaci\u00f3, aix\u00ed com en tots els procediments i requisits legals per residir o treballar al pa\u00eds. \u00c9s la responsable d&#8217;assegurar-se que els clients compleixin amb les normatives locals i [&hellip;]<\/p>\n","protected":false},"author":3,"featured_media":0,"parent":0,"menu_order":0,"comment_status":"closed","ping_status":"closed","template":"","meta":{"footnotes":""},"class_list":["post-11539","page","type-page","status-publish","hentry"],"yoast_head":"<!-- This site is optimized with the Yoast SEO Premium plugin v25.3 (Yoast SEO v25.3) - https:\/\/yoast.com\/wordpress\/plugins\/seo\/ -->\n<title>Marta Llad\u00f3s Ala\u00f1a - Mesas Trigo advocats<\/title>\n<meta name=\"description\" content=\"Marta Llad\u00f3s gestiona procediments d&#039;immigraci\u00f3, resid\u00e8ncies i permisos, assegurant el seu compliment i l&#039;acompanyament legal integral\" \/>\n<meta name=\"robots\" content=\"index, follow, max-snippet:-1, max-image-preview:large, max-video-preview:-1\" \/>\n<link rel=\"canonical\" href=\"https:\/\/www.mtma.es\/marta-llados-alana\/\" \/>\n<meta property=\"og:locale\" content=\"ca_ES\" \/>\n<meta property=\"og:type\" content=\"article\" \/>\n<meta property=\"og:title\" content=\"Marta Llad\u00f3s Ala\u00f1a\" \/>\n<meta property=\"og:description\" content=\"Marta Llad\u00f3s gestiona procediments d&#039;immigraci\u00f3, resid\u00e8ncies i permisos, assegurant el seu compliment i l&#039;acompanyament legal integral\" \/>\n<meta property=\"og:url\" content=\"https:\/\/www.mtma.es\/marta-llados-alana\/\" \/>\n<meta property=\"og:site_name\" content=\"Mesas Trigo Morales Arce\" \/>\n<meta property=\"article:modified_time\" content=\"2025-07-02T08:34:09+00:00\" \/>\n<meta property=\"og:image\" content=\"http:\/\/www.mesastrigoadvocats.com\/mtma\/wp-content\/uploads\/sites\/4\/2025\/03\/Marta.png\" \/>\n<meta name=\"twitter:card\" content=\"summary_large_image\" \/>\n<meta name=\"twitter:label1\" content=\"Temps estimat de lectura\" \/>\n\t<meta name=\"twitter:data1\" content=\"1 minut\" \/>\n<script type=\"application\/ld+json\" class=\"yoast-schema-graph\">{\"@context\":\"https:\/\/schema.org\",\"@graph\":[{\"@type\":\"WebPage\",\"@id\":\"https:\/\/www.mtma.es\/marta-llados-alana\/\",\"url\":\"https:\/\/www.mtma.es\/marta-llados-alana\/\",\"name\":\"Marta Llad\u00f3s Ala\u00f1a - Mesas Trigo advocats\",\"isPartOf\":{\"@id\":\"https:\/\/www.mtma.es\/#website\"},\"primaryImageOfPage\":{\"@id\":\"https:\/\/www.mtma.es\/marta-llados-alana\/#primaryimage\"},\"image\":{\"@id\":\"https:\/\/www.mtma.es\/marta-llados-alana\/#primaryimage\"},\"thumbnailUrl\":\"http:\/\/www.mesastrigoadvocats.com\/mtma\/wp-content\/uploads\/sites\/4\/2025\/03\/Marta.png\",\"datePublished\":\"2025-02-04T08:29:26+00:00\",\"dateModified\":\"2025-07-02T08:34:09+00:00\",\"description\":\"Marta Llad\u00f3s gestiona procediments d'immigraci\u00f3, resid\u00e8ncies i permisos, assegurant el seu compliment i l'acompanyament legal integral\",\"breadcrumb\":{\"@id\":\"https:\/\/www.mtma.es\/marta-llados-alana\/#breadcrumb\"},\"inLanguage\":\"ca\",\"potentialAction\":[{\"@type\":\"ReadAction\",\"target\":[\"https:\/\/www.mtma.es\/marta-llados-alana\/\"]}]},{\"@type\":\"ImageObject\",\"inLanguage\":\"ca\",\"@id\":\"https:\/\/www.mtma.es\/marta-llados-alana\/#primaryimage\",\"url\":\"http:\/\/www.mesastrigoadvocats.com\/mtma\/wp-content\/uploads\/sites\/4\/2025\/03\/Marta.png\",\"contentUrl\":\"http:\/\/www.mesastrigoadvocats.com\/mtma\/wp-content\/uploads\/sites\/4\/2025\/03\/Marta.png\"},{\"@type\":\"BreadcrumbList\",\"@id\":\"https:\/\/www.mtma.es\/marta-llados-alana\/#breadcrumb\",\"itemListElement\":[{\"@type\":\"ListItem\",\"position\":1,\"name\":\"Portada\",\"item\":\"https:\/\/www.mtma.es\/\"},{\"@type\":\"ListItem\",\"position\":2,\"name\":\"Marta Llad\u00f3s Ala\u00f1a\"}]},{\"@type\":\"WebSite\",\"@id\":\"https:\/\/www.mtma.es\/#website\",\"url\":\"https:\/\/www.mtma.es\/\",\"name\":\"Mesas Trigo\",\"description\":\"Business WordPress Theme\",\"publisher\":{\"@id\":\"https:\/\/www.mtma.es\/#organization\"},\"potentialAction\":[{\"@type\":\"SearchAction\",\"target\":{\"@type\":\"EntryPoint\",\"urlTemplate\":\"https:\/\/www.mtma.es\/?s={search_term_string}\"},\"query-input\":{\"@type\":\"PropertyValueSpecification\",\"valueRequired\":true,\"valueName\":\"search_term_string\"}}],\"inLanguage\":\"ca\"},{\"@type\":\"Organization\",\"@id\":\"https:\/\/www.mtma.es\/#organization\",\"name\":\"Mesas Trigo\",\"url\":\"https:\/\/www.mtma.es\/\",\"logo\":{\"@type\":\"ImageObject\",\"inLanguage\":\"ca\",\"@id\":\"https:\/\/www.mtma.es\/#\/schema\/logo\/image\/\",\"url\":\"https:\/\/www.mtma.es\/wp-content\/uploads\/sites\/4\/2024\/11\/cropped-favicon-mesas-trigo.png\",\"contentUrl\":\"https:\/\/www.mtma.es\/wp-content\/uploads\/sites\/4\/2024\/11\/cropped-favicon-mesas-trigo.png\",\"width\":512,\"height\":245,\"caption\":\"Mesas Trigo\"},\"image\":{\"@id\":\"https:\/\/www.mtma.es\/#\/schema\/logo\/image\/\"}}]}<\/script>\n<!-- \/ Yoast SEO Premium plugin. -->","yoast_head_json":{"title":"Marta Llad\u00f3s Ala\u00f1a - Mesas Trigo advocats","description":"Marta Llad\u00f3s gestiona procediments d'immigraci\u00f3, resid\u00e8ncies i permisos, assegurant el seu compliment i l'acompanyament legal integral","robots":{"index":"index","follow":"follow","max-snippet":"max-snippet:-1","max-image-preview":"max-image-preview:large","max-video-preview":"max-video-preview:-1"},"canonical":"https:\/\/www.mtma.es\/marta-llados-alana\/","og_locale":"ca_ES","og_type":"article","og_title":"Marta Llad\u00f3s Ala\u00f1a","og_description":"Marta Llad\u00f3s gestiona procediments d'immigraci\u00f3, resid\u00e8ncies i permisos, assegurant el seu compliment i l'acompanyament legal integral","og_url":"https:\/\/www.mtma.es\/marta-llados-alana\/","og_site_name":"Mesas Trigo Morales Arce","article_modified_time":"2025-07-02T08:34:09+00:00","og_image":[{"url":"http:\/\/www.mesastrigoadvocats.com\/mtma\/wp-content\/uploads\/sites\/4\/2025\/03\/Marta.png","type":"","width":"","height":""}],"twitter_card":"summary_large_image","twitter_misc":{"Temps estimat de lectura":"1 minut"},"schema":{"@context":"https:\/\/schema.org","@graph":[{"@type":"WebPage","@id":"https:\/\/www.mtma.es\/marta-llados-alana\/","url":"https:\/\/www.mtma.es\/marta-llados-alana\/","name":"Marta Llad\u00f3s Ala\u00f1a - Mesas Trigo advocats","isPartOf":{"@id":"https:\/\/www.mtma.es\/#website"},"primaryImageOfPage":{"@id":"https:\/\/www.mtma.es\/marta-llados-alana\/#primaryimage"},"image":{"@id":"https:\/\/www.mtma.es\/marta-llados-alana\/#primaryimage"},"thumbnailUrl":"http:\/\/www.mesastrigoadvocats.com\/mtma\/wp-content\/uploads\/sites\/4\/2025\/03\/Marta.png","datePublished":"2025-02-04T08:29:26+00:00","dateModified":"2025-07-02T08:34:09+00:00","description":"Marta Llad\u00f3s gestiona procediments d'immigraci\u00f3, resid\u00e8ncies i permisos, assegurant el seu compliment i l'acompanyament legal integral","breadcrumb":{"@id":"https:\/\/www.mtma.es\/marta-llados-alana\/#breadcrumb"},"inLanguage":"ca","potentialAction":[{"@type":"ReadAction","target":["https:\/\/www.mtma.es\/marta-llados-alana\/"]}]},{"@type":"ImageObject","inLanguage":"ca","@id":"https:\/\/www.mtma.es\/marta-llados-alana\/#primaryimage","url":"http:\/\/www.mesastrigoadvocats.com\/mtma\/wp-content\/uploads\/sites\/4\/2025\/03\/Marta.png","contentUrl":"http:\/\/www.mesastrigoadvocats.com\/mtma\/wp-content\/uploads\/sites\/4\/2025\/03\/Marta.png"},{"@type":"BreadcrumbList","@id":"https:\/\/www.mtma.es\/marta-llados-alana\/#breadcrumb","itemListElement":[{"@type":"ListItem","position":1,"name":"Portada","item":"https:\/\/www.mtma.es\/"},{"@type":"ListItem","position":2,"name":"Marta Llad\u00f3s Ala\u00f1a"}]},{"@type":"WebSite","@id":"https:\/\/www.mtma.es\/#website","url":"https:\/\/www.mtma.es\/","name":"Mesas Trigo","description":"Business WordPress Theme","publisher":{"@id":"https:\/\/www.mtma.es\/#organization"},"potentialAction":[{"@type":"SearchAction","target":{"@type":"EntryPoint","urlTemplate":"https:\/\/www.mtma.es\/?s={search_term_string}"},"query-input":{"@type":"PropertyValueSpecification","valueRequired":true,"valueName":"search_term_string"}}],"inLanguage":"ca"},{"@type":"Organization","@id":"https:\/\/www.mtma.es\/#organization","name":"Mesas Trigo","url":"https:\/\/www.mtma.es\/","logo":{"@type":"ImageObject","inLanguage":"ca","@id":"https:\/\/www.mtma.es\/#\/schema\/logo\/image\/","url":"https:\/\/www.mtma.es\/wp-content\/uploads\/sites\/4\/2024\/11\/cropped-favicon-mesas-trigo.png","contentUrl":"https:\/\/www.mtma.es\/wp-content\/uploads\/sites\/4\/2024\/11\/cropped-favicon-mesas-trigo.png","width":512,"height":245,"caption":"Mesas Trigo"},"image":{"@id":"https:\/\/www.mtma.es\/#\/schema\/logo\/image\/"}}]}},"_links":{"self":[{"href":"https:\/\/www.mtma.es\/ca\/wp-json\/wp\/v2\/pages\/11539","targetHints":{"allow":["GET"]}}],"collection":[{"href":"https:\/\/www.mtma.es\/ca\/wp-json\/wp\/v2\/pages"}],"about":[{"href":"https:\/\/www.mtma.es\/ca\/wp-json\/wp\/v2\/types\/page"}],"author":[{"embeddable":true,"href":"https:\/\/www.mtma.es\/ca\/wp-json\/wp\/v2\/users\/3"}],"replies":[{"embeddable":true,"href":"https:\/\/www.mtma.es\/ca\/wp-json\/wp\/v2\/comments?post=11539"}],"version-history":[{"count":3,"href":"https:\/\/www.mtma.es\/ca\/wp-json\/wp\/v2\/pages\/11539\/revisions"}],"predecessor-version":[{"id":11542,"href":"https:\/\/www.mtma.es\/ca\/wp-json\/wp\/v2\/pages\/11539\/revisions\/11542"}],"wp:attachment":[{"href":"https:\/\/www.mtma.es\/ca\/wp-json\/wp\/v2\/media?parent=11539"}],"curies":[{"name":"wp","href":"https:\/\/api.w.org\/{rel}","templated":true}]}}