{"id":12154,"date":"2025-02-04T08:29:26","date_gmt":"2025-02-04T08:29:26","guid":{"rendered":"http:\/\/www.mesastrigo-advocats.com\/marta-llados-alana\/"},"modified":"2025-05-30T08:40:30","modified_gmt":"2025-05-30T08:40:30","slug":"marta-llados-alana","status":"publish","type":"page","link":"https:\/\/www.mtma.es\/en\/marta-llados-alana\/","title":{"rendered":"Marta Llad\u00f3s Ala\u00f1a"},"content":{"rendered":"\t\t<div data-elementor-type=\"wp-page\" data-elementor-id=\"12154\" class=\"elementor elementor-12154 elementor-9720\">\n\t\t\t\t        <section class=\"elementor-section elementor-top-section elementor-element elementor-element-3678efc elementor-section-boxed elementor-section-height-default elementor-section-height-default pxl-type-header-none pxl-row-scroll-none pxl-bg-color-none pxl-section-overlay-none\" data-id=\"3678efc\" data-element_type=\"section\" data-settings=\"{&quot;background_background&quot;:&quot;classic&quot;}\">\n\n                \n                <div class=\"elementor-container elementor-column-gap-default \">\n                <div class=\"elementor-column elementor-col-50 elementor-top-column elementor-element elementor-element-ef75599 pxl-col-none pxl-column-none\" data-id=\"ef75599\" data-element_type=\"column\">\r\n        <div class=\"elementor-widget-wrap elementor-element-populated\">\r\n                     \r\n        \t\t<div class=\"elementor-element elementor-element-4d33591 elementor-widget elementor-widget-spacer\" data-id=\"4d33591\" data-element_type=\"widget\" data-widget_type=\"spacer.default\">\n\t\t\t\t<div class=\"elementor-widget-container\">\n\t\t\t\t\t<div class=\"elementor-spacer\">\n\t\t\t<div class=\"elementor-spacer-inner\"><\/div>\n\t\t<\/div>\n\t\t\t\t<\/div>\n\t\t\t\t<\/div>\n\t\t\t\t<div class=\"elementor-element elementor-element-aa76d23 elementor-widget elementor-widget-pxl_image\" data-id=\"aa76d23\" data-element_type=\"widget\" data-widget_type=\"pxl_image.default\">\n\t\t\t\t<div class=\"elementor-widget-container\">\n\t\t\t<div id=\"pxl_image-aa76d23-8723\" class=\"pxl-image-single  shape-gradient-left \" data-wow-delay=\"ms\" >\r\n    \r\n                        <div class=\"pxl-item--inner\">\r\n                                            <img fetchpriority=\"high\" decoding=\"async\" width=\"364\" height=\"370\" src=\"https:\/\/www.mtma.es\/wp-content\/uploads\/sites\/4\/2025\/03\/Marta.png\" class=\"no-lazyload attachment-full\" alt=\"Marta LLad\u00f3s\" \/>                                    <\/div>\r\n                \r\n    <\/div>\t\t<\/div>\n\t\t\t\t<\/div>\n\t\t\t\t<div class=\"elementor-element elementor-element-33e3be7 elementor-widget elementor-widget-spacer\" data-id=\"33e3be7\" data-element_type=\"widget\" data-widget_type=\"spacer.default\">\n\t\t\t\t<div class=\"elementor-widget-container\">\n\t\t\t\t\t<div class=\"elementor-spacer\">\n\t\t\t<div class=\"elementor-spacer-inner\"><\/div>\n\t\t<\/div>\n\t\t\t\t<\/div>\n\t\t\t\t<\/div>\n\t\t            <\/div>\r\n        <\/div>\r\n                <div class=\"elementor-column elementor-col-50 elementor-top-column elementor-element elementor-element-d6b90f8 pxl-col-none pxl-column-none\" data-id=\"d6b90f8\" data-element_type=\"column\">\r\n        <div class=\"elementor-widget-wrap elementor-element-populated\">\r\n                     \r\n        \t\t<div class=\"elementor-element elementor-element-838648b elementor-widget elementor-widget-spacer\" data-id=\"838648b\" data-element_type=\"widget\" data-widget_type=\"spacer.default\">\n\t\t\t\t<div class=\"elementor-widget-container\">\n\t\t\t\t\t<div class=\"elementor-spacer\">\n\t\t\t<div class=\"elementor-spacer-inner\"><\/div>\n\t\t<\/div>\n\t\t\t\t<\/div>\n\t\t\t\t<\/div>\n\t\t        <section class=\"elementor-section elementor-inner-section elementor-element elementor-element-94ce725 elementor-section-boxed elementor-section-height-default elementor-section-height-default pxl-type-header-none pxl-row-scroll-none pxl-bg-color-none pxl-section-overlay-none\" data-id=\"94ce725\" data-element_type=\"section\">\n\n                \n                <div class=\"elementor-container elementor-column-gap-default \">\n                <div class=\"elementor-column elementor-col-50 elementor-inner-column elementor-element elementor-element-754dcbb pxl-col-none pxl-column-none\" data-id=\"754dcbb\" data-element_type=\"column\">\r\n        <div class=\"elementor-widget-wrap elementor-element-populated\">\r\n                     \r\n        \t\t<div class=\"elementor-element elementor-element-a57e748 elementor-shape-square e-grid-align-left elementor-widget__width-initial elementor-grid-0 elementor-widget elementor-widget-social-icons\" data-id=\"a57e748\" data-element_type=\"widget\" data-widget_type=\"social-icons.default\">\n\t\t\t\t<div class=\"elementor-widget-container\">\n\t\t\t\t\t<div class=\"elementor-social-icons-wrapper elementor-grid\">\n\t\t\t\t\t\t\t<span class=\"elementor-grid-item\">\n\t\t\t\t\t<a class=\"elementor-icon elementor-social-icon elementor-social-icon-linkedin elementor-repeater-item-b2ecd59\" href=\"https:\/\/www.linkedin.com\/in\/marta-llad\u00f3s-ala\u00f1a-314141164\/?originalSubdomain=ad\" target=\"_blank\">\n\t\t\t\t\t\t<span class=\"elementor-screen-only\">Linkedin<\/span>\n\t\t\t\t\t\t<i class=\"fab fa-linkedin\"><\/i>\t\t\t\t\t<\/a>\n\t\t\t\t<\/span>\n\t\t\t\t\t<\/div>\n\t\t\t\t<\/div>\n\t\t\t\t<\/div>\n\t\t\t\t<div class=\"elementor-element elementor-element-3b4172d elementor-widget elementor-widget-team_single\" data-id=\"3b4172d\" data-element_type=\"widget\" data-widget_type=\"team_single.default\">\n\t\t\t\t<div class=\"elementor-widget-container\">\n\t\t\t<div class=\"pxl-team-single pxl-team-single1 \" data-wow-delay=\"ms\">\r\n    <div class=\"pxl-item--inner\">\r\n                <div class=\"pxl-item--holder\">\r\n            <h4 class=\"pxl-item--title el-empty\">Marta Llad\u00f3s Ala\u00f1a<\/h4>\r\n            <div class=\"pxl-item--position el-empty\"><\/div>\r\n            <div class=\"pxl-item--description el-empty\">Assistant<\/div>\r\n        <\/div>\r\n    <\/div>\r\n<\/div>\t\t<\/div>\n\t\t\t\t<\/div>\n\t\t            <\/div>\r\n        <\/div>\r\n                <div class=\"elementor-column elementor-col-50 elementor-inner-column elementor-element elementor-element-32163bc pxl-col-none pxl-column-none\" data-id=\"32163bc\" data-element_type=\"column\">\r\n        <div class=\"elementor-widget-wrap\">\r\n                     \r\n                    <\/div>\r\n        <\/div>\r\n        \t\t\t<\/div>\n\t\t<\/section>\n\t\t\t\t<div class=\"elementor-element elementor-element-4f70efb elementor-widget elementor-widget-spacer\" data-id=\"4f70efb\" data-element_type=\"widget\" data-widget_type=\"spacer.default\">\n\t\t\t\t<div class=\"elementor-widget-container\">\n\t\t\t\t\t<div class=\"elementor-spacer\">\n\t\t\t<div class=\"elementor-spacer-inner\"><\/div>\n\t\t<\/div>\n\t\t\t\t<\/div>\n\t\t\t\t<\/div>\n\t\t            <\/div>\r\n        <\/div>\r\n        \t\t\t<\/div>\n\t\t<\/section>\n\t\t        <section class=\"elementor-section elementor-top-section elementor-element elementor-element-1dddf7a elementor-section-boxed elementor-section-height-default elementor-section-height-default pxl-type-header-none pxl-row-scroll-none pxl-bg-color-none pxl-section-overlay-none\" data-id=\"1dddf7a\" data-element_type=\"section\">\n\n                \n                <div class=\"elementor-container elementor-column-gap-default \">\n                <div class=\"elementor-column elementor-col-100 elementor-top-column elementor-element elementor-element-33b7e89 pxl-col-none pxl-column-none\" data-id=\"33b7e89\" data-element_type=\"column\">\r\n        <div class=\"elementor-widget-wrap elementor-element-populated\">\r\n                     \r\n        \t\t<div class=\"elementor-element elementor-element-0c7bea4 elementor-widget elementor-widget-spacer\" data-id=\"0c7bea4\" data-element_type=\"widget\" data-widget_type=\"spacer.default\">\n\t\t\t\t<div class=\"elementor-widget-container\">\n\t\t\t\t\t<div class=\"elementor-spacer\">\n\t\t\t<div class=\"elementor-spacer-inner\"><\/div>\n\t\t<\/div>\n\t\t\t\t<\/div>\n\t\t\t\t<\/div>\n\t\t            <\/div>\r\n        <\/div>\r\n        \t\t\t<\/div>\n\t\t<\/section>\n\t\t        <section class=\"elementor-section elementor-top-section elementor-element elementor-element-af7c526 elementor-section-boxed elementor-section-height-default elementor-section-height-default pxl-type-header-none pxl-row-scroll-none pxl-bg-color-none pxl-section-overlay-none\" data-id=\"af7c526\" data-element_type=\"section\">\n\n                \n                <div class=\"elementor-container elementor-column-gap-default \">\n                <div class=\"elementor-column elementor-col-100 elementor-top-column elementor-element elementor-element-8881c5c pxl-col-none pxl-column-none\" data-id=\"8881c5c\" data-element_type=\"column\">\r\n        <div class=\"elementor-widget-wrap elementor-element-populated\">\r\n                     \r\n        \t\t<div class=\"elementor-element elementor-element-798ba99 elementor-widget elementor-widget-spacer\" data-id=\"798ba99\" data-element_type=\"widget\" data-widget_type=\"spacer.default\">\n\t\t\t\t<div class=\"elementor-widget-container\">\n\t\t\t\t\t<div class=\"elementor-spacer\">\n\t\t\t<div class=\"elementor-spacer-inner\"><\/div>\n\t\t<\/div>\n\t\t\t\t<\/div>\n\t\t\t\t<\/div>\n\t\t\t\t<div class=\"elementor-element elementor-element-3f83343 elementor-widget elementor-widget-heading\" data-id=\"3f83343\" data-element_type=\"widget\" data-widget_type=\"heading.default\">\n\t\t\t\t<div class=\"elementor-widget-container\">\n\t\t\t<div id=\"pxl-heading-3f83343-8304\" class=\"pxl-heading typewriter-color\">\n\t<div class=\"pxl-heading--inner\">\n\t\t\n\t\t\t\t\t<h3 class=\"pxl-item--title  highlight-default \" data-wow-delay=\"ms\">\n\t\t\t\tDescription and experience\t\t\n\t\t\t<\/h3>\n\t\t\n\t\t\t<\/div>\n<\/div>\t\t<\/div>\n\t\t\t\t<\/div>\n\t\t\t\t<div class=\"elementor-element elementor-element-a96015d elementor-widget elementor-widget-text-editor\" data-id=\"a96015d\" data-element_type=\"widget\" data-widget_type=\"text-editor.default\">\n\t\t\t\t<div class=\"elementor-widget-container\">\n\t\t\t\t\t\t\t<p>Marta specializes in the preparation and filing of applications for residency, work permits, citizenship or naturalization, as well as all procedures and legal requirements to reside or work in the country.<\/p><p>She ensures that clients comply with local and international immigration regulations, including verifying the terms and conditions of their permits, complying with tax or labor requirements and advising on the legalization of their immigration status.<\/p><p>Marta also assists the team with the administrative and operational management of the firm.<\/p>\t\t\t\t\t\t<\/div>\n\t\t\t\t<\/div>\n\t\t\t\t<div class=\"elementor-element elementor-element-4b06393 elementor-widget elementor-widget-spacer\" data-id=\"4b06393\" data-element_type=\"widget\" data-widget_type=\"spacer.default\">\n\t\t\t\t<div class=\"elementor-widget-container\">\n\t\t\t\t\t<div class=\"elementor-spacer\">\n\t\t\t<div class=\"elementor-spacer-inner\"><\/div>\n\t\t<\/div>\n\t\t\t\t<\/div>\n\t\t\t\t<\/div>\n\t\t            <\/div>\r\n        <\/div>\r\n        \t\t\t<\/div>\n\t\t<\/section>\n\t\t        <section class=\"elementor-section elementor-top-section elementor-element elementor-element-8b47085 elementor-section-boxed elementor-section-height-default elementor-section-height-default pxl-type-header-none pxl-row-scroll-none pxl-bg-color-none pxl-section-overlay-none\" data-id=\"8b47085\" data-element_type=\"section\">\n\n                \n                <div class=\"elementor-container elementor-column-gap-default \">\n                <div class=\"elementor-column elementor-col-100 elementor-top-column elementor-element elementor-element-24ca9bc pxl-col-none pxl-column-none\" data-id=\"24ca9bc\" data-element_type=\"column\">\r\n        <div class=\"elementor-widget-wrap elementor-element-populated\">\r\n                     \r\n        \t\t<div class=\"elementor-element elementor-element-5b16e9e elementor-widget elementor-widget-accordion\" data-id=\"5b16e9e\" data-element_type=\"widget\" data-widget_type=\"accordion.default\">\n\t\t\t\t<div class=\"elementor-widget-container\">\n\t\t\t    <div class=\"pxl-accordion pxl-accordion1 style8 \" data-wow-delay=\"ms\">\r\n                    <div class=\"pxl--item \">\r\n                <h3 class=\"pxl-item--title\" data-target=\"#accordion-5b16e9e-6450-4d973cf\">\r\n                                        <span class=\"pxl-title--text\">Education<\/span>\r\n                    <i class=\"pxl-icon--plus\"><\/i>\r\n                <\/h3>\r\n                <div id=\"accordion-5b16e9e-6450-4d973cf\" class=\"pxl-item--content\" >Brevet \u00c9tude Profressionel Agricole, Lyc\u00e9e Le Mas Blanc (2013)<\/div>\r\n            <\/div>\r\n                    <div class=\"pxl--item \">\r\n                <h3 class=\"pxl-item--title\" data-target=\"#accordion-5b16e9e-6450-5f50866\">\r\n                                        <span class=\"pxl-title--text\">Languages<\/span>\r\n                    <i class=\"pxl-icon--plus\"><\/i>\r\n                <\/h3>\r\n                <div id=\"accordion-5b16e9e-6450-5f50866\" class=\"pxl-item--content\" >Spanish<br \/>\n<br \/>\nCatalan<br \/>\n<br \/>\nFrench<br \/>\n<br \/>\nPortuguese<br \/>\n<\/div>\r\n            <\/div>\r\n            <\/div>\r\n\t\t<\/div>\n\t\t\t\t<\/div>\n\t\t            <\/div>\r\n        <\/div>\r\n        \t\t\t<\/div>\n\t\t<\/section>\n\t\t\t\t<\/div>\n\t\t","protected":false},"excerpt":{"rendered":"<p>Linkedin Marta Llad\u00f3s Ala\u00f1a Assistant Description and experience Marta specializes in the preparation and filing of applications for residency, work permits, citizenship or naturalization, as well as all procedures and legal requirements to reside or work in the country. She ensures that clients comply with local and international immigration regulations, including verifying the terms and [&hellip;]<\/p>\n","protected":false},"author":3,"featured_media":0,"parent":0,"menu_order":0,"comment_status":"closed","ping_status":"closed","template":"","meta":{"footnotes":""},"class_list":["post-12154","page","type-page","status-publish","hentry"],"yoast_head":"<!-- This site is optimized with the Yoast SEO Premium plugin v25.3 (Yoast SEO v25.3) - https:\/\/yoast.com\/wordpress\/plugins\/seo\/ -->\n<title>Marta Llad\u00f3s Ala\u00f1a - Mesas Trigo lawyers<\/title>\n<meta name=\"description\" content=\"Marta Llad\u00f3s manages immigration, residency and permit procedures, ensuring compliance and comprehensive legal support\" \/>\n<meta name=\"robots\" content=\"index, follow, max-snippet:-1, max-image-preview:large, max-video-preview:-1\" \/>\n<link rel=\"canonical\" href=\"https:\/\/www.mtma.es\/marta-llados-alana\/\" \/>\n<meta property=\"og:locale\" content=\"en_US\" \/>\n<meta property=\"og:type\" content=\"article\" \/>\n<meta property=\"og:title\" content=\"Marta Llad\u00f3s Ala\u00f1a\" \/>\n<meta property=\"og:description\" content=\"Marta Llad\u00f3s manages immigration, residency and permit procedures, ensuring compliance and comprehensive legal support\" \/>\n<meta property=\"og:url\" content=\"https:\/\/www.mtma.es\/marta-llados-alana\/\" \/>\n<meta property=\"og:site_name\" content=\"Mesas Trigo Morales Arce\" \/>\n<meta property=\"article:modified_time\" content=\"2025-05-30T08:40:30+00:00\" \/>\n<meta property=\"og:image\" content=\"http:\/\/www.mesastrigoadvocats.com\/mtma\/wp-content\/uploads\/sites\/4\/2025\/03\/Marta.png\" \/>\n<meta name=\"twitter:card\" content=\"summary_large_image\" \/>\n<meta name=\"twitter:label1\" content=\"Est. reading time\" \/>\n\t<meta name=\"twitter:data1\" content=\"1 minute\" \/>\n<script type=\"application\/ld+json\" class=\"yoast-schema-graph\">{\"@context\":\"https:\/\/schema.org\",\"@graph\":[{\"@type\":\"WebPage\",\"@id\":\"https:\/\/www.mtma.es\/marta-llados-alana\/\",\"url\":\"https:\/\/www.mtma.es\/marta-llados-alana\/\",\"name\":\"Marta Llad\u00f3s Ala\u00f1a - Mesas Trigo lawyers\",\"isPartOf\":{\"@id\":\"https:\/\/www.mtma.es\/#website\"},\"primaryImageOfPage\":{\"@id\":\"https:\/\/www.mtma.es\/marta-llados-alana\/#primaryimage\"},\"image\":{\"@id\":\"https:\/\/www.mtma.es\/marta-llados-alana\/#primaryimage\"},\"thumbnailUrl\":\"http:\/\/www.mesastrigoadvocats.com\/mtma\/wp-content\/uploads\/sites\/4\/2025\/03\/Marta.png\",\"datePublished\":\"2025-02-04T08:29:26+00:00\",\"dateModified\":\"2025-05-30T08:40:30+00:00\",\"description\":\"Marta Llad\u00f3s manages immigration, residency and permit procedures, ensuring compliance and comprehensive legal support\",\"breadcrumb\":{\"@id\":\"https:\/\/www.mtma.es\/marta-llados-alana\/#breadcrumb\"},\"inLanguage\":\"en-US\",\"potentialAction\":[{\"@type\":\"ReadAction\",\"target\":[\"https:\/\/www.mtma.es\/marta-llados-alana\/\"]}]},{\"@type\":\"ImageObject\",\"inLanguage\":\"en-US\",\"@id\":\"https:\/\/www.mtma.es\/marta-llados-alana\/#primaryimage\",\"url\":\"http:\/\/www.mesastrigoadvocats.com\/mtma\/wp-content\/uploads\/sites\/4\/2025\/03\/Marta.png\",\"contentUrl\":\"http:\/\/www.mesastrigoadvocats.com\/mtma\/wp-content\/uploads\/sites\/4\/2025\/03\/Marta.png\"},{\"@type\":\"BreadcrumbList\",\"@id\":\"https:\/\/www.mtma.es\/marta-llados-alana\/#breadcrumb\",\"itemListElement\":[{\"@type\":\"ListItem\",\"position\":1,\"name\":\"Portada\",\"item\":\"https:\/\/www.mtma.es\/\"},{\"@type\":\"ListItem\",\"position\":2,\"name\":\"Marta Llad\u00f3s Ala\u00f1a\"}]},{\"@type\":\"WebSite\",\"@id\":\"https:\/\/www.mtma.es\/#website\",\"url\":\"https:\/\/www.mtma.es\/\",\"name\":\"Mesas Trigo\",\"description\":\"Business WordPress Theme\",\"publisher\":{\"@id\":\"https:\/\/www.mtma.es\/#organization\"},\"potentialAction\":[{\"@type\":\"SearchAction\",\"target\":{\"@type\":\"EntryPoint\",\"urlTemplate\":\"https:\/\/www.mtma.es\/?s={search_term_string}\"},\"query-input\":{\"@type\":\"PropertyValueSpecification\",\"valueRequired\":true,\"valueName\":\"search_term_string\"}}],\"inLanguage\":\"en-US\"},{\"@type\":\"Organization\",\"@id\":\"https:\/\/www.mtma.es\/#organization\",\"name\":\"Mesas Trigo\",\"url\":\"https:\/\/www.mtma.es\/\",\"logo\":{\"@type\":\"ImageObject\",\"inLanguage\":\"en-US\",\"@id\":\"https:\/\/www.mtma.es\/#\/schema\/logo\/image\/\",\"url\":\"https:\/\/www.mtma.es\/wp-content\/uploads\/sites\/4\/2024\/11\/cropped-favicon-mesas-trigo.png\",\"contentUrl\":\"https:\/\/www.mtma.es\/wp-content\/uploads\/sites\/4\/2024\/11\/cropped-favicon-mesas-trigo.png\",\"width\":512,\"height\":245,\"caption\":\"Mesas Trigo\"},\"image\":{\"@id\":\"https:\/\/www.mtma.es\/#\/schema\/logo\/image\/\"}}]}<\/script>\n<!-- \/ Yoast SEO Premium plugin. -->","yoast_head_json":{"title":"Marta Llad\u00f3s Ala\u00f1a - Mesas Trigo lawyers","description":"Marta Llad\u00f3s manages immigration, residency and permit procedures, ensuring compliance and comprehensive legal support","robots":{"index":"index","follow":"follow","max-snippet":"max-snippet:-1","max-image-preview":"max-image-preview:large","max-video-preview":"max-video-preview:-1"},"canonical":"https:\/\/www.mtma.es\/marta-llados-alana\/","og_locale":"en_US","og_type":"article","og_title":"Marta Llad\u00f3s Ala\u00f1a","og_description":"Marta Llad\u00f3s manages immigration, residency and permit procedures, ensuring compliance and comprehensive legal support","og_url":"https:\/\/www.mtma.es\/marta-llados-alana\/","og_site_name":"Mesas Trigo Morales Arce","article_modified_time":"2025-05-30T08:40:30+00:00","og_image":[{"url":"http:\/\/www.mesastrigoadvocats.com\/mtma\/wp-content\/uploads\/sites\/4\/2025\/03\/Marta.png","type":"","width":"","height":""}],"twitter_card":"summary_large_image","twitter_misc":{"Est. reading time":"1 minute"},"schema":{"@context":"https:\/\/schema.org","@graph":[{"@type":"WebPage","@id":"https:\/\/www.mtma.es\/marta-llados-alana\/","url":"https:\/\/www.mtma.es\/marta-llados-alana\/","name":"Marta Llad\u00f3s Ala\u00f1a - Mesas Trigo lawyers","isPartOf":{"@id":"https:\/\/www.mtma.es\/#website"},"primaryImageOfPage":{"@id":"https:\/\/www.mtma.es\/marta-llados-alana\/#primaryimage"},"image":{"@id":"https:\/\/www.mtma.es\/marta-llados-alana\/#primaryimage"},"thumbnailUrl":"http:\/\/www.mesastrigoadvocats.com\/mtma\/wp-content\/uploads\/sites\/4\/2025\/03\/Marta.png","datePublished":"2025-02-04T08:29:26+00:00","dateModified":"2025-05-30T08:40:30+00:00","description":"Marta Llad\u00f3s manages immigration, residency and permit procedures, ensuring compliance and comprehensive legal support","breadcrumb":{"@id":"https:\/\/www.mtma.es\/marta-llados-alana\/#breadcrumb"},"inLanguage":"en-US","potentialAction":[{"@type":"ReadAction","target":["https:\/\/www.mtma.es\/marta-llados-alana\/"]}]},{"@type":"ImageObject","inLanguage":"en-US","@id":"https:\/\/www.mtma.es\/marta-llados-alana\/#primaryimage","url":"http:\/\/www.mesastrigoadvocats.com\/mtma\/wp-content\/uploads\/sites\/4\/2025\/03\/Marta.png","contentUrl":"http:\/\/www.mesastrigoadvocats.com\/mtma\/wp-content\/uploads\/sites\/4\/2025\/03\/Marta.png"},{"@type":"BreadcrumbList","@id":"https:\/\/www.mtma.es\/marta-llados-alana\/#breadcrumb","itemListElement":[{"@type":"ListItem","position":1,"name":"Portada","item":"https:\/\/www.mtma.es\/"},{"@type":"ListItem","position":2,"name":"Marta Llad\u00f3s Ala\u00f1a"}]},{"@type":"WebSite","@id":"https:\/\/www.mtma.es\/#website","url":"https:\/\/www.mtma.es\/","name":"Mesas Trigo","description":"Business WordPress Theme","publisher":{"@id":"https:\/\/www.mtma.es\/#organization"},"potentialAction":[{"@type":"SearchAction","target":{"@type":"EntryPoint","urlTemplate":"https:\/\/www.mtma.es\/?s={search_term_string}"},"query-input":{"@type":"PropertyValueSpecification","valueRequired":true,"valueName":"search_term_string"}}],"inLanguage":"en-US"},{"@type":"Organization","@id":"https:\/\/www.mtma.es\/#organization","name":"Mesas Trigo","url":"https:\/\/www.mtma.es\/","logo":{"@type":"ImageObject","inLanguage":"en-US","@id":"https:\/\/www.mtma.es\/#\/schema\/logo\/image\/","url":"https:\/\/www.mtma.es\/wp-content\/uploads\/sites\/4\/2024\/11\/cropped-favicon-mesas-trigo.png","contentUrl":"https:\/\/www.mtma.es\/wp-content\/uploads\/sites\/4\/2024\/11\/cropped-favicon-mesas-trigo.png","width":512,"height":245,"caption":"Mesas Trigo"},"image":{"@id":"https:\/\/www.mtma.es\/#\/schema\/logo\/image\/"}}]}},"_links":{"self":[{"href":"https:\/\/www.mtma.es\/en\/wp-json\/wp\/v2\/pages\/12154","targetHints":{"allow":["GET"]}}],"collection":[{"href":"https:\/\/www.mtma.es\/en\/wp-json\/wp\/v2\/pages"}],"about":[{"href":"https:\/\/www.mtma.es\/en\/wp-json\/wp\/v2\/types\/page"}],"author":[{"embeddable":true,"href":"https:\/\/www.mtma.es\/en\/wp-json\/wp\/v2\/users\/3"}],"replies":[{"embeddable":true,"href":"https:\/\/www.mtma.es\/en\/wp-json\/wp\/v2\/comments?post=12154"}],"version-history":[{"count":3,"href":"https:\/\/www.mtma.es\/en\/wp-json\/wp\/v2\/pages\/12154\/revisions"}],"predecessor-version":[{"id":12157,"href":"https:\/\/www.mtma.es\/en\/wp-json\/wp\/v2\/pages\/12154\/revisions\/12157"}],"wp:attachment":[{"href":"https:\/\/www.mtma.es\/en\/wp-json\/wp\/v2\/media?parent=12154"}],"curies":[{"name":"wp","href":"https:\/\/api.w.org\/{rel}","templated":true}]}}