{"id":11771,"date":"2022-02-17T01:52:48","date_gmt":"2022-02-17T01:52:48","guid":{"rendered":"http:\/\/www.mesastrigo-advocats.com\/contacto\/"},"modified":"2025-10-14T06:39:06","modified_gmt":"2025-10-14T06:39:06","slug":"contact","status":"publish","type":"page","link":"https:\/\/www.mtma.es\/fr\/contact\/","title":{"rendered":"Contact"},"content":{"rendered":"\t\t<div data-elementor-type=\"wp-page\" data-elementor-id=\"11771\" class=\"elementor elementor-11771 elementor-41\">\n\t\t\t\t        <section class=\"elementor-section elementor-top-section elementor-element elementor-element-4e53c61 elementor-section-boxed elementor-section-height-default elementor-section-height-default pxl-type-header-none pxl-row-scroll-none pxl-bg-color-none pxl-section-overlay-none\" data-id=\"4e53c61\" data-element_type=\"section\">\n\n                \n                <div class=\"elementor-container elementor-column-gap-extended \">\n                <div class=\"elementor-column elementor-col-100 elementor-top-column elementor-element elementor-element-f04adb0 pxl-col-none pxl-column-none\" data-id=\"f04adb0\" data-element_type=\"column\">\r\n        <div class=\"elementor-widget-wrap elementor-element-populated\">\r\n                     \r\n        \t\t<div class=\"elementor-element elementor-element-323f456 elementor-hidden-mobile elementor-widget elementor-widget-heading\" data-id=\"323f456\" data-element_type=\"widget\" data-widget_type=\"heading.default\">\n\t\t\t\t<div class=\"elementor-widget-container\">\n\t\t\t<div id=\"pxl-heading-323f456-1001\" class=\"pxl-heading typewriter-color\">\n\t<div class=\"pxl-heading--inner\">\n\t\t\n\t\t<div class=\"pxl-item--dividerwrap divider-position-left\">\n\t\t\t<div class=\"pxl-item--divider\"><\/div>\t\t\t<h2 class=\"pxl-item--title  highlight-default \" data-wow-delay=\"ms\">\n\t\t\t\tLaissez-nous votre message et nous vous contacterons.\n\t\t\n\t\t\t<\/h2>\n\t\t<\/div>\n\t\t\t<\/div>\n<\/div>\t\t<\/div>\n\t\t\t\t<\/div>\n\t\t\t\t<div class=\"elementor-element elementor-element-7450b7d elementor-hidden-desktop elementor-hidden-tablet elementor-widget elementor-widget-heading\" data-id=\"7450b7d\" data-element_type=\"widget\" data-widget_type=\"heading.default\">\n\t\t\t\t<div class=\"elementor-widget-container\">\n\t\t\t<div id=\"pxl-heading-7450b7d-1753\" class=\"pxl-heading typewriter-color\">\n\t<div class=\"pxl-heading--inner\">\n\t\t\n\t\t<div class=\"pxl-item--dividerwrap divider-position-left\">\n\t\t\t<div class=\"pxl-item--divider\"><\/div>\t\t\t<h2 class=\"pxl-item--title  highlight-default \" data-wow-delay=\"ms\">\n\t\t\t\tD\u00e9janos tu mensaje y te contactaremos\t\t\n\t\t\t<\/h2>\n\t\t<\/div>\n\t\t\t<\/div>\n<\/div>\t\t<\/div>\n\t\t\t\t<\/div>\n\t\t            <\/div>\r\n        <\/div>\r\n        \t\t\t<\/div>\n\t\t<\/section>\n\t\t        <section class=\"elementor-section elementor-top-section elementor-element elementor-element-830fccf elementor-section-boxed elementor-section-height-default elementor-section-height-default pxl-type-header-none pxl-row-scroll-none pxl-bg-color-none pxl-section-overlay-none\" data-id=\"830fccf\" data-element_type=\"section\">\n\n                \n                <div class=\"elementor-container elementor-column-gap-extended \">\n                <div class=\"elementor-column elementor-col-33 elementor-top-column elementor-element elementor-element-d2d6d4e pxl-col-none pxl-column-none\" data-id=\"d2d6d4e\" data-element_type=\"column\">\r\n        <div class=\"elementor-widget-wrap elementor-element-populated\">\r\n                     \r\n        \t\t<div class=\"elementor-element elementor-element-4566c32 elementor-hidden-mobile elementor-widget elementor-widget-heading\" data-id=\"4566c32\" data-element_type=\"widget\" data-widget_type=\"heading.default\">\n\t\t\t\t<div class=\"elementor-widget-container\">\n\t\t\t<div id=\"pxl-heading-4566c32-2767\" class=\"pxl-heading typewriter-color\">\n\t<div class=\"pxl-heading--inner\">\n\t\t\n\t\t\t\t\t<h3 class=\"pxl-item--title  highlight-default \" data-wow-delay=\"ms\">\n\t\t\t\tNos bureaux\n\t\t\n\t\t\t<\/h3>\n\t\t\n\t\t\t<\/div>\n<\/div>\t\t<\/div>\n\t\t\t\t<\/div>\n\t\t\t\t<div class=\"elementor-element elementor-element-7d194f8 elementor-hidden-desktop elementor-hidden-tablet elementor-widget elementor-widget-heading\" data-id=\"7d194f8\" data-element_type=\"widget\" data-widget_type=\"heading.default\">\n\t\t\t\t<div class=\"elementor-widget-container\">\n\t\t\t<div id=\"pxl-heading-7d194f8-1400\" class=\"pxl-heading typewriter-color\">\n\t<div class=\"pxl-heading--inner\">\n\t\t\n\t\t\t\t\t<h3 class=\"pxl-item--title  highlight-default \" data-wow-delay=\"ms\">\n\t\t\t\tNuestras oficinas\t\t\n\t\t\t<\/h3>\n\t\t\n\t\t\t<\/div>\n<\/div>\t\t<\/div>\n\t\t\t\t<\/div>\n\t\t\t\t<div class=\"elementor-element elementor-element-4adba8d elementor-widget elementor-widget-spacer\" data-id=\"4adba8d\" data-element_type=\"widget\" data-widget_type=\"spacer.default\">\n\t\t\t\t<div class=\"elementor-widget-container\">\n\t\t\t\t\t<div class=\"elementor-spacer\">\n\t\t\t<div class=\"elementor-spacer-inner\"><\/div>\n\t\t<\/div>\n\t\t\t\t<\/div>\n\t\t\t\t<\/div>\n\t\t\t\t<div class=\"elementor-element elementor-element-6f47a87 elementor-hidden-mobile elementor-list-item-link-full_width elementor-widget elementor-widget-icon-list\" data-id=\"6f47a87\" data-element_type=\"widget\" data-widget_type=\"icon-list.default\">\n\t\t\t\t<div class=\"elementor-widget-container\">\n\t\t\t\t\t<ul class=\"elementor-icon-list-items\">\n\t\t\t\t\t\t\t<li class=\"elementor-icon-list-item\">\n\t\t\t\t\t\t\t\t\t\t\t<span class=\"elementor-icon-list-icon\">\n\t\t\t\t\t\t\t<i aria-hidden=\"true\" class=\"flaticon flaticon-location\"><\/i>\t\t\t\t\t\t<\/span>\n\t\t\t\t\t\t\t\t\t\t<span class=\"elementor-icon-list-text\">Calle Orense, 11; 2\u00baN - 28020 Madrid, Espa\u00f1a<\/span>\n\t\t\t\t\t\t\t\t\t<\/li>\n\t\t\t\t\t\t\t\t<li class=\"elementor-icon-list-item\">\n\t\t\t\t\t\t\t\t\t\t<span class=\"elementor-icon-list-text\"><\/span>\n\t\t\t\t\t\t\t\t\t<\/li>\n\t\t\t\t\t\t\t\t<li class=\"elementor-icon-list-item\">\n\t\t\t\t\t\t\t\t\t\t\t<span class=\"elementor-icon-list-icon\">\n\t\t\t\t\t\t\t<i aria-hidden=\"true\" class=\"fal fa-phone-alt\"><\/i>\t\t\t\t\t\t<\/span>\n\t\t\t\t\t\t\t\t\t\t<span class=\"elementor-icon-list-text\">+34 919 401 448<\/span>\n\t\t\t\t\t\t\t\t\t<\/li>\n\t\t\t\t\t\t<\/ul>\n\t\t\t\t<\/div>\n\t\t\t\t<\/div>\n\t\t\t\t<div class=\"elementor-element elementor-element-4aad7e5 elementor-mobile-align-center elementor-hidden-desktop elementor-hidden-tablet elementor-icon-list--layout-traditional elementor-list-item-link-full_width elementor-widget elementor-widget-icon-list\" data-id=\"4aad7e5\" data-element_type=\"widget\" data-widget_type=\"icon-list.default\">\n\t\t\t\t<div class=\"elementor-widget-container\">\n\t\t\t\t\t<ul class=\"elementor-icon-list-items\">\n\t\t\t\t\t\t\t<li class=\"elementor-icon-list-item\">\n\t\t\t\t\t\t\t\t\t\t<span class=\"elementor-icon-list-text\">Avinguda Meritxell, 75, 3era planta, despatxos 11-12  AD500 Andorra la Vella, Principat d\u2019Andorra<\/span>\n\t\t\t\t\t\t\t\t\t<\/li>\n\t\t\t\t\t\t\t\t<li class=\"elementor-icon-list-item\">\n\t\t\t\t\t\t\t\t\t\t<span class=\"elementor-icon-list-text\">+34 919 404 448<\/span>\n\t\t\t\t\t\t\t\t\t<\/li>\n\t\t\t\t\t\t<\/ul>\n\t\t\t\t<\/div>\n\t\t\t\t<\/div>\n\t\t            <\/div>\r\n        <\/div>\r\n                <div class=\"elementor-column elementor-col-33 elementor-top-column elementor-element elementor-element-9d86420 pxl-col-none pxl-column-none\" data-id=\"9d86420\" data-element_type=\"column\">\r\n        <div class=\"elementor-widget-wrap elementor-element-populated\">\r\n                     \r\n        \t\t<div class=\"elementor-element elementor-element-e997653 elementor-widget elementor-widget-spacer\" data-id=\"e997653\" data-element_type=\"widget\" data-widget_type=\"spacer.default\">\n\t\t\t\t<div class=\"elementor-widget-container\">\n\t\t\t\t\t<div class=\"elementor-spacer\">\n\t\t\t<div class=\"elementor-spacer-inner\"><\/div>\n\t\t<\/div>\n\t\t\t\t<\/div>\n\t\t\t\t<\/div>\n\t\t            <\/div>\r\n        <\/div>\r\n                <div class=\"elementor-column elementor-col-33 elementor-top-column elementor-element elementor-element-70de3e6 pxl-col-none pxl-column-none\" data-id=\"70de3e6\" data-element_type=\"column\">\r\n        <div class=\"elementor-widget-wrap elementor-element-populated\">\r\n                     \r\n        \t\t<div class=\"elementor-element elementor-element-13014b0 elementor-widget elementor-widget-contact_form\" data-id=\"13014b0\" data-element_type=\"widget\" data-widget_type=\"contact_form.default\">\n\t\t\t\t<div class=\"elementor-widget-container\">\n\t\t\t    <div class=\"pxl-contact-form pxl-contact-form1 notice-style1 box-style-none button-style1 btn-w-auto \" data-wow-delay=\"ms\">\r\n                \n<div class=\"wpcf7 no-js\" id=\"wpcf7-f11763-o1\" lang=\"fr-FR\" dir=\"ltr\" data-wpcf7-id=\"11763\">\n<div class=\"screen-reader-response\"><p role=\"status\" aria-live=\"polite\" aria-atomic=\"true\"><\/p> <ul><\/ul><\/div>\n<form action=\"\/fr\/wp-json\/wp\/v2\/pages\/11771#wpcf7-f11763-o1\" method=\"post\" class=\"wpcf7-form init\" aria-label=\"Formulaire de contact\" novalidate=\"novalidate\" data-status=\"init\">\n<div style=\"display: none;\">\n<input type=\"hidden\" name=\"_wpcf7\" value=\"11763\" \/>\n<input type=\"hidden\" name=\"_wpcf7_version\" value=\"6.0.6\" \/>\n<input type=\"hidden\" name=\"_wpcf7_locale\" value=\"fr_FR\" \/>\n<input type=\"hidden\" name=\"_wpcf7_unit_tag\" value=\"wpcf7-f11763-o1\" \/>\n<input type=\"hidden\" name=\"_wpcf7_container_post\" value=\"0\" \/>\n<input type=\"hidden\" name=\"_wpcf7_posted_data_hash\" value=\"\" \/>\n<\/div>\n<p><label> Votre nom<br \/>\n<span class=\"wpcf7-form-control-wrap\" data-name=\"your-name\"><input size=\"40\" maxlength=\"400\" class=\"wpcf7-form-control wpcf7-text wpcf7-validates-as-required\" aria-required=\"true\" aria-invalid=\"false\" value=\"\" type=\"text\" name=\"your-name\" \/><\/span> <\/label>\n<\/p>\n<p><label> Adresse e-mail<br \/>\n<span class=\"wpcf7-form-control-wrap\" data-name=\"your-email\"><input size=\"40\" maxlength=\"400\" class=\"wpcf7-form-control wpcf7-email wpcf7-validates-as-required wpcf7-text wpcf7-validates-as-email\" aria-required=\"true\" aria-invalid=\"false\" value=\"\" type=\"email\" name=\"your-email\" \/><\/span> <\/label>\n<\/p>\n<p><label> T\u00e9l\u00e9phone<br \/>\n<span class=\"wpcf7-form-control-wrap\" data-name=\"tel-370\"><input size=\"40\" maxlength=\"400\" class=\"wpcf7-form-control wpcf7-tel wpcf7-validates-as-required wpcf7-text wpcf7-validates-as-tel\" aria-required=\"true\" aria-invalid=\"false\" value=\"\" type=\"tel\" name=\"tel-370\" \/><\/span> <\/label>\n<\/p>\n<p><label> Sujet<br \/>\n<span class=\"wpcf7-form-control-wrap\" data-name=\"your-subject\"><input size=\"40\" maxlength=\"400\" class=\"wpcf7-form-control wpcf7-text wpcf7-validates-as-required\" aria-required=\"true\" aria-invalid=\"false\" value=\"\" type=\"text\" name=\"your-subject\" \/><\/span> <\/label>\n<\/p>\n<p><label> Votre message (facultatif)<br \/>\n<span class=\"wpcf7-form-control-wrap\" data-name=\"your-message\"><textarea cols=\"40\" rows=\"10\" maxlength=\"2000\" class=\"wpcf7-form-control wpcf7-textarea\" aria-invalid=\"false\" name=\"your-message\"><\/textarea><\/span> <\/label>\n<\/p>\n<p><span class=\"wpcf7-form-control-wrap\" data-name=\"acceptance-911\"><span class=\"wpcf7-form-control wpcf7-acceptance\"><span class=\"wpcf7-list-item\"><label><input type=\"checkbox\" name=\"acceptance-911\" value=\"1\" aria-invalid=\"false\" \/><span class=\"wpcf7-list-item-label\">J\u2019accepte la politique de confidentialit\u00e9<\/span><\/label><\/span><\/span><\/span>\n<\/p>\n<p><input class=\"wpcf7-form-control wpcf7-submit has-spinner\" type=\"submit\" value=\"Envoyer\" \/>\n<\/p><div class=\"wpcf7-response-output\" aria-hidden=\"true\"><\/div>\n<\/form>\n<\/div>\n    <\/div>\r\n\t\t<\/div>\n\t\t\t\t<\/div>\n\t\t            <\/div>\r\n        <\/div>\r\n        \t\t\t<\/div>\n\t\t<\/section>\n\t\t        <section class=\"elementor-section elementor-top-section elementor-element elementor-element-83b48c7 elementor-section-content-bottom elementor-hidden-desktop elementor-hidden-tablet elementor-hidden-mobile elementor-section-boxed elementor-section-height-default elementor-section-height-default pxl-type-header-none pxl-row-scroll-none pxl-bg-color-none pxl-section-overlay-none\" data-id=\"83b48c7\" data-element_type=\"section\" data-settings=\"{&quot;background_background&quot;:&quot;classic&quot;}\">\n\n                \n                <div class=\"elementor-container elementor-column-gap-extended \">\n                <div class=\"elementor-column elementor-col-50 elementor-top-column elementor-element elementor-element-9be91ad pxl-col-none pxl-column-none\" data-id=\"9be91ad\" data-element_type=\"column\">\r\n        <div class=\"elementor-widget-wrap elementor-element-populated\">\r\n                     \r\n        \t\t<div class=\"elementor-element elementor-element-4c19b1c elementor-widget elementor-widget-heading\" data-id=\"4c19b1c\" data-element_type=\"widget\" data-widget_type=\"heading.default\">\n\t\t\t\t<div class=\"elementor-widget-container\">\n\t\t\t<div id=\"pxl-heading-4c19b1c-6584\" class=\"pxl-heading typewriter-color\">\n\t<div class=\"pxl-heading--inner\">\n\t\t\n\t\t\t\t\t<h3 class=\"pxl-item--title  highlight-default \" data-wow-delay=\"ms\">\n\t\t\t\tConsulta las preguntas m\u00e1s frecuentes aqu\u00ed\t\t\n\t\t\t<\/h3>\n\t\t\n\t\t\t<\/div>\n<\/div>\t\t<\/div>\n\t\t\t\t<\/div>\n\t\t\t\t<div class=\"elementor-element elementor-element-84c618d elementor-widget elementor-widget-accordion\" data-id=\"84c618d\" data-element_type=\"widget\" data-widget_type=\"accordion.default\">\n\t\t\t\t<div class=\"elementor-widget-container\">\n\t\t\t    <div class=\"pxl-accordion pxl-accordion1 style8 \" data-wow-delay=\"ms\">\r\n                    <div class=\"pxl--item \">\r\n                <h3 class=\"pxl-item--title\" data-target=\"#accordion-84c618d-4665-8c864ca\">\r\n                                        <span class=\"pxl-title--text\">What is the best time to get architectural plans?<\/span>\r\n                    <i class=\"pxl-icon--plus\"><\/i>\r\n                <\/h3>\r\n                <div id=\"accordion-84c618d-4665-8c864ca\" class=\"pxl-item--content\" >Building work can commence at any time of the year in the UK, we can have wet summers and dry winters, so don\u2019t delay your preparation for an ideal time of year. Another factor is finance, some projects may need to be completed for a specific deadline or in a certain amount of time.<\/div>\r\n            <\/div>\r\n                    <div class=\"pxl--item \">\r\n                <h3 class=\"pxl-item--title\" data-target=\"#accordion-84c618d-4665-903081a\">\r\n                                        <span class=\"pxl-title--text\">How long will it take to complete the drawings?<\/span>\r\n                    <i class=\"pxl-icon--plus\"><\/i>\r\n                <\/h3>\r\n                <div id=\"accordion-84c618d-4665-903081a\" class=\"pxl-item--content\" >Building work can commence at any time of the year in the UK, we can have wet summers and dry winters, so don\u2019t delay your preparation for an ideal time of year. Another factor is finance, some projects may need to be completed for a specific deadline or in a certain amount of time.<\/div>\r\n            <\/div>\r\n                    <div class=\"pxl--item \">\r\n                <h3 class=\"pxl-item--title\" data-target=\"#accordion-84c618d-4665-8028505\">\r\n                                        <span class=\"pxl-title--text\">What happens during the construction phase?<\/span>\r\n                    <i class=\"pxl-icon--plus\"><\/i>\r\n                <\/h3>\r\n                <div id=\"accordion-84c618d-4665-8028505\" class=\"pxl-item--content\" >Building work can commence at any time of the year in the UK, we can have wet summers and dry winters, so don\u2019t delay your preparation for an ideal time of year. Another factor is finance, some projects may need to be completed for a specific deadline or in a certain amount of time.<\/div>\r\n            <\/div>\r\n                    <div class=\"pxl--item \">\r\n                <h3 class=\"pxl-item--title\" data-target=\"#accordion-84c618d-4665-e077881\">\r\n                                        <span class=\"pxl-title--text\">When is it a good time to involve a builder?<\/span>\r\n                    <i class=\"pxl-icon--plus\"><\/i>\r\n                <\/h3>\r\n                <div id=\"accordion-84c618d-4665-e077881\" class=\"pxl-item--content\" >Building work can commence at any time of the year in the UK, we can have wet summers and dry winters, so don\u2019t delay your preparation for an ideal time of year. Another factor is finance, some projects may need to be completed for a specific deadline or in a certain amount of time.<\/div>\r\n            <\/div>\r\n            <\/div>\r\n\t\t<\/div>\n\t\t\t\t<\/div>\n\t\t            <\/div>\r\n        <\/div>\r\n                <div class=\"elementor-column elementor-col-50 elementor-top-column elementor-element elementor-element-6e313ed pxl-col-none pxl-column-none\" data-id=\"6e313ed\" data-element_type=\"column\">\r\n        <div class=\"elementor-widget-wrap elementor-element-populated\">\r\n                     \r\n        \t\t<div class=\"elementor-element elementor-element-2dc3ac6 elementor-widget elementor-widget-pxl_image\" data-id=\"2dc3ac6\" data-element_type=\"widget\" data-widget_type=\"pxl_image.default\">\n\t\t\t\t<div class=\"elementor-widget-container\">\n\t\t\t<div id=\"pxl_image-2dc3ac6-7014\" class=\"pxl-image-single pxl-hover1  wow skewIn\" data-wow-delay=\"ms\" >\r\n    \r\n                        <div class=\"pxl-item--inner\">\r\n                                            <img fetchpriority=\"high\" decoding=\"async\" width=\"1709\" height=\"2560\" src=\"https:\/\/www.mtma.es\/wp-content\/uploads\/sites\/4\/2024\/11\/reunion-scaled.jpg\" class=\"no-lazyload attachment-full\" alt=\"\" \/>                                    <\/div>\r\n                \r\n    <\/div>\t\t<\/div>\n\t\t\t\t<\/div>\n\t\t            <\/div>\r\n        <\/div>\r\n        \t\t\t<\/div>\n\t\t<\/section>\n\t\t\t\t<\/div>\n\t\t","protected":false},"excerpt":{"rendered":"<p>Laissez-nous votre message et nous vous contacterons. D\u00e9janos tu mensaje y te contactaremos Nos bureaux Nuestras oficinas Calle Orense, 11; 2\u00baN &#8211; 28020 Madrid, Espa\u00f1a +34 919 401 448 Avinguda Meritxell, 75, 3era planta, despatxos 11-12 AD500 Andorra la Vella, Principat d\u2019Andorra +34 919 404 448 Tu nombre Correo electr\u00f3nico Tel\u00e9fono Asunto Tu mensaje (opcional) [&hellip;]<\/p>\n","protected":false},"author":3,"featured_media":0,"parent":0,"menu_order":0,"comment_status":"closed","ping_status":"closed","template":"","meta":{"footnotes":""},"class_list":["post-11771","page","type-page","status-publish","hentry"],"yoast_head":"<!-- This site is optimized with the Yoast SEO Premium plugin v25.3 (Yoast SEO v25.3) - https:\/\/yoast.com\/wordpress\/plugins\/seo\/ -->\n<title>Contact - Mesas Trigo Morales Arce<\/title>\n<meta name=\"description\" content=\"Estamos a tu disposici\u00f3n en Madrid. Escr\u00edbenos y descubre c\u00f3mo podemos ayudarte con soluciones legales y fiscales a medida\" \/>\n<meta name=\"robots\" content=\"index, follow, max-snippet:-1, max-image-preview:large, max-video-preview:-1\" \/>\n<link rel=\"canonical\" href=\"https:\/\/www.mtma.es\/fr\/contact\/\" \/>\n<meta property=\"og:locale\" content=\"fr_FR\" \/>\n<meta property=\"og:type\" content=\"article\" \/>\n<meta property=\"og:title\" content=\"Contact\" \/>\n<meta property=\"og:description\" content=\"Estamos a tu disposici\u00f3n en Madrid. Escr\u00edbenos y descubre c\u00f3mo podemos ayudarte con soluciones legales y fiscales a medida\" \/>\n<meta property=\"og:url\" content=\"https:\/\/www.mtma.es\/fr\/contact\/\" \/>\n<meta property=\"og:site_name\" content=\"Mesas Trigo Morales Arce\" \/>\n<meta property=\"article:modified_time\" content=\"2025-10-14T06:39:06+00:00\" \/>\n<meta property=\"og:image\" content=\"http:\/\/www.mtma.es\/wp-content\/uploads\/sites\/4\/2024\/11\/reunion-scaled.jpg\" \/>\n<meta name=\"twitter:card\" content=\"summary_large_image\" \/>\n<meta name=\"twitter:label1\" content=\"Dur\u00e9e de lecture estim\u00e9e\" \/>\n\t<meta name=\"twitter:data1\" content=\"2 minutes\" \/>\n<script type=\"application\/ld+json\" class=\"yoast-schema-graph\">{\"@context\":\"https:\/\/schema.org\",\"@graph\":[{\"@type\":\"WebPage\",\"@id\":\"https:\/\/www.mtma.es\/fr\/contact\/\",\"url\":\"https:\/\/www.mtma.es\/fr\/contact\/\",\"name\":\"Contact - Mesas Trigo Morales Arce\",\"isPartOf\":{\"@id\":\"https:\/\/www.mtma.es\/#website\"},\"primaryImageOfPage\":{\"@id\":\"https:\/\/www.mtma.es\/fr\/contact\/#primaryimage\"},\"image\":{\"@id\":\"https:\/\/www.mtma.es\/fr\/contact\/#primaryimage\"},\"thumbnailUrl\":\"http:\/\/www.mtma.es\/wp-content\/uploads\/sites\/4\/2024\/11\/reunion-scaled.jpg\",\"datePublished\":\"2022-02-17T01:52:48+00:00\",\"dateModified\":\"2025-10-14T06:39:06+00:00\",\"description\":\"Estamos a tu disposici\u00f3n en Madrid. Escr\u00edbenos y descubre c\u00f3mo podemos ayudarte con soluciones legales y fiscales a medida\",\"breadcrumb\":{\"@id\":\"https:\/\/www.mtma.es\/fr\/contact\/#breadcrumb\"},\"inLanguage\":\"fr-FR\",\"potentialAction\":[{\"@type\":\"ReadAction\",\"target\":[\"https:\/\/www.mtma.es\/fr\/contact\/\"]}]},{\"@type\":\"ImageObject\",\"inLanguage\":\"fr-FR\",\"@id\":\"https:\/\/www.mtma.es\/fr\/contact\/#primaryimage\",\"url\":\"http:\/\/www.mtma.es\/wp-content\/uploads\/sites\/4\/2024\/11\/reunion-scaled.jpg\",\"contentUrl\":\"http:\/\/www.mtma.es\/wp-content\/uploads\/sites\/4\/2024\/11\/reunion-scaled.jpg\"},{\"@type\":\"BreadcrumbList\",\"@id\":\"https:\/\/www.mtma.es\/fr\/contact\/#breadcrumb\",\"itemListElement\":[{\"@type\":\"ListItem\",\"position\":1,\"name\":\"Portada\",\"item\":\"https:\/\/www.mtma.es\/\"},{\"@type\":\"ListItem\",\"position\":2,\"name\":\"Contact\"}]},{\"@type\":\"WebSite\",\"@id\":\"https:\/\/www.mtma.es\/#website\",\"url\":\"https:\/\/www.mtma.es\/\",\"name\":\"Mesas Trigo\",\"description\":\"Business WordPress Theme\",\"publisher\":{\"@id\":\"https:\/\/www.mtma.es\/#organization\"},\"potentialAction\":[{\"@type\":\"SearchAction\",\"target\":{\"@type\":\"EntryPoint\",\"urlTemplate\":\"https:\/\/www.mtma.es\/?s={search_term_string}\"},\"query-input\":{\"@type\":\"PropertyValueSpecification\",\"valueRequired\":true,\"valueName\":\"search_term_string\"}}],\"inLanguage\":\"fr-FR\"},{\"@type\":\"Organization\",\"@id\":\"https:\/\/www.mtma.es\/#organization\",\"name\":\"Mesas Trigo\",\"url\":\"https:\/\/www.mtma.es\/\",\"logo\":{\"@type\":\"ImageObject\",\"inLanguage\":\"fr-FR\",\"@id\":\"https:\/\/www.mtma.es\/#\/schema\/logo\/image\/\",\"url\":\"https:\/\/www.mtma.es\/wp-content\/uploads\/sites\/4\/2024\/11\/cropped-favicon-mesas-trigo.png\",\"contentUrl\":\"https:\/\/www.mtma.es\/wp-content\/uploads\/sites\/4\/2024\/11\/cropped-favicon-mesas-trigo.png\",\"width\":512,\"height\":245,\"caption\":\"Mesas Trigo\"},\"image\":{\"@id\":\"https:\/\/www.mtma.es\/#\/schema\/logo\/image\/\"}}]}<\/script>\n<!-- \/ Yoast SEO Premium plugin. -->","yoast_head_json":{"title":"Contact - Mesas Trigo Morales Arce","description":"Estamos a tu disposici\u00f3n en Madrid. Escr\u00edbenos y descubre c\u00f3mo podemos ayudarte con soluciones legales y fiscales a medida","robots":{"index":"index","follow":"follow","max-snippet":"max-snippet:-1","max-image-preview":"max-image-preview:large","max-video-preview":"max-video-preview:-1"},"canonical":"https:\/\/www.mtma.es\/fr\/contact\/","og_locale":"fr_FR","og_type":"article","og_title":"Contact","og_description":"Estamos a tu disposici\u00f3n en Madrid. Escr\u00edbenos y descubre c\u00f3mo podemos ayudarte con soluciones legales y fiscales a medida","og_url":"https:\/\/www.mtma.es\/fr\/contact\/","og_site_name":"Mesas Trigo Morales Arce","article_modified_time":"2025-10-14T06:39:06+00:00","og_image":[{"url":"http:\/\/www.mtma.es\/wp-content\/uploads\/sites\/4\/2024\/11\/reunion-scaled.jpg","type":"","width":"","height":""}],"twitter_card":"summary_large_image","twitter_misc":{"Dur\u00e9e de lecture estim\u00e9e":"2 minutes"},"schema":{"@context":"https:\/\/schema.org","@graph":[{"@type":"WebPage","@id":"https:\/\/www.mtma.es\/fr\/contact\/","url":"https:\/\/www.mtma.es\/fr\/contact\/","name":"Contact - Mesas Trigo Morales Arce","isPartOf":{"@id":"https:\/\/www.mtma.es\/#website"},"primaryImageOfPage":{"@id":"https:\/\/www.mtma.es\/fr\/contact\/#primaryimage"},"image":{"@id":"https:\/\/www.mtma.es\/fr\/contact\/#primaryimage"},"thumbnailUrl":"http:\/\/www.mtma.es\/wp-content\/uploads\/sites\/4\/2024\/11\/reunion-scaled.jpg","datePublished":"2022-02-17T01:52:48+00:00","dateModified":"2025-10-14T06:39:06+00:00","description":"Estamos a tu disposici\u00f3n en Madrid. Escr\u00edbenos y descubre c\u00f3mo podemos ayudarte con soluciones legales y fiscales a medida","breadcrumb":{"@id":"https:\/\/www.mtma.es\/fr\/contact\/#breadcrumb"},"inLanguage":"fr-FR","potentialAction":[{"@type":"ReadAction","target":["https:\/\/www.mtma.es\/fr\/contact\/"]}]},{"@type":"ImageObject","inLanguage":"fr-FR","@id":"https:\/\/www.mtma.es\/fr\/contact\/#primaryimage","url":"http:\/\/www.mtma.es\/wp-content\/uploads\/sites\/4\/2024\/11\/reunion-scaled.jpg","contentUrl":"http:\/\/www.mtma.es\/wp-content\/uploads\/sites\/4\/2024\/11\/reunion-scaled.jpg"},{"@type":"BreadcrumbList","@id":"https:\/\/www.mtma.es\/fr\/contact\/#breadcrumb","itemListElement":[{"@type":"ListItem","position":1,"name":"Portada","item":"https:\/\/www.mtma.es\/"},{"@type":"ListItem","position":2,"name":"Contact"}]},{"@type":"WebSite","@id":"https:\/\/www.mtma.es\/#website","url":"https:\/\/www.mtma.es\/","name":"Mesas Trigo","description":"Business WordPress Theme","publisher":{"@id":"https:\/\/www.mtma.es\/#organization"},"potentialAction":[{"@type":"SearchAction","target":{"@type":"EntryPoint","urlTemplate":"https:\/\/www.mtma.es\/?s={search_term_string}"},"query-input":{"@type":"PropertyValueSpecification","valueRequired":true,"valueName":"search_term_string"}}],"inLanguage":"fr-FR"},{"@type":"Organization","@id":"https:\/\/www.mtma.es\/#organization","name":"Mesas Trigo","url":"https:\/\/www.mtma.es\/","logo":{"@type":"ImageObject","inLanguage":"fr-FR","@id":"https:\/\/www.mtma.es\/#\/schema\/logo\/image\/","url":"https:\/\/www.mtma.es\/wp-content\/uploads\/sites\/4\/2024\/11\/cropped-favicon-mesas-trigo.png","contentUrl":"https:\/\/www.mtma.es\/wp-content\/uploads\/sites\/4\/2024\/11\/cropped-favicon-mesas-trigo.png","width":512,"height":245,"caption":"Mesas Trigo"},"image":{"@id":"https:\/\/www.mtma.es\/#\/schema\/logo\/image\/"}}]}},"_links":{"self":[{"href":"https:\/\/www.mtma.es\/fr\/wp-json\/wp\/v2\/pages\/11771","targetHints":{"allow":["GET"]}}],"collection":[{"href":"https:\/\/www.mtma.es\/fr\/wp-json\/wp\/v2\/pages"}],"about":[{"href":"https:\/\/www.mtma.es\/fr\/wp-json\/wp\/v2\/types\/page"}],"author":[{"embeddable":true,"href":"https:\/\/www.mtma.es\/fr\/wp-json\/wp\/v2\/users\/3"}],"replies":[{"embeddable":true,"href":"https:\/\/www.mtma.es\/fr\/wp-json\/wp\/v2\/comments?post=11771"}],"version-history":[{"count":18,"href":"https:\/\/www.mtma.es\/fr\/wp-json\/wp\/v2\/pages\/11771\/revisions"}],"predecessor-version":[{"id":13163,"href":"https:\/\/www.mtma.es\/fr\/wp-json\/wp\/v2\/pages\/11771\/revisions\/13163"}],"wp:attachment":[{"href":"https:\/\/www.mtma.es\/fr\/wp-json\/wp\/v2\/media?parent=11771"}],"curies":[{"name":"wp","href":"https:\/\/api.w.org\/{rel}","templated":true}]}}