{"id":11868,"date":"2024-11-28T17:02:01","date_gmt":"2024-11-28T17:02:01","guid":{"rendered":"http:\/\/www.mesastrigo-advocats.com\/jaime-mesas-tapia\/"},"modified":"2025-10-31T09:18:20","modified_gmt":"2025-10-31T09:18:20","slug":"antonio-morales-arce-yllera","status":"publish","type":"page","link":"https:\/\/www.mtma.es\/fr\/antonio-morales-arce-yllera\/","title":{"rendered":"Antonio Morales-Arce Yllera"},"content":{"rendered":"\t\t<div data-elementor-type=\"wp-page\" data-elementor-id=\"11868\" class=\"elementor elementor-11868 elementor-8667\">\n\t\t\t\t        <section class=\"elementor-section elementor-top-section elementor-element elementor-element-7c0dbe7 elementor-section-boxed elementor-section-height-default elementor-section-height-default pxl-type-header-none pxl-row-scroll-none pxl-bg-color-none pxl-section-overlay-none\" data-id=\"7c0dbe7\" data-element_type=\"section\" data-settings=\"{&quot;background_background&quot;:&quot;classic&quot;}\">\n\n                \n                <div class=\"elementor-container elementor-column-gap-default \">\n                <div class=\"elementor-column elementor-col-50 elementor-top-column elementor-element elementor-element-c1a1af1 pxl-col-none pxl-column-none\" data-id=\"c1a1af1\" data-element_type=\"column\">\r\n        <div class=\"elementor-widget-wrap elementor-element-populated\">\r\n                     \r\n        \t\t<div class=\"elementor-element elementor-element-fb2f3eb elementor-widget elementor-widget-spacer\" data-id=\"fb2f3eb\" data-element_type=\"widget\" data-widget_type=\"spacer.default\">\n\t\t\t\t<div class=\"elementor-widget-container\">\n\t\t\t\t\t<div class=\"elementor-spacer\">\n\t\t\t<div class=\"elementor-spacer-inner\"><\/div>\n\t\t<\/div>\n\t\t\t\t<\/div>\n\t\t\t\t<\/div>\n\t\t\t\t<div class=\"elementor-element elementor-element-3b6dea0 pxl-gradient elementor-widget elementor-widget-pxl_image\" data-id=\"3b6dea0\" data-element_type=\"widget\" data-widget_type=\"pxl_image.default\">\n\t\t\t\t<div class=\"elementor-widget-container\">\n\t\t\t<div id=\"pxl_image-3b6dea0-9803\" class=\"pxl-image-single  shape-gradient-left \" data-wow-delay=\"ms\" >\r\n    \r\n                        <div class=\"pxl-item--inner\">\r\n                                            <img fetchpriority=\"high\" decoding=\"async\" width=\"2560\" height=\"2233\" src=\"https:\/\/www.mtma.es\/wp-content\/uploads\/sites\/4\/2025\/07\/Antonio-Morales-Arce-scaled.jpg\" class=\"no-lazyload attachment-full\" alt=\"\" \/>                                    <\/div>\r\n                \r\n    <\/div>\t\t<\/div>\n\t\t\t\t<\/div>\n\t\t\t\t<div class=\"elementor-element elementor-element-8c6c947 elementor-widget elementor-widget-spacer\" data-id=\"8c6c947\" data-element_type=\"widget\" data-widget_type=\"spacer.default\">\n\t\t\t\t<div class=\"elementor-widget-container\">\n\t\t\t\t\t<div class=\"elementor-spacer\">\n\t\t\t<div class=\"elementor-spacer-inner\"><\/div>\n\t\t<\/div>\n\t\t\t\t<\/div>\n\t\t\t\t<\/div>\n\t\t            <\/div>\r\n        <\/div>\r\n                <div class=\"elementor-column elementor-col-50 elementor-top-column elementor-element elementor-element-1a5d153 pxl-col-none pxl-column-none\" data-id=\"1a5d153\" data-element_type=\"column\">\r\n        <div class=\"elementor-widget-wrap elementor-element-populated\">\r\n                     \r\n        \t\t<div class=\"elementor-element elementor-element-aaa459d elementor-widget elementor-widget-spacer\" data-id=\"aaa459d\" data-element_type=\"widget\" data-widget_type=\"spacer.default\">\n\t\t\t\t<div class=\"elementor-widget-container\">\n\t\t\t\t\t<div class=\"elementor-spacer\">\n\t\t\t<div class=\"elementor-spacer-inner\"><\/div>\n\t\t<\/div>\n\t\t\t\t<\/div>\n\t\t\t\t<\/div>\n\t\t\t\t<div class=\"elementor-element elementor-element-d8a251e elementor-widget elementor-widget-team_single\" data-id=\"d8a251e\" data-element_type=\"widget\" data-widget_type=\"team_single.default\">\n\t\t\t\t<div class=\"elementor-widget-container\">\n\t\t\t<div class=\"pxl-team-single pxl-team-single1 \" data-wow-delay=\"ms\">\r\n    <div class=\"pxl-item--inner\">\r\n                <div class=\"pxl-item--holder\">\r\n            <h4 class=\"pxl-item--title el-empty\">Antonio Morales-Arce Yllera<\/h4>\r\n            <div class=\"pxl-item--position el-empty\"><\/div>\r\n            <div class=\"pxl-item--description el-empty\">Associ\u00e9<\/div>\r\n        <\/div>\r\n    <\/div>\r\n<\/div>\t\t<\/div>\n\t\t\t\t<\/div>\n\t\t\t\t<div class=\"elementor-element elementor-element-d52f6d6 elementor-widget elementor-widget-spacer\" data-id=\"d52f6d6\" data-element_type=\"widget\" data-widget_type=\"spacer.default\">\n\t\t\t\t<div class=\"elementor-widget-container\">\n\t\t\t\t\t<div class=\"elementor-spacer\">\n\t\t\t<div class=\"elementor-spacer-inner\"><\/div>\n\t\t<\/div>\n\t\t\t\t<\/div>\n\t\t\t\t<\/div>\n\t\t        <section class=\"elementor-section elementor-inner-section elementor-element elementor-element-cf085b6 elementor-section-boxed elementor-section-height-default elementor-section-height-default pxl-type-header-none pxl-row-scroll-none pxl-bg-color-none pxl-section-overlay-none\" data-id=\"cf085b6\" data-element_type=\"section\">\n\n                \n                <div class=\"elementor-container elementor-column-gap-default \">\n                <div class=\"elementor-column elementor-col-50 elementor-inner-column elementor-element elementor-element-e5c0137 pxl-col-none pxl-column-none\" data-id=\"e5c0137\" data-element_type=\"column\">\r\n        <div class=\"elementor-widget-wrap elementor-element-populated\">\r\n                     \r\n        \t\t<div class=\"elementor-element elementor-element-c3d5378 elementor-shape-square e-grid-align-left elementor-widget__width-initial elementor-grid-0 elementor-widget elementor-widget-social-icons\" data-id=\"c3d5378\" data-element_type=\"widget\" data-widget_type=\"social-icons.default\">\n\t\t\t\t<div class=\"elementor-widget-container\">\n\t\t\t\t\t<div class=\"elementor-social-icons-wrapper elementor-grid\">\n\t\t\t\t\t\t\t<span class=\"elementor-grid-item\">\n\t\t\t\t\t<a class=\"elementor-icon elementor-social-icon elementor-social-icon-linkedin elementor-repeater-item-b2ecd59\" href=\"https:\/\/www.linkedin.com\/in\/antonio-morales-arce-yllera-185002183\/\" target=\"_blank\">\n\t\t\t\t\t\t<span class=\"elementor-screen-only\">Linkedin<\/span>\n\t\t\t\t\t\t<i class=\"fab fa-linkedin\"><\/i>\t\t\t\t\t<\/a>\n\t\t\t\t<\/span>\n\t\t\t\t\t<\/div>\n\t\t\t\t<\/div>\n\t\t\t\t<\/div>\n\t\t            <\/div>\r\n        <\/div>\r\n                <div class=\"elementor-column elementor-col-50 elementor-inner-column elementor-element elementor-element-ed393f9 pxl-col-none pxl-column-none\" data-id=\"ed393f9\" data-element_type=\"column\">\r\n        <div class=\"elementor-widget-wrap\">\r\n                     \r\n                    <\/div>\r\n        <\/div>\r\n        \t\t\t<\/div>\n\t\t<\/section>\n\t\t            <\/div>\r\n        <\/div>\r\n        \t\t\t<\/div>\n\t\t<\/section>\n\t\t        <section class=\"elementor-section elementor-top-section elementor-element elementor-element-523c4ac elementor-section-boxed elementor-section-height-default elementor-section-height-default pxl-type-header-none pxl-row-scroll-none pxl-bg-color-none pxl-section-overlay-none\" data-id=\"523c4ac\" data-element_type=\"section\">\n\n                \n                <div class=\"elementor-container elementor-column-gap-default \">\n                <div class=\"elementor-column elementor-col-100 elementor-top-column elementor-element elementor-element-793a4b8 pxl-col-none pxl-column-none\" data-id=\"793a4b8\" data-element_type=\"column\">\r\n        <div class=\"elementor-widget-wrap elementor-element-populated\">\r\n                     \r\n        \t\t<div class=\"elementor-element elementor-element-ecd7ae1 elementor-widget elementor-widget-spacer\" data-id=\"ecd7ae1\" data-element_type=\"widget\" data-widget_type=\"spacer.default\">\n\t\t\t\t<div class=\"elementor-widget-container\">\n\t\t\t\t\t<div class=\"elementor-spacer\">\n\t\t\t<div class=\"elementor-spacer-inner\"><\/div>\n\t\t<\/div>\n\t\t\t\t<\/div>\n\t\t\t\t<\/div>\n\t\t            <\/div>\r\n        <\/div>\r\n        \t\t\t<\/div>\n\t\t<\/section>\n\t\t        <section class=\"elementor-section elementor-top-section elementor-element elementor-element-74ebd51 elementor-section-boxed elementor-section-height-default elementor-section-height-default pxl-type-header-none pxl-row-scroll-none pxl-bg-color-none pxl-section-overlay-none\" data-id=\"74ebd51\" data-element_type=\"section\">\n\n                \n                <div class=\"elementor-container elementor-column-gap-default \">\n                <div class=\"elementor-column elementor-col-100 elementor-top-column elementor-element elementor-element-5249d69 pxl-col-none pxl-column-none\" data-id=\"5249d69\" data-element_type=\"column\">\r\n        <div class=\"elementor-widget-wrap elementor-element-populated\">\r\n                     \r\n        \t\t<div class=\"elementor-element elementor-element-1869ef1 elementor-widget elementor-widget-heading\" data-id=\"1869ef1\" data-element_type=\"widget\" data-widget_type=\"heading.default\">\n\t\t\t\t<div class=\"elementor-widget-container\">\n\t\t\t<div id=\"pxl-heading-1869ef1-2413\" class=\"pxl-heading typewriter-color\">\n\t<div class=\"pxl-heading--inner\">\n\t\t\n\t\t\t\t\t<h3 class=\"pxl-item--title  highlight-default \" data-wow-delay=\"ms\">\n\t\t\t\tDescription et exp\u00e9rience\t\t\n\t\t\t<\/h3>\n\t\t\n\t\t\t<\/div>\n<\/div>\t\t<\/div>\n\t\t\t\t<\/div>\n\t\t\t\t<div class=\"elementor-element elementor-element-370e948 elementor-widget elementor-widget-spacer\" data-id=\"370e948\" data-element_type=\"widget\" data-widget_type=\"spacer.default\">\n\t\t\t\t<div class=\"elementor-widget-container\">\n\t\t\t\t\t<div class=\"elementor-spacer\">\n\t\t\t<div class=\"elementor-spacer-inner\"><\/div>\n\t\t<\/div>\n\t\t\t\t<\/div>\n\t\t\t\t<\/div>\n\t\t\t\t<div class=\"elementor-element elementor-element-8c6066a elementor-widget elementor-widget-text-editor\" data-id=\"8c6066a\" data-element_type=\"widget\" data-widget_type=\"text-editor.default\">\n\t\t\t\t<div class=\"elementor-widget-container\">\n\t\t\t\t\t\t\t<p data-start=\"0\" data-end=\"160\">Antonio est associ\u00e9 de Mesas Trigo Morales-Arce, cabinet situ\u00e9 \u00e0 Madrid et int\u00e9gr\u00e9 au sein de la firme Mesas Trigo, dont le si\u00e8ge a ouvert ses portes en 2020.<\/p><p data-start=\"162\" data-end=\"330\">Avocat et dipl\u00f4m\u00e9 en sciences de l\u2019entreprise de l\u2019Universit\u00e9 Pontificale Comillas (ICADE), il a ensuite obtenu un Master en Fiscalit\u00e9 \u00e0 l\u2019Institut d\u2019Entreprise (IE).<\/p><p data-start=\"332\" data-end=\"678\">Gr\u00e2ce \u00e0 la combinaison de ses connaissances juridiques, fiscales et comptables, Antonio conseille dans des domaines tels que la planification fiscale patrimoniale, la restructuration d\u2019entreprises, la fiscalit\u00e9 des non-r\u00e9sidents, l\u2019application des conventions de double imposition, ainsi que la gestion des PME et des travailleurs ind\u00e9pendants.<\/p><p data-start=\"680\" data-end=\"1109\" data-is-last-node=\"\" data-is-only-node=\"\">Avant de rejoindre la firme, il a acquis une solide exp\u00e9rience en travaillant plusieurs ann\u00e9es dans le domaine de la fiscalit\u00e9 patrimoniale au sein d\u2019un \u00e9tablissement financier de la Principaut\u00e9 d\u2019Andorre. Ce parcours a permis d\u2019\u00e9tablir aujourd\u2019hui une \u00e9troite collaboration entre les bureaux de Madrid et d\u2019Andorre, offrant ainsi un accompagnement conjoint et sp\u00e9cialis\u00e9 aux clients ayant des int\u00e9r\u00eats dans les deux territoires.<\/p>\t\t\t\t\t\t<\/div>\n\t\t\t\t<\/div>\n\t\t\t\t<div class=\"elementor-element elementor-element-4347a06 elementor-widget elementor-widget-spacer\" data-id=\"4347a06\" data-element_type=\"widget\" data-widget_type=\"spacer.default\">\n\t\t\t\t<div class=\"elementor-widget-container\">\n\t\t\t\t\t<div class=\"elementor-spacer\">\n\t\t\t<div class=\"elementor-spacer-inner\"><\/div>\n\t\t<\/div>\n\t\t\t\t<\/div>\n\t\t\t\t<\/div>\n\t\t            <\/div>\r\n        <\/div>\r\n        \t\t\t<\/div>\n\t\t<\/section>\n\t\t        <section class=\"elementor-section elementor-top-section elementor-element elementor-element-8aca744 elementor-section-boxed elementor-section-height-default elementor-section-height-default pxl-type-header-none pxl-row-scroll-none pxl-bg-color-none pxl-section-overlay-none\" data-id=\"8aca744\" data-element_type=\"section\">\n\n                \n                <div class=\"elementor-container elementor-column-gap-default \">\n                <div class=\"elementor-column elementor-col-100 elementor-top-column elementor-element elementor-element-dd66eb9 pxl-col-none pxl-column-none\" data-id=\"dd66eb9\" data-element_type=\"column\">\r\n        <div class=\"elementor-widget-wrap elementor-element-populated\">\r\n                     \r\n        \t\t<div class=\"elementor-element elementor-element-9c59830 elementor-widget elementor-widget-accordion\" data-id=\"9c59830\" data-element_type=\"widget\" data-widget_type=\"accordion.default\">\n\t\t\t\t<div class=\"elementor-widget-container\">\n\t\t\t    <div class=\"pxl-accordion pxl-accordion1 style8 \" data-wow-delay=\"ms\">\r\n                    <div class=\"pxl--item \">\r\n                <h3 class=\"pxl-item--title\" data-target=\"#accordion-9c59830-5355-4d973cf\">\r\n                                        <span class=\"pxl-title--text\">Formation<\/span>\r\n                    <i class=\"pxl-icon--plus\"><\/i>\r\n                <\/h3>\r\n                <div id=\"accordion-9c59830-5355-4d973cf\" class=\"pxl-item--content\" >Master en Conseil Fiscal des Entreprises, Institut d\u2019Entreprise (IE), Espagne (2012)<br \/>\n<br \/>\nLicence en Droit, Universit\u00e9 Pontificale Comillas (ICADE), Espagne (2006)<br \/>\n<br \/>\nDipl\u00f4me en Sciences de l\u2019Entreprise, Universit\u00e9 Pontificale Comillas (ICADE), Espagne (2006)<\/div>\r\n            <\/div>\r\n                    <div class=\"pxl--item \">\r\n                <h3 class=\"pxl-item--title\" data-target=\"#accordion-9c59830-5355-9c871a4\">\r\n                                        <span class=\"pxl-title--text\">Domaines de pratique<\/span>\r\n                    <i class=\"pxl-icon--plus\"><\/i>\r\n                <\/h3>\r\n                <div id=\"accordion-9c59830-5355-9c871a4\" class=\"pxl-item--content\" >R\u00e9organisation patrimoniale et protection des actifs<br \/>\n<br \/>\nPlanification des successions transfrontali\u00e8res<br \/>\n<br \/>\nV\u00e9hicules d\u2019investissement et produits d\u2019assurance-vie<\/div>\r\n            <\/div>\r\n                    <div class=\"pxl--item \">\r\n                <h3 class=\"pxl-item--title\" data-target=\"#accordion-9c59830-5355-f11a1c4\">\r\n                                        <span class=\"pxl-title--text\">Associations professionnelles et adh\u00e9sions<\/span>\r\n                    <i class=\"pxl-icon--plus\"><\/i>\r\n                <\/h3>\r\n                <div id=\"accordion-9c59830-5355-f11a1c4\" class=\"pxl-item--content\" >Membre du Barreau de Madrid (ICAM) \u2013 Inscrit sous le n\u00ba C102693<br \/>\n<\/div>\r\n            <\/div>\r\n                    <div class=\"pxl--item \">\r\n                <h3 class=\"pxl-item--title\" data-target=\"#accordion-9c59830-5355-5f50866\">\r\n                                        <span class=\"pxl-title--text\">Langues<\/span>\r\n                    <i class=\"pxl-icon--plus\"><\/i>\r\n                <\/h3>\r\n                <div id=\"accordion-9c59830-5355-5f50866\" class=\"pxl-item--content\" >Espagnol<br \/>\n<br \/>\nAnglais<br \/>\n<br \/>\nFran\u00e7ais<br \/>\n<\/div>\r\n            <\/div>\r\n            <\/div>\r\n\t\t<\/div>\n\t\t\t\t<\/div>\n\t\t            <\/div>\r\n        <\/div>\r\n        \t\t\t<\/div>\n\t\t<\/section>\n\t\t\t\t<\/div>\n\t\t","protected":false},"excerpt":{"rendered":"<p>Antonio Morales-Arce Yllera Associ\u00e9 Linkedin Description et exp\u00e9rience Antonio est associ\u00e9 de Mesas Trigo Morales-Arce, cabinet situ\u00e9 \u00e0 Madrid et int\u00e9gr\u00e9 au sein de la firme Mesas Trigo, dont le si\u00e8ge a ouvert ses portes en 2020. Avocat et dipl\u00f4m\u00e9 en sciences de l\u2019entreprise de l\u2019Universit\u00e9 Pontificale Comillas (ICADE), il a ensuite obtenu un Master [&hellip;]<\/p>\n","protected":false},"author":3,"featured_media":0,"parent":0,"menu_order":0,"comment_status":"closed","ping_status":"closed","template":"","meta":{"footnotes":""},"class_list":["post-11868","page","type-page","status-publish","hentry"],"yoast_head":"<!-- This site is optimized with the Yoast SEO Premium plugin v25.3 (Yoast SEO v25.3) - https:\/\/yoast.com\/wordpress\/plugins\/seo\/ -->\n<title>Antonio Morales-Arce Yllera - Mesas Trigo abogados<\/title>\n<meta name=\"description\" content=\"Antonio es socio de Mesas Trigo Morales-Arce en Madrid. Abogado experto en fiscalidad y asesor\u00eda, combinando experiencia jur\u00eddica y contable.\" \/>\n<meta name=\"robots\" content=\"index, follow, max-snippet:-1, max-image-preview:large, max-video-preview:-1\" \/>\n<link rel=\"canonical\" href=\"https:\/\/www.mtma.es\/fr\/antonio-morales-arce-yllera\/\" \/>\n<meta property=\"og:locale\" content=\"fr_FR\" \/>\n<meta property=\"og:type\" content=\"article\" \/>\n<meta property=\"og:title\" content=\"Antonio Morales-Arce Yllera\" \/>\n<meta property=\"og:description\" content=\"Antonio es socio de Mesas Trigo Morales-Arce en Madrid. Abogado experto en fiscalidad y asesor\u00eda, combinando experiencia jur\u00eddica y contable.\" \/>\n<meta property=\"og:url\" content=\"https:\/\/www.mtma.es\/fr\/antonio-morales-arce-yllera\/\" \/>\n<meta property=\"og:site_name\" content=\"Mesas Trigo Morales Arce\" \/>\n<meta property=\"article:modified_time\" content=\"2025-10-31T09:18:20+00:00\" \/>\n<meta property=\"og:image\" content=\"http:\/\/www.mtma.es\/wp-content\/uploads\/sites\/4\/2025\/07\/Antonio-Morales-Arce-scaled.jpg\" \/>\n<meta name=\"twitter:card\" content=\"summary_large_image\" \/>\n<meta name=\"twitter:label1\" content=\"Dur\u00e9e de lecture estim\u00e9e\" \/>\n\t<meta name=\"twitter:data1\" content=\"2 minutes\" \/>\n<script type=\"application\/ld+json\" class=\"yoast-schema-graph\">{\"@context\":\"https:\/\/schema.org\",\"@graph\":[{\"@type\":\"WebPage\",\"@id\":\"https:\/\/www.mtma.es\/fr\/antonio-morales-arce-yllera\/\",\"url\":\"https:\/\/www.mtma.es\/fr\/antonio-morales-arce-yllera\/\",\"name\":\"Antonio Morales-Arce Yllera - Mesas Trigo abogados\",\"isPartOf\":{\"@id\":\"https:\/\/www.mtma.es\/#website\"},\"primaryImageOfPage\":{\"@id\":\"https:\/\/www.mtma.es\/fr\/antonio-morales-arce-yllera\/#primaryimage\"},\"image\":{\"@id\":\"https:\/\/www.mtma.es\/fr\/antonio-morales-arce-yllera\/#primaryimage\"},\"thumbnailUrl\":\"http:\/\/www.mtma.es\/wp-content\/uploads\/sites\/4\/2025\/07\/Antonio-Morales-Arce-scaled.jpg\",\"datePublished\":\"2024-11-28T17:02:01+00:00\",\"dateModified\":\"2025-10-31T09:18:20+00:00\",\"description\":\"Antonio es socio de Mesas Trigo Morales-Arce en Madrid. Abogado experto en fiscalidad y asesor\u00eda, combinando experiencia jur\u00eddica y contable.\",\"breadcrumb\":{\"@id\":\"https:\/\/www.mtma.es\/fr\/antonio-morales-arce-yllera\/#breadcrumb\"},\"inLanguage\":\"fr-FR\",\"potentialAction\":[{\"@type\":\"ReadAction\",\"target\":[\"https:\/\/www.mtma.es\/fr\/antonio-morales-arce-yllera\/\"]}]},{\"@type\":\"ImageObject\",\"inLanguage\":\"fr-FR\",\"@id\":\"https:\/\/www.mtma.es\/fr\/antonio-morales-arce-yllera\/#primaryimage\",\"url\":\"http:\/\/www.mtma.es\/wp-content\/uploads\/sites\/4\/2025\/07\/Antonio-Morales-Arce-scaled.jpg\",\"contentUrl\":\"http:\/\/www.mtma.es\/wp-content\/uploads\/sites\/4\/2025\/07\/Antonio-Morales-Arce-scaled.jpg\"},{\"@type\":\"BreadcrumbList\",\"@id\":\"https:\/\/www.mtma.es\/fr\/antonio-morales-arce-yllera\/#breadcrumb\",\"itemListElement\":[{\"@type\":\"ListItem\",\"position\":1,\"name\":\"Portada\",\"item\":\"https:\/\/www.mtma.es\/\"},{\"@type\":\"ListItem\",\"position\":2,\"name\":\"Antonio Morales-Arce Yllera\"}]},{\"@type\":\"WebSite\",\"@id\":\"https:\/\/www.mtma.es\/#website\",\"url\":\"https:\/\/www.mtma.es\/\",\"name\":\"Mesas Trigo\",\"description\":\"Business WordPress Theme\",\"publisher\":{\"@id\":\"https:\/\/www.mtma.es\/#organization\"},\"potentialAction\":[{\"@type\":\"SearchAction\",\"target\":{\"@type\":\"EntryPoint\",\"urlTemplate\":\"https:\/\/www.mtma.es\/?s={search_term_string}\"},\"query-input\":{\"@type\":\"PropertyValueSpecification\",\"valueRequired\":true,\"valueName\":\"search_term_string\"}}],\"inLanguage\":\"fr-FR\"},{\"@type\":\"Organization\",\"@id\":\"https:\/\/www.mtma.es\/#organization\",\"name\":\"Mesas Trigo\",\"url\":\"https:\/\/www.mtma.es\/\",\"logo\":{\"@type\":\"ImageObject\",\"inLanguage\":\"fr-FR\",\"@id\":\"https:\/\/www.mtma.es\/#\/schema\/logo\/image\/\",\"url\":\"https:\/\/www.mtma.es\/wp-content\/uploads\/sites\/4\/2024\/11\/cropped-favicon-mesas-trigo.png\",\"contentUrl\":\"https:\/\/www.mtma.es\/wp-content\/uploads\/sites\/4\/2024\/11\/cropped-favicon-mesas-trigo.png\",\"width\":512,\"height\":245,\"caption\":\"Mesas Trigo\"},\"image\":{\"@id\":\"https:\/\/www.mtma.es\/#\/schema\/logo\/image\/\"}}]}<\/script>\n<!-- \/ Yoast SEO Premium plugin. -->","yoast_head_json":{"title":"Antonio Morales-Arce Yllera - Mesas Trigo abogados","description":"Antonio es socio de Mesas Trigo Morales-Arce en Madrid. Abogado experto en fiscalidad y asesor\u00eda, combinando experiencia jur\u00eddica y contable.","robots":{"index":"index","follow":"follow","max-snippet":"max-snippet:-1","max-image-preview":"max-image-preview:large","max-video-preview":"max-video-preview:-1"},"canonical":"https:\/\/www.mtma.es\/fr\/antonio-morales-arce-yllera\/","og_locale":"fr_FR","og_type":"article","og_title":"Antonio Morales-Arce Yllera","og_description":"Antonio es socio de Mesas Trigo Morales-Arce en Madrid. Abogado experto en fiscalidad y asesor\u00eda, combinando experiencia jur\u00eddica y contable.","og_url":"https:\/\/www.mtma.es\/fr\/antonio-morales-arce-yllera\/","og_site_name":"Mesas Trigo Morales Arce","article_modified_time":"2025-10-31T09:18:20+00:00","og_image":[{"url":"http:\/\/www.mtma.es\/wp-content\/uploads\/sites\/4\/2025\/07\/Antonio-Morales-Arce-scaled.jpg","type":"","width":"","height":""}],"twitter_card":"summary_large_image","twitter_misc":{"Dur\u00e9e de lecture estim\u00e9e":"2 minutes"},"schema":{"@context":"https:\/\/schema.org","@graph":[{"@type":"WebPage","@id":"https:\/\/www.mtma.es\/fr\/antonio-morales-arce-yllera\/","url":"https:\/\/www.mtma.es\/fr\/antonio-morales-arce-yllera\/","name":"Antonio Morales-Arce Yllera - Mesas Trigo abogados","isPartOf":{"@id":"https:\/\/www.mtma.es\/#website"},"primaryImageOfPage":{"@id":"https:\/\/www.mtma.es\/fr\/antonio-morales-arce-yllera\/#primaryimage"},"image":{"@id":"https:\/\/www.mtma.es\/fr\/antonio-morales-arce-yllera\/#primaryimage"},"thumbnailUrl":"http:\/\/www.mtma.es\/wp-content\/uploads\/sites\/4\/2025\/07\/Antonio-Morales-Arce-scaled.jpg","datePublished":"2024-11-28T17:02:01+00:00","dateModified":"2025-10-31T09:18:20+00:00","description":"Antonio es socio de Mesas Trigo Morales-Arce en Madrid. Abogado experto en fiscalidad y asesor\u00eda, combinando experiencia jur\u00eddica y contable.","breadcrumb":{"@id":"https:\/\/www.mtma.es\/fr\/antonio-morales-arce-yllera\/#breadcrumb"},"inLanguage":"fr-FR","potentialAction":[{"@type":"ReadAction","target":["https:\/\/www.mtma.es\/fr\/antonio-morales-arce-yllera\/"]}]},{"@type":"ImageObject","inLanguage":"fr-FR","@id":"https:\/\/www.mtma.es\/fr\/antonio-morales-arce-yllera\/#primaryimage","url":"http:\/\/www.mtma.es\/wp-content\/uploads\/sites\/4\/2025\/07\/Antonio-Morales-Arce-scaled.jpg","contentUrl":"http:\/\/www.mtma.es\/wp-content\/uploads\/sites\/4\/2025\/07\/Antonio-Morales-Arce-scaled.jpg"},{"@type":"BreadcrumbList","@id":"https:\/\/www.mtma.es\/fr\/antonio-morales-arce-yllera\/#breadcrumb","itemListElement":[{"@type":"ListItem","position":1,"name":"Portada","item":"https:\/\/www.mtma.es\/"},{"@type":"ListItem","position":2,"name":"Antonio Morales-Arce Yllera"}]},{"@type":"WebSite","@id":"https:\/\/www.mtma.es\/#website","url":"https:\/\/www.mtma.es\/","name":"Mesas Trigo","description":"Business WordPress Theme","publisher":{"@id":"https:\/\/www.mtma.es\/#organization"},"potentialAction":[{"@type":"SearchAction","target":{"@type":"EntryPoint","urlTemplate":"https:\/\/www.mtma.es\/?s={search_term_string}"},"query-input":{"@type":"PropertyValueSpecification","valueRequired":true,"valueName":"search_term_string"}}],"inLanguage":"fr-FR"},{"@type":"Organization","@id":"https:\/\/www.mtma.es\/#organization","name":"Mesas Trigo","url":"https:\/\/www.mtma.es\/","logo":{"@type":"ImageObject","inLanguage":"fr-FR","@id":"https:\/\/www.mtma.es\/#\/schema\/logo\/image\/","url":"https:\/\/www.mtma.es\/wp-content\/uploads\/sites\/4\/2024\/11\/cropped-favicon-mesas-trigo.png","contentUrl":"https:\/\/www.mtma.es\/wp-content\/uploads\/sites\/4\/2024\/11\/cropped-favicon-mesas-trigo.png","width":512,"height":245,"caption":"Mesas Trigo"},"image":{"@id":"https:\/\/www.mtma.es\/#\/schema\/logo\/image\/"}}]}},"_links":{"self":[{"href":"https:\/\/www.mtma.es\/fr\/wp-json\/wp\/v2\/pages\/11868","targetHints":{"allow":["GET"]}}],"collection":[{"href":"https:\/\/www.mtma.es\/fr\/wp-json\/wp\/v2\/pages"}],"about":[{"href":"https:\/\/www.mtma.es\/fr\/wp-json\/wp\/v2\/types\/page"}],"author":[{"embeddable":true,"href":"https:\/\/www.mtma.es\/fr\/wp-json\/wp\/v2\/users\/3"}],"replies":[{"embeddable":true,"href":"https:\/\/www.mtma.es\/fr\/wp-json\/wp\/v2\/comments?post=11868"}],"version-history":[{"count":7,"href":"https:\/\/www.mtma.es\/fr\/wp-json\/wp\/v2\/pages\/11868\/revisions"}],"predecessor-version":[{"id":12931,"href":"https:\/\/www.mtma.es\/fr\/wp-json\/wp\/v2\/pages\/11868\/revisions\/12931"}],"wp:attachment":[{"href":"https:\/\/www.mtma.es\/fr\/wp-json\/wp\/v2\/media?parent=11868"}],"curies":[{"name":"wp","href":"https:\/\/api.w.org\/{rel}","templated":true}]}}