{"id":11898,"date":"2022-03-06T13:28:29","date_gmt":"2022-03-06T13:28:29","guid":{"rendered":"http:\/\/www.mesastrigo-advocats.com\/areas-sectores\/"},"modified":"2025-10-30T09:12:30","modified_gmt":"2025-10-30T09:12:30","slug":"domaines-secteurs","status":"publish","type":"page","link":"https:\/\/www.mtma.es\/fr\/domaines-secteurs\/","title":{"rendered":"Domaines et secteurs"},"content":{"rendered":"\t\t<div data-elementor-type=\"wp-page\" data-elementor-id=\"11898\" class=\"elementor elementor-11898 elementor-983\">\n\t\t\t\t        <section class=\"elementor-section elementor-top-section elementor-element elementor-element-213635f elementor-section-stretched elementor-section-boxed elementor-section-height-default elementor-section-height-default pxl-type-header-none pxl-row-scroll-none pxl-bg-color-none pxl-section-overlay-none\" data-id=\"213635f\" data-element_type=\"section\" data-settings=\"{&quot;stretch_section&quot;:&quot;section-stretched&quot;,&quot;background_background&quot;:&quot;classic&quot;}\">\n\n                \n                <div class=\"elementor-container elementor-column-gap-extended \">\n                <div class=\"elementor-column elementor-col-100 elementor-top-column elementor-element elementor-element-7e8a89f pxl-col-none pxl-column-none\" data-id=\"7e8a89f\" data-element_type=\"column\">\r\n        <div class=\"elementor-widget-wrap elementor-element-populated\">\r\n                     \r\n        \t\t<div class=\"elementor-element elementor-element-2d1a83e elementor-widget__width-inherit elementor-widget-tablet__width-inherit elementor-hidden-mobile elementor-widget elementor-widget-heading\" data-id=\"2d1a83e\" data-element_type=\"widget\" data-widget_type=\"heading.default\">\n\t\t\t\t<div class=\"elementor-widget-container\">\n\t\t\t<div id=\"pxl-heading-2d1a83e-9245\" class=\"pxl-heading typewriter-color\">\n\t<div class=\"pxl-heading--inner\">\n\t\t\n\t\t<div class=\"pxl-item--dividerwrap divider-position-left\">\n\t\t\t<div class=\"pxl-item--divider\"><\/div>\t\t\t<h2 class=\"pxl-item--title  highlight-default \" data-wow-delay=\"ms\">\n\t\t\t\tNos services\t\t\n\t\t\t<\/h2>\n\t\t<\/div>\n\t\t\t<\/div>\n<\/div>\t\t<\/div>\n\t\t\t\t<\/div>\n\t\t\t\t<div class=\"elementor-element elementor-element-9b845fe elementor-widget__width-initial elementor-widget-tablet__width-inherit elementor-hidden-desktop elementor-hidden-tablet elementor-widget elementor-widget-heading\" data-id=\"9b845fe\" data-element_type=\"widget\" data-widget_type=\"heading.default\">\n\t\t\t\t<div class=\"elementor-widget-container\">\n\t\t\t<div id=\"pxl-heading-9b845fe-7597\" class=\"pxl-heading typewriter-color\">\n\t<div class=\"pxl-heading--inner\">\n\t\t\n\t\t<div class=\"pxl-item--dividerwrap divider-position-left\">\n\t\t\t<div class=\"pxl-item--divider\"><\/div>\t\t\t<h2 class=\"pxl-item--title  highlight-default \" data-wow-delay=\"ms\">\n\t\t\t\tNuestros servicios\t\t\n\t\t\t<\/h2>\n\t\t<\/div>\n\t\t\t<\/div>\n<\/div>\t\t<\/div>\n\t\t\t\t<\/div>\n\t\t\t\t<div class=\"elementor-element elementor-element-6285239 elementor-widget__width-initial elementor-widget-tablet__width-inherit elementor-hidden-mobile elementor-widget elementor-widget-heading\" data-id=\"6285239\" data-element_type=\"widget\" data-widget_type=\"heading.default\">\n\t\t\t\t<div class=\"elementor-widget-container\">\n\t\t\t<div id=\"pxl-heading-6285239-6397\" class=\"pxl-heading typewriter-color\">\n\t<div class=\"pxl-heading--inner\">\n\t\t\n\t\t\t\t\t<h3 class=\"pxl-item--title  highlight-default \" data-wow-delay=\"ms\">\n\t\t\t\tLe client, priorit\u00e9 de notre strat\u00e9gie\t\t\n\t\t\t<\/h3>\n\t\t\n\t\t\t<\/div>\n<\/div>\t\t<\/div>\n\t\t\t\t<\/div>\n\t\t\t\t<div class=\"elementor-element elementor-element-ab04f9f elementor-widget__width-auto elementor-widget-tablet__width-inherit elementor-hidden-desktop elementor-hidden-tablet elementor-widget elementor-widget-heading\" data-id=\"ab04f9f\" data-element_type=\"widget\" data-widget_type=\"heading.default\">\n\t\t\t\t<div class=\"elementor-widget-container\">\n\t\t\t<div id=\"pxl-heading-ab04f9f-1890\" class=\"pxl-heading typewriter-color\">\n\t<div class=\"pxl-heading--inner\">\n\t\t\n\t\t\t\t\t<h3 class=\"pxl-item--title  highlight-default \" data-wow-delay=\"ms\">\n\t\t\t\tEl cliente como prioridad en nuestra estrategia\t\t\n\t\t\t<\/h3>\n\t\t\n\t\t\t<\/div>\n<\/div>\t\t<\/div>\n\t\t\t\t<\/div>\n\t\t\t\t<div class=\"elementor-element elementor-element-dc7f773 elementor-widget__width-auto elementor-widget elementor-widget-text-editor\" data-id=\"dc7f773\" data-element_type=\"widget\" data-widget_type=\"text-editor.default\">\n\t\t\t\t<div class=\"elementor-widget-container\">\n\t\t\t\t\t\t\t<p>La sp\u00e9cialisation des services que nous offrons permet d\u2019optimiser les ressources et d\u2019am\u00e9liorer l\u2019efficacit\u00e9 dans la r\u00e9alisation des objectifs de nos clients.<\/p>\t\t\t\t\t\t<\/div>\n\t\t\t\t<\/div>\n\t\t            <\/div>\r\n        <\/div>\r\n        \t\t\t<\/div>\n\t\t<\/section>\n\t\t        <section class=\"elementor-section elementor-top-section elementor-element elementor-element-82e8a6e elementor-section-boxed elementor-section-height-default elementor-section-height-default pxl-type-header-none pxl-row-scroll-none pxl-bg-color-none pxl-section-overlay-none\" data-id=\"82e8a6e\" data-element_type=\"section\">\n\n                \n                <div class=\"elementor-container elementor-column-gap-default \">\n                <div class=\"elementor-column elementor-col-50 elementor-top-column elementor-element elementor-element-0f2cbc1 pxl-col-none pxl-column-none\" data-id=\"0f2cbc1\" data-element_type=\"column\">\r\n        <div class=\"elementor-widget-wrap elementor-element-populated\">\r\n                     \r\n        \t\t<div class=\"elementor-element elementor-element-fdf18c8 pxl-post-layout-service-2 elementor-widget__width-inherit elementor-widget elementor-widget-post_grid\" data-id=\"fdf18c8\" data-element_type=\"widget\" data-widget_type=\"post_grid.default\">\n\t\t\t\t<div class=\"elementor-widget-container\">\n\t\t\t\n<div id=\"post_grid-fdf18c8-4535\" class=\"pxl-grid pxl-service-grid pxl-service-grid-layout2\" data-layout=\"masonry\" data-start-page=\"1\" data-max-pages=\"1\" data-total=\"9\" data-perpage=\"9\" data-next-link=\"\">\n    \n    <div class=\"pxl-grid-inner pxl-grid-masonry row\" data-gutter=\"15\">\n        <div class=\"grid-sizer col-xl-4 col-lg-4 col-md-6 col-sm-6 col-12\"><\/div>\n                    <div class=\"pxl-grid-item col-xl-4 col-lg-4 col-md-6 col-sm-6 col-12 \">\n                <div class=\"pxl-item--inner pxl-hover-divider \" data-wow-duration=\"1.2s\">\n                    <div class=\"pxl-item--holder\">\n                        <div class=\"pxl-item--number\">01<\/div>\n                        <h3 class=\"pxl-item--title\">\n                            <a href=\"https:\/\/www.mtma.es\/fr\/blog\/service\/fiscalite-des-non-residents-impatries-et-expatries\/\">\n                                Fiscalit\u00e9 des non-r\u00e9sidents, impatri\u00e9s et expatri\u00e9s \n                            <\/a>\n                        <\/h3>\n                                            <\/div>\n                <\/div>\n            <\/div>\n                    <div class=\"pxl-grid-item col-xl-4 col-lg-4 col-md-6 col-sm-6 col-12 \">\n                <div class=\"pxl-item--inner pxl-hover-divider \" data-wow-duration=\"1.2s\">\n                    <div class=\"pxl-item--holder\">\n                        <div class=\"pxl-item--number\">02<\/div>\n                        <h3 class=\"pxl-item--title\">\n                            <a href=\"https:\/\/www.mtma.es\/fr\/blog\/service\/fiscalite-internationale-des-entreprises\/\">\n                                Fiscalit\u00e9 internationale des entreprises \n                            <\/a>\n                        <\/h3>\n                                            <\/div>\n                <\/div>\n            <\/div>\n                    <div class=\"pxl-grid-item col-xl-4 col-lg-4 col-md-6 col-sm-6 col-12 \">\n                <div class=\"pxl-item--inner pxl-hover-divider \" data-wow-duration=\"1.2s\">\n                    <div class=\"pxl-item--holder\">\n                        <div class=\"pxl-item--number\">03<\/div>\n                        <h3 class=\"pxl-item--title\">\n                            <a href=\"https:\/\/www.mtma.es\/fr\/blog\/service\/fiscalite-du-patrimoine\/\">\n                                Fiscalit\u00e9 du patrimoine \n                            <\/a>\n                        <\/h3>\n                                            <\/div>\n                <\/div>\n            <\/div>\n                    <div class=\"pxl-grid-item col-xl-4 col-lg-4 col-md-6 col-sm-6 col-12 \">\n                <div class=\"pxl-item--inner pxl-hover-divider \" data-wow-duration=\"1.2s\">\n                    <div class=\"pxl-item--holder\">\n                        <div class=\"pxl-item--number\">04<\/div>\n                        <h3 class=\"pxl-item--title\">\n                            <a href=\"https:\/\/www.mtma.es\/fr\/blog\/service\/fiscalite-des-societes\/\">\n                                Fiscalit\u00e9 des soci\u00e9t\u00e9s \n                            <\/a>\n                        <\/h3>\n                                            <\/div>\n                <\/div>\n            <\/div>\n                    <div class=\"pxl-grid-item col-xl-4 col-lg-4 col-md-6 col-sm-6 col-12 \">\n                <div class=\"pxl-item--inner pxl-hover-divider \" data-wow-duration=\"1.2s\">\n                    <div class=\"pxl-item--holder\">\n                        <div class=\"pxl-item--number\">05<\/div>\n                        <h3 class=\"pxl-item--title\">\n                            <a href=\"https:\/\/www.mtma.es\/fr\/blog\/service\/tva-et-operations-intracommunautaires\/\">\n                                TVA et op\u00e9rations intracommunautaires \n                            <\/a>\n                        <\/h3>\n                                            <\/div>\n                <\/div>\n            <\/div>\n                    <div class=\"pxl-grid-item col-xl-4 col-lg-4 col-md-6 col-sm-6 col-12 \">\n                <div class=\"pxl-item--inner pxl-hover-divider \" data-wow-duration=\"1.2s\">\n                    <div class=\"pxl-item--holder\">\n                        <div class=\"pxl-item--number\">06<\/div>\n                        <h3 class=\"pxl-item--title\">\n                            <a href=\"https:\/\/www.mtma.es\/fr\/blog\/service\/conformite-fiscale-et-audit-fiscal\/\">\n                                Conformit\u00e9 fiscale et audit fiscal \n                            <\/a>\n                        <\/h3>\n                                            <\/div>\n                <\/div>\n            <\/div>\n                    <div class=\"pxl-grid-item col-xl-4 col-lg-4 col-md-6 col-sm-6 col-12 \">\n                <div class=\"pxl-item--inner pxl-hover-divider \" data-wow-duration=\"1.2s\">\n                    <div class=\"pxl-item--holder\">\n                        <div class=\"pxl-item--number\">07<\/div>\n                        <h3 class=\"pxl-item--title\">\n                            <a href=\"https:\/\/www.mtma.es\/fr\/blog\/service\/contentieux-et-recours-fiscaux\/\">\n                                Contentieux et recours fiscaux \n                            <\/a>\n                        <\/h3>\n                                            <\/div>\n                <\/div>\n            <\/div>\n                    <div class=\"pxl-grid-item col-xl-4 col-lg-4 col-md-6 col-sm-6 col-12 \">\n                <div class=\"pxl-item--inner pxl-hover-divider \" data-wow-duration=\"1.2s\">\n                    <div class=\"pxl-item--holder\">\n                        <div class=\"pxl-item--number\">08<\/div>\n                        <h3 class=\"pxl-item--title\">\n                            <a href=\"https:\/\/www.mtma.es\/fr\/blog\/service\/creation-et-gestion-d-entreprises\/\">\n                                Cr\u00e9ation et gestion d\u2019entreprises \n                            <\/a>\n                        <\/h3>\n                                            <\/div>\n                <\/div>\n            <\/div>\n                    <div class=\"pxl-grid-item col-xl-4 col-lg-4 col-md-6 col-sm-6 col-12 \">\n                <div class=\"pxl-item--inner pxl-hover-divider \" data-wow-duration=\"1.2s\">\n                    <div class=\"pxl-item--holder\">\n                        <div class=\"pxl-item--number\">09<\/div>\n                        <h3 class=\"pxl-item--title\">\n                            <a href=\"https:\/\/www.mtma.es\/fr\/blog\/service\/procedures-aupres-de-la-cnmv\/\">\n                                Proc\u00e9dures aupr\u00e8s de la CNMV \n                            <\/a>\n                        <\/h3>\n                                            <\/div>\n                <\/div>\n            <\/div>\n            <\/div>\n        <\/div>\t\t<\/div>\n\t\t\t\t<\/div>\n\t\t            <\/div>\r\n        <\/div>\r\n                <div class=\"elementor-column elementor-col-50 elementor-top-column elementor-element elementor-element-d7ca7db pxl-col-none pxl-column-none\" data-id=\"d7ca7db\" data-element_type=\"column\">\r\n        <div class=\"elementor-widget-wrap elementor-element-populated\">\r\n                     \r\n        \t\t<div class=\"elementor-element elementor-element-1c22bcc elementor-hidden-mobile elementor-widget elementor-widget-image\" data-id=\"1c22bcc\" data-element_type=\"widget\" data-widget_type=\"image.default\">\n\t\t\t\t<div class=\"elementor-widget-container\">\n\t\t\t\t\t\t\t\t\t\t\t\t\t<img fetchpriority=\"high\" decoding=\"async\" width=\"727\" height=\"1024\" src=\"https:\/\/www.mtma.es\/wp-content\/uploads\/sites\/4\/2024\/12\/Areas-y-sectores-e1737644747589-727x1024.jpg\" class=\"attachment-large size-large wp-image-9162\" alt=\"\" srcset=\"https:\/\/www.mtma.es\/wp-content\/uploads\/sites\/4\/2024\/12\/Areas-y-sectores-e1737644747589-727x1024.jpg 727w, https:\/\/www.mtma.es\/wp-content\/uploads\/sites\/4\/2024\/12\/Areas-y-sectores-e1737644747589-213x300.jpg 213w, https:\/\/www.mtma.es\/wp-content\/uploads\/sites\/4\/2024\/12\/Areas-y-sectores-e1737644747589-768x1082.jpg 768w, https:\/\/www.mtma.es\/wp-content\/uploads\/sites\/4\/2024\/12\/Areas-y-sectores-e1737644747589-1090x1536.jpg 1090w, https:\/\/www.mtma.es\/wp-content\/uploads\/sites\/4\/2024\/12\/Areas-y-sectores-e1737644747589-504x710.jpg 504w, https:\/\/www.mtma.es\/wp-content\/uploads\/sites\/4\/2024\/12\/Areas-y-sectores-e1737644747589.jpg 1164w\" sizes=\"(max-width: 727px) 100vw, 727px\" \/>\t\t\t\t\t\t\t\t\t\t\t\t\t<\/div>\n\t\t\t\t<\/div>\n\t\t            <\/div>\r\n        <\/div>\r\n        \t\t\t<\/div>\n\t\t<\/section>\n\t\t\t\t<\/div>\n\t\t","protected":false},"excerpt":{"rendered":"<p>Nos services Nuestros servicios Le client, priorit\u00e9 de notre strat\u00e9gie El cliente como prioridad en nuestra estrategia La sp\u00e9cialisation des services que nous offrons permet d\u2019optimiser les ressources et d\u2019am\u00e9liorer l\u2019efficacit\u00e9 dans la r\u00e9alisation des objectifs de nos clients. 01 Taxation of non-residents, impatriates, and expatriates 02 International Corporate Taxation 03 Wealth Taxation 04 Corporate [&hellip;]<\/p>\n","protected":false},"author":3,"featured_media":0,"parent":0,"menu_order":0,"comment_status":"closed","ping_status":"closed","template":"","meta":{"footnotes":""},"class_list":["post-11898","page","type-page","status-publish","hentry"],"yoast_head":"<!-- This site is optimized with the Yoast SEO Premium plugin v25.3 (Yoast SEO v25.3) - https:\/\/yoast.com\/wordpress\/plugins\/seo\/ -->\n<title>Domaines et secteurs - Mesas Trigo abogados<\/title>\n<meta name=\"description\" content=\"Mesas Trigo offre des services juridiques et fiscaux sp\u00e9cialis\u00e9s, adapt\u00e9s aux besoins de chaque client, avec une orientation strat\u00e9gique et un engagement d\u2019excellence.\" \/>\n<meta name=\"robots\" content=\"index, follow, max-snippet:-1, max-image-preview:large, max-video-preview:-1\" \/>\n<link rel=\"canonical\" href=\"https:\/\/www.mtma.es\/en\/areas-sectors\/\" \/>\n<meta property=\"og:locale\" content=\"fr_FR\" \/>\n<meta property=\"og:type\" content=\"article\" \/>\n<meta property=\"og:title\" content=\"Domaines et secteurs\" \/>\n<meta property=\"og:description\" content=\"Mesas Trigo offre des services juridiques et fiscaux sp\u00e9cialis\u00e9s, adapt\u00e9s aux besoins de chaque client, avec une orientation strat\u00e9gique et un engagement d\u2019excellence.\" \/>\n<meta property=\"og:url\" content=\"https:\/\/www.mtma.es\/en\/areas-sectors\/\" \/>\n<meta property=\"og:site_name\" content=\"Mesas Trigo Morales Arce\" \/>\n<meta property=\"article:modified_time\" content=\"2025-10-30T09:12:30+00:00\" \/>\n<meta property=\"og:image\" content=\"https:\/\/www.mtma.es\/wp-content\/uploads\/sites\/4\/2024\/12\/Areas-y-sectores-e1737644747589.jpg\" \/>\n\t<meta property=\"og:image:width\" content=\"1164\" \/>\n\t<meta property=\"og:image:height\" content=\"1640\" \/>\n\t<meta property=\"og:image:type\" content=\"image\/jpeg\" \/>\n<meta name=\"twitter:card\" content=\"summary_large_image\" \/>\n<meta name=\"twitter:label1\" content=\"Dur\u00e9e de lecture estim\u00e9e\" \/>\n\t<meta name=\"twitter:data1\" content=\"1 minute\" \/>\n<script type=\"application\/ld+json\" class=\"yoast-schema-graph\">{\"@context\":\"https:\/\/schema.org\",\"@graph\":[{\"@type\":\"WebPage\",\"@id\":\"https:\/\/www.mtma.es\/en\/areas-sectors\/\",\"url\":\"https:\/\/www.mtma.es\/en\/areas-sectors\/\",\"name\":\"Domaines et secteurs - Mesas Trigo abogados\",\"isPartOf\":{\"@id\":\"https:\/\/www.mtma.es\/#website\"},\"primaryImageOfPage\":{\"@id\":\"https:\/\/www.mtma.es\/en\/areas-sectors\/#primaryimage\"},\"image\":{\"@id\":\"https:\/\/www.mtma.es\/en\/areas-sectors\/#primaryimage\"},\"thumbnailUrl\":\"http:\/\/www.mtma.es\/wp-content\/uploads\/sites\/4\/2024\/12\/Areas-y-sectores-e1737644747589-727x1024.jpg\",\"datePublished\":\"2022-03-06T13:28:29+00:00\",\"dateModified\":\"2025-10-30T09:12:30+00:00\",\"description\":\"Mesas Trigo offre des services juridiques et fiscaux sp\u00e9cialis\u00e9s, adapt\u00e9s aux besoins de chaque client, avec une orientation strat\u00e9gique et un engagement d\u2019excellence.\",\"breadcrumb\":{\"@id\":\"https:\/\/www.mtma.es\/en\/areas-sectors\/#breadcrumb\"},\"inLanguage\":\"fr-FR\",\"potentialAction\":[{\"@type\":\"ReadAction\",\"target\":[\"https:\/\/www.mtma.es\/en\/areas-sectors\/\"]}]},{\"@type\":\"ImageObject\",\"inLanguage\":\"fr-FR\",\"@id\":\"https:\/\/www.mtma.es\/en\/areas-sectors\/#primaryimage\",\"url\":\"http:\/\/www.mtma.es\/wp-content\/uploads\/sites\/4\/2024\/12\/Areas-y-sectores-e1737644747589-727x1024.jpg\",\"contentUrl\":\"http:\/\/www.mtma.es\/wp-content\/uploads\/sites\/4\/2024\/12\/Areas-y-sectores-e1737644747589-727x1024.jpg\"},{\"@type\":\"BreadcrumbList\",\"@id\":\"https:\/\/www.mtma.es\/en\/areas-sectors\/#breadcrumb\",\"itemListElement\":[{\"@type\":\"ListItem\",\"position\":1,\"name\":\"Portada\",\"item\":\"https:\/\/www.mtma.es\/\"},{\"@type\":\"ListItem\",\"position\":2,\"name\":\"Domaines et secteurs\"}]},{\"@type\":\"WebSite\",\"@id\":\"https:\/\/www.mtma.es\/#website\",\"url\":\"https:\/\/www.mtma.es\/\",\"name\":\"Mesas Trigo\",\"description\":\"Business WordPress Theme\",\"publisher\":{\"@id\":\"https:\/\/www.mtma.es\/#organization\"},\"potentialAction\":[{\"@type\":\"SearchAction\",\"target\":{\"@type\":\"EntryPoint\",\"urlTemplate\":\"https:\/\/www.mtma.es\/?s={search_term_string}\"},\"query-input\":{\"@type\":\"PropertyValueSpecification\",\"valueRequired\":true,\"valueName\":\"search_term_string\"}}],\"inLanguage\":\"fr-FR\"},{\"@type\":\"Organization\",\"@id\":\"https:\/\/www.mtma.es\/#organization\",\"name\":\"Mesas Trigo\",\"url\":\"https:\/\/www.mtma.es\/\",\"logo\":{\"@type\":\"ImageObject\",\"inLanguage\":\"fr-FR\",\"@id\":\"https:\/\/www.mtma.es\/#\/schema\/logo\/image\/\",\"url\":\"https:\/\/www.mtma.es\/wp-content\/uploads\/sites\/4\/2024\/11\/cropped-favicon-mesas-trigo.png\",\"contentUrl\":\"https:\/\/www.mtma.es\/wp-content\/uploads\/sites\/4\/2024\/11\/cropped-favicon-mesas-trigo.png\",\"width\":512,\"height\":245,\"caption\":\"Mesas Trigo\"},\"image\":{\"@id\":\"https:\/\/www.mtma.es\/#\/schema\/logo\/image\/\"}}]}<\/script>\n<!-- \/ Yoast SEO Premium plugin. -->","yoast_head_json":{"title":"Domaines et secteurs - Mesas Trigo abogados","description":"Mesas Trigo offre des services juridiques et fiscaux sp\u00e9cialis\u00e9s, adapt\u00e9s aux besoins de chaque client, avec une orientation strat\u00e9gique et un engagement d\u2019excellence.","robots":{"index":"index","follow":"follow","max-snippet":"max-snippet:-1","max-image-preview":"max-image-preview:large","max-video-preview":"max-video-preview:-1"},"canonical":"https:\/\/www.mtma.es\/en\/areas-sectors\/","og_locale":"fr_FR","og_type":"article","og_title":"Domaines et secteurs","og_description":"Mesas Trigo offre des services juridiques et fiscaux sp\u00e9cialis\u00e9s, adapt\u00e9s aux besoins de chaque client, avec une orientation strat\u00e9gique et un engagement d\u2019excellence.","og_url":"https:\/\/www.mtma.es\/en\/areas-sectors\/","og_site_name":"Mesas Trigo Morales Arce","article_modified_time":"2025-10-30T09:12:30+00:00","og_image":[{"width":1164,"height":1640,"url":"https:\/\/www.mtma.es\/wp-content\/uploads\/sites\/4\/2024\/12\/Areas-y-sectores-e1737644747589.jpg","type":"image\/jpeg"}],"twitter_card":"summary_large_image","twitter_misc":{"Dur\u00e9e de lecture estim\u00e9e":"1 minute"},"schema":{"@context":"https:\/\/schema.org","@graph":[{"@type":"WebPage","@id":"https:\/\/www.mtma.es\/en\/areas-sectors\/","url":"https:\/\/www.mtma.es\/en\/areas-sectors\/","name":"Domaines et secteurs - Mesas Trigo abogados","isPartOf":{"@id":"https:\/\/www.mtma.es\/#website"},"primaryImageOfPage":{"@id":"https:\/\/www.mtma.es\/en\/areas-sectors\/#primaryimage"},"image":{"@id":"https:\/\/www.mtma.es\/en\/areas-sectors\/#primaryimage"},"thumbnailUrl":"http:\/\/www.mtma.es\/wp-content\/uploads\/sites\/4\/2024\/12\/Areas-y-sectores-e1737644747589-727x1024.jpg","datePublished":"2022-03-06T13:28:29+00:00","dateModified":"2025-10-30T09:12:30+00:00","description":"Mesas Trigo offre des services juridiques et fiscaux sp\u00e9cialis\u00e9s, adapt\u00e9s aux besoins de chaque client, avec une orientation strat\u00e9gique et un engagement d\u2019excellence.","breadcrumb":{"@id":"https:\/\/www.mtma.es\/en\/areas-sectors\/#breadcrumb"},"inLanguage":"fr-FR","potentialAction":[{"@type":"ReadAction","target":["https:\/\/www.mtma.es\/en\/areas-sectors\/"]}]},{"@type":"ImageObject","inLanguage":"fr-FR","@id":"https:\/\/www.mtma.es\/en\/areas-sectors\/#primaryimage","url":"http:\/\/www.mtma.es\/wp-content\/uploads\/sites\/4\/2024\/12\/Areas-y-sectores-e1737644747589-727x1024.jpg","contentUrl":"http:\/\/www.mtma.es\/wp-content\/uploads\/sites\/4\/2024\/12\/Areas-y-sectores-e1737644747589-727x1024.jpg"},{"@type":"BreadcrumbList","@id":"https:\/\/www.mtma.es\/en\/areas-sectors\/#breadcrumb","itemListElement":[{"@type":"ListItem","position":1,"name":"Portada","item":"https:\/\/www.mtma.es\/"},{"@type":"ListItem","position":2,"name":"Domaines et secteurs"}]},{"@type":"WebSite","@id":"https:\/\/www.mtma.es\/#website","url":"https:\/\/www.mtma.es\/","name":"Mesas Trigo","description":"Business WordPress Theme","publisher":{"@id":"https:\/\/www.mtma.es\/#organization"},"potentialAction":[{"@type":"SearchAction","target":{"@type":"EntryPoint","urlTemplate":"https:\/\/www.mtma.es\/?s={search_term_string}"},"query-input":{"@type":"PropertyValueSpecification","valueRequired":true,"valueName":"search_term_string"}}],"inLanguage":"fr-FR"},{"@type":"Organization","@id":"https:\/\/www.mtma.es\/#organization","name":"Mesas Trigo","url":"https:\/\/www.mtma.es\/","logo":{"@type":"ImageObject","inLanguage":"fr-FR","@id":"https:\/\/www.mtma.es\/#\/schema\/logo\/image\/","url":"https:\/\/www.mtma.es\/wp-content\/uploads\/sites\/4\/2024\/11\/cropped-favicon-mesas-trigo.png","contentUrl":"https:\/\/www.mtma.es\/wp-content\/uploads\/sites\/4\/2024\/11\/cropped-favicon-mesas-trigo.png","width":512,"height":245,"caption":"Mesas Trigo"},"image":{"@id":"https:\/\/www.mtma.es\/#\/schema\/logo\/image\/"}}]}},"_links":{"self":[{"href":"https:\/\/www.mtma.es\/fr\/wp-json\/wp\/v2\/pages\/11898","targetHints":{"allow":["GET"]}}],"collection":[{"href":"https:\/\/www.mtma.es\/fr\/wp-json\/wp\/v2\/pages"}],"about":[{"href":"https:\/\/www.mtma.es\/fr\/wp-json\/wp\/v2\/types\/page"}],"author":[{"embeddable":true,"href":"https:\/\/www.mtma.es\/fr\/wp-json\/wp\/v2\/users\/3"}],"replies":[{"embeddable":true,"href":"https:\/\/www.mtma.es\/fr\/wp-json\/wp\/v2\/comments?post=11898"}],"version-history":[{"count":35,"href":"https:\/\/www.mtma.es\/fr\/wp-json\/wp\/v2\/pages\/11898\/revisions"}],"predecessor-version":[{"id":13315,"href":"https:\/\/www.mtma.es\/fr\/wp-json\/wp\/v2\/pages\/11898\/revisions\/13315"}],"wp:attachment":[{"href":"https:\/\/www.mtma.es\/fr\/wp-json\/wp\/v2\/media?parent=11898"}],"curies":[{"name":"wp","href":"https:\/\/api.w.org\/{rel}","templated":true}]}}