{"id":11943,"date":"2024-11-25T11:07:32","date_gmt":"2024-11-25T11:07:32","guid":{"rendered":"http:\/\/www.mesastrigo-advocats.com\/equipo-y-talento\/"},"modified":"2025-10-30T07:38:00","modified_gmt":"2025-10-30T07:38:00","slug":"equipe-et-telent","status":"publish","type":"page","link":"https:\/\/www.mtma.es\/fr\/equipe-et-telent\/","title":{"rendered":"\u00c9quipe et talent"},"content":{"rendered":"\t\t<div data-elementor-type=\"wp-page\" data-elementor-id=\"11943\" class=\"elementor elementor-11943 elementor-8235\">\n\t\t\t\t        <section class=\"elementor-section elementor-top-section elementor-element elementor-element-61a60f2 elementor-section-boxed elementor-section-height-default elementor-section-height-default pxl-type-header-none pxl-row-scroll-none pxl-bg-color-none pxl-section-overlay-none\" data-id=\"61a60f2\" data-element_type=\"section\">\n\n                \n                <div class=\"elementor-container elementor-column-gap-default \">\n                <div class=\"elementor-column elementor-col-100 elementor-top-column elementor-element elementor-element-5153d21 pxl-col-none pxl-column-none\" data-id=\"5153d21\" data-element_type=\"column\">\r\n        <div class=\"elementor-widget-wrap elementor-element-populated\">\r\n                     \r\n        \t\t<div class=\"elementor-element elementor-element-433fdb3 elementor-widget elementor-widget-heading\" data-id=\"433fdb3\" data-element_type=\"widget\" data-widget_type=\"heading.default\">\n\t\t\t\t<div class=\"elementor-widget-container\">\n\t\t\t<div id=\"pxl-heading-433fdb3-6493\" class=\"pxl-heading typewriter-color\">\n\t<div class=\"pxl-heading--inner\">\n\t\t\n\t\t<div class=\"pxl-item--dividerwrap divider-position-left\">\n\t\t\t<div class=\"pxl-item--divider\"><\/div>\t\t\t<h2 class=\"pxl-item--title  highlight-default \" data-wow-delay=\"ms\">\n\t\t\t\tS\u00e9lection de talents\t\t\n\t\t\t<\/h2>\n\t\t<\/div>\n\t\t\t<\/div>\n<\/div>\t\t<\/div>\n\t\t\t\t<\/div>\n\t\t        <section class=\"elementor-section elementor-inner-section elementor-element elementor-element-4238b52 elementor-section-boxed elementor-section-height-default elementor-section-height-default pxl-type-header-none pxl-row-scroll-none pxl-bg-color-none pxl-section-overlay-none\" data-id=\"4238b52\" data-element_type=\"section\">\n\n                \n                <div class=\"elementor-container elementor-column-gap-default \">\n                <div class=\"elementor-column elementor-col-100 elementor-inner-column elementor-element elementor-element-c3e68df pxl-col-none pxl-column-none\" data-id=\"c3e68df\" data-element_type=\"column\">\r\n        <div class=\"elementor-widget-wrap elementor-element-populated\">\r\n                     \r\n        \t\t<div class=\"elementor-element elementor-element-cb06c06 elementor-widget__width-initial elementor-widget elementor-widget-text-editor\" data-id=\"cb06c06\" data-element_type=\"widget\" data-widget_type=\"text-editor.default\">\n\t\t\t\t<div class=\"elementor-widget-container\">\n\t\t\t\t\t\t\t<p>Notre \u00e9quipe est le c\u0153ur de notre r\u00e9ussite. Nous croyons fermement au pouvoir de la collaboration, du respect mutuel et de l\u2019effort collectif pour atteindre l\u2019excellence.<\/p>\t\t\t\t\t\t<\/div>\n\t\t\t\t<\/div>\n\t\t            <\/div>\r\n        <\/div>\r\n        \t\t\t<\/div>\n\t\t<\/section>\n\t\t\t\t<div class=\"elementor-element elementor-element-a0c9b1f elementor-widget elementor-widget-team_carousel\" data-id=\"a0c9b1f\" data-element_type=\"widget\" data-widget_type=\"team_carousel.default\">\n\t\t\t\t<div class=\"elementor-widget-container\">\n\t\t\t    <div class=\"pxl-swiper-sliders pxl-team pxl-team-carousel6\" >\n        <div class=\"pxl-carousel-inner\">\n            <div class=\"pxl-swiper-container\" dir=\"ltr\" data-settings=\"{&quot;slide_direction&quot;:&quot;horizontal&quot;,&quot;slide_percolumn&quot;:&quot;1&quot;,&quot;slide_mode&quot;:&quot;slide&quot;,&quot;slides_to_show&quot;:&quot;3&quot;,&quot;slides_to_show_xxl&quot;:&quot;3&quot;,&quot;slides_to_show_lg&quot;:&quot;3&quot;,&quot;slides_to_show_md&quot;:&quot;3&quot;,&quot;slides_to_show_sm&quot;:&quot;3&quot;,&quot;slides_to_show_xs&quot;:&quot;1&quot;,&quot;slides_to_scroll&quot;:&quot;1&quot;,&quot;arrow&quot;:&quot;false&quot;,&quot;pagination&quot;:&quot;false&quot;,&quot;pagination_type&quot;:&quot;bullets&quot;,&quot;autoplay&quot;:&quot;true&quot;,&quot;pause_on_hover&quot;:&quot;&quot;,&quot;pause_on_interaction&quot;:&quot;true&quot;,&quot;delay&quot;:5000,&quot;loop&quot;:&quot;false&quot;,&quot;speed&quot;:500}\">\n                <div class=\"pxl-swiper-wrapper\">\n                                            <div class=\"pxl-swiper-slide\">\n                            <div class=\"pxl-item--inner pxl-hover-divider \" data-wow-delay=\"ms\">\n                                                                    <div class=\"pxl-item--image\">\n                                        <img fetchpriority=\"high\" decoding=\"async\" class=\"no-lazyload \" src=\"https:\/\/www.mtma.es\/wp-content\/uploads\/sites\/4\/2025\/07\/Antonio-Morales-Arce-scaled-370x376.jpg\" width=\"370\" height=\"376\" alt=\"Antonio Morales-Arce\" title=\"Antonio Morales-Arce\" \/>                                        <div class=\"pxl-item--content el-empty\"><\/div>\n                                    <\/div>\n                                                                <div class=\"pxl-item--holder\">\n                                    <h4 class=\"pxl-item--title\">    \n                                                                                    Antonio Morales-Arce Yllera                                                                            <\/h4>\n                                    <div class=\"pxl-item--position\">Associ\u00e9<\/div>\n                                    <div class=\"pxl-item--social\">\n                                                                                        <a href=\"\/antonio-morales-arce-yllera\/\" target=\"_blank\"><i class=\"flaticon flaticon-right-arrow\"><\/i><\/a>\n                                                                                <\/div>\n                                <\/div>\n                           <\/div>\n                        <\/div>\n                                    <\/div>\n            <\/div>\n                                <\/div>\n    <\/div>\n\t\t<\/div>\n\t\t\t\t<\/div>\n\t\t            <\/div>\r\n        <\/div>\r\n        \t\t\t<\/div>\n\t\t<\/section>\n\t\t\t\t<\/div>\n\t\t","protected":false},"excerpt":{"rendered":"<p>S\u00e9lection de talents Notre \u00e9quipe est le c\u0153ur de notre r\u00e9ussite. Nous croyons fermement au pouvoir de la collaboration, du respect mutuel et de l\u2019effort collectif pour atteindre l\u2019excellence. Antonio Morales-Arce Yllera Associ\u00e9<\/p>\n","protected":false},"author":3,"featured_media":0,"parent":0,"menu_order":0,"comment_status":"closed","ping_status":"closed","template":"","meta":{"footnotes":""},"class_list":["post-11943","page","type-page","status-publish","hentry"],"yoast_head":"<!-- This site is optimized with the Yoast SEO Premium plugin v25.3 (Yoast SEO v25.3) - https:\/\/yoast.com\/wordpress\/plugins\/seo\/ -->\n<title>\u00c9quipe et talent - Mesas Trigo Morales Arce<\/title>\n<meta name=\"description\" content=\"Nuestro equipo combina especializaci\u00f3n y vocaci\u00f3n de servicio para ofrecer servicios de calidad en un entorno de colaboraci\u00f3n y excelencia\" \/>\n<meta name=\"robots\" content=\"index, follow, max-snippet:-1, max-image-preview:large, max-video-preview:-1\" \/>\n<link rel=\"canonical\" href=\"https:\/\/www.mtma.es\/fr\/equipe-et-telent\/\" \/>\n<meta property=\"og:locale\" content=\"fr_FR\" \/>\n<meta property=\"og:type\" content=\"article\" \/>\n<meta property=\"og:title\" content=\"\u00c9quipe et talent\" \/>\n<meta property=\"og:description\" content=\"Nuestro equipo combina especializaci\u00f3n y vocaci\u00f3n de servicio para ofrecer servicios de calidad en un entorno de colaboraci\u00f3n y excelencia\" \/>\n<meta property=\"og:url\" content=\"https:\/\/www.mtma.es\/fr\/equipe-et-telent\/\" \/>\n<meta property=\"og:site_name\" content=\"Mesas Trigo Morales Arce\" \/>\n<meta property=\"article:modified_time\" content=\"2025-10-30T07:38:00+00:00\" \/>\n<meta property=\"og:image\" content=\"http:\/\/www.mtma.es\/wp-content\/uploads\/sites\/4\/2025\/07\/Antonio-Morales-Arce-scaled-370x376.jpg\" \/>\n<meta name=\"twitter:card\" content=\"summary_large_image\" \/>\n<meta name=\"twitter:label1\" content=\"Dur\u00e9e de lecture estim\u00e9e\" \/>\n\t<meta name=\"twitter:data1\" content=\"1 minute\" \/>\n<script type=\"application\/ld+json\" class=\"yoast-schema-graph\">{\"@context\":\"https:\/\/schema.org\",\"@graph\":[{\"@type\":\"WebPage\",\"@id\":\"https:\/\/www.mtma.es\/fr\/equipe-et-telent\/\",\"url\":\"https:\/\/www.mtma.es\/fr\/equipe-et-telent\/\",\"name\":\"\u00c9quipe et talent - Mesas Trigo Morales Arce\",\"isPartOf\":{\"@id\":\"https:\/\/www.mtma.es\/#website\"},\"primaryImageOfPage\":{\"@id\":\"https:\/\/www.mtma.es\/fr\/equipe-et-telent\/#primaryimage\"},\"image\":{\"@id\":\"https:\/\/www.mtma.es\/fr\/equipe-et-telent\/#primaryimage\"},\"thumbnailUrl\":\"http:\/\/www.mtma.es\/wp-content\/uploads\/sites\/4\/2025\/07\/Antonio-Morales-Arce-scaled-370x376.jpg\",\"datePublished\":\"2024-11-25T11:07:32+00:00\",\"dateModified\":\"2025-10-30T07:38:00+00:00\",\"description\":\"Nuestro equipo combina especializaci\u00f3n y vocaci\u00f3n de servicio para ofrecer servicios de calidad en un entorno de colaboraci\u00f3n y excelencia\",\"breadcrumb\":{\"@id\":\"https:\/\/www.mtma.es\/fr\/equipe-et-telent\/#breadcrumb\"},\"inLanguage\":\"fr-FR\",\"potentialAction\":[{\"@type\":\"ReadAction\",\"target\":[\"https:\/\/www.mtma.es\/fr\/equipe-et-telent\/\"]}]},{\"@type\":\"ImageObject\",\"inLanguage\":\"fr-FR\",\"@id\":\"https:\/\/www.mtma.es\/fr\/equipe-et-telent\/#primaryimage\",\"url\":\"http:\/\/www.mtma.es\/wp-content\/uploads\/sites\/4\/2025\/07\/Antonio-Morales-Arce-scaled-370x376.jpg\",\"contentUrl\":\"http:\/\/www.mtma.es\/wp-content\/uploads\/sites\/4\/2025\/07\/Antonio-Morales-Arce-scaled-370x376.jpg\"},{\"@type\":\"BreadcrumbList\",\"@id\":\"https:\/\/www.mtma.es\/fr\/equipe-et-telent\/#breadcrumb\",\"itemListElement\":[{\"@type\":\"ListItem\",\"position\":1,\"name\":\"Portada\",\"item\":\"https:\/\/www.mtma.es\/\"},{\"@type\":\"ListItem\",\"position\":2,\"name\":\"\u00c9quipe et talent\"}]},{\"@type\":\"WebSite\",\"@id\":\"https:\/\/www.mtma.es\/#website\",\"url\":\"https:\/\/www.mtma.es\/\",\"name\":\"Mesas Trigo\",\"description\":\"Business WordPress Theme\",\"publisher\":{\"@id\":\"https:\/\/www.mtma.es\/#organization\"},\"potentialAction\":[{\"@type\":\"SearchAction\",\"target\":{\"@type\":\"EntryPoint\",\"urlTemplate\":\"https:\/\/www.mtma.es\/?s={search_term_string}\"},\"query-input\":{\"@type\":\"PropertyValueSpecification\",\"valueRequired\":true,\"valueName\":\"search_term_string\"}}],\"inLanguage\":\"fr-FR\"},{\"@type\":\"Organization\",\"@id\":\"https:\/\/www.mtma.es\/#organization\",\"name\":\"Mesas Trigo\",\"url\":\"https:\/\/www.mtma.es\/\",\"logo\":{\"@type\":\"ImageObject\",\"inLanguage\":\"fr-FR\",\"@id\":\"https:\/\/www.mtma.es\/#\/schema\/logo\/image\/\",\"url\":\"https:\/\/www.mtma.es\/wp-content\/uploads\/sites\/4\/2024\/11\/cropped-favicon-mesas-trigo.png\",\"contentUrl\":\"https:\/\/www.mtma.es\/wp-content\/uploads\/sites\/4\/2024\/11\/cropped-favicon-mesas-trigo.png\",\"width\":512,\"height\":245,\"caption\":\"Mesas Trigo\"},\"image\":{\"@id\":\"https:\/\/www.mtma.es\/#\/schema\/logo\/image\/\"}}]}<\/script>\n<!-- \/ Yoast SEO Premium plugin. -->","yoast_head_json":{"title":"\u00c9quipe et talent - Mesas Trigo Morales Arce","description":"Nuestro equipo combina especializaci\u00f3n y vocaci\u00f3n de servicio para ofrecer servicios de calidad en un entorno de colaboraci\u00f3n y excelencia","robots":{"index":"index","follow":"follow","max-snippet":"max-snippet:-1","max-image-preview":"max-image-preview:large","max-video-preview":"max-video-preview:-1"},"canonical":"https:\/\/www.mtma.es\/fr\/equipe-et-telent\/","og_locale":"fr_FR","og_type":"article","og_title":"\u00c9quipe et talent","og_description":"Nuestro equipo combina especializaci\u00f3n y vocaci\u00f3n de servicio para ofrecer servicios de calidad en un entorno de colaboraci\u00f3n y excelencia","og_url":"https:\/\/www.mtma.es\/fr\/equipe-et-telent\/","og_site_name":"Mesas Trigo Morales Arce","article_modified_time":"2025-10-30T07:38:00+00:00","og_image":[{"url":"http:\/\/www.mtma.es\/wp-content\/uploads\/sites\/4\/2025\/07\/Antonio-Morales-Arce-scaled-370x376.jpg","type":"","width":"","height":""}],"twitter_card":"summary_large_image","twitter_misc":{"Dur\u00e9e de lecture estim\u00e9e":"1 minute"},"schema":{"@context":"https:\/\/schema.org","@graph":[{"@type":"WebPage","@id":"https:\/\/www.mtma.es\/fr\/equipe-et-telent\/","url":"https:\/\/www.mtma.es\/fr\/equipe-et-telent\/","name":"\u00c9quipe et talent - Mesas Trigo Morales Arce","isPartOf":{"@id":"https:\/\/www.mtma.es\/#website"},"primaryImageOfPage":{"@id":"https:\/\/www.mtma.es\/fr\/equipe-et-telent\/#primaryimage"},"image":{"@id":"https:\/\/www.mtma.es\/fr\/equipe-et-telent\/#primaryimage"},"thumbnailUrl":"http:\/\/www.mtma.es\/wp-content\/uploads\/sites\/4\/2025\/07\/Antonio-Morales-Arce-scaled-370x376.jpg","datePublished":"2024-11-25T11:07:32+00:00","dateModified":"2025-10-30T07:38:00+00:00","description":"Nuestro equipo combina especializaci\u00f3n y vocaci\u00f3n de servicio para ofrecer servicios de calidad en un entorno de colaboraci\u00f3n y excelencia","breadcrumb":{"@id":"https:\/\/www.mtma.es\/fr\/equipe-et-telent\/#breadcrumb"},"inLanguage":"fr-FR","potentialAction":[{"@type":"ReadAction","target":["https:\/\/www.mtma.es\/fr\/equipe-et-telent\/"]}]},{"@type":"ImageObject","inLanguage":"fr-FR","@id":"https:\/\/www.mtma.es\/fr\/equipe-et-telent\/#primaryimage","url":"http:\/\/www.mtma.es\/wp-content\/uploads\/sites\/4\/2025\/07\/Antonio-Morales-Arce-scaled-370x376.jpg","contentUrl":"http:\/\/www.mtma.es\/wp-content\/uploads\/sites\/4\/2025\/07\/Antonio-Morales-Arce-scaled-370x376.jpg"},{"@type":"BreadcrumbList","@id":"https:\/\/www.mtma.es\/fr\/equipe-et-telent\/#breadcrumb","itemListElement":[{"@type":"ListItem","position":1,"name":"Portada","item":"https:\/\/www.mtma.es\/"},{"@type":"ListItem","position":2,"name":"\u00c9quipe et talent"}]},{"@type":"WebSite","@id":"https:\/\/www.mtma.es\/#website","url":"https:\/\/www.mtma.es\/","name":"Mesas Trigo","description":"Business WordPress Theme","publisher":{"@id":"https:\/\/www.mtma.es\/#organization"},"potentialAction":[{"@type":"SearchAction","target":{"@type":"EntryPoint","urlTemplate":"https:\/\/www.mtma.es\/?s={search_term_string}"},"query-input":{"@type":"PropertyValueSpecification","valueRequired":true,"valueName":"search_term_string"}}],"inLanguage":"fr-FR"},{"@type":"Organization","@id":"https:\/\/www.mtma.es\/#organization","name":"Mesas Trigo","url":"https:\/\/www.mtma.es\/","logo":{"@type":"ImageObject","inLanguage":"fr-FR","@id":"https:\/\/www.mtma.es\/#\/schema\/logo\/image\/","url":"https:\/\/www.mtma.es\/wp-content\/uploads\/sites\/4\/2024\/11\/cropped-favicon-mesas-trigo.png","contentUrl":"https:\/\/www.mtma.es\/wp-content\/uploads\/sites\/4\/2024\/11\/cropped-favicon-mesas-trigo.png","width":512,"height":245,"caption":"Mesas Trigo"},"image":{"@id":"https:\/\/www.mtma.es\/#\/schema\/logo\/image\/"}}]}},"_links":{"self":[{"href":"https:\/\/www.mtma.es\/fr\/wp-json\/wp\/v2\/pages\/11943","targetHints":{"allow":["GET"]}}],"collection":[{"href":"https:\/\/www.mtma.es\/fr\/wp-json\/wp\/v2\/pages"}],"about":[{"href":"https:\/\/www.mtma.es\/fr\/wp-json\/wp\/v2\/types\/page"}],"author":[{"embeddable":true,"href":"https:\/\/www.mtma.es\/fr\/wp-json\/wp\/v2\/users\/3"}],"replies":[{"embeddable":true,"href":"https:\/\/www.mtma.es\/fr\/wp-json\/wp\/v2\/comments?post=11943"}],"version-history":[{"count":22,"href":"https:\/\/www.mtma.es\/fr\/wp-json\/wp\/v2\/pages\/11943\/revisions"}],"predecessor-version":[{"id":13178,"href":"https:\/\/www.mtma.es\/fr\/wp-json\/wp\/v2\/pages\/11943\/revisions\/13178"}],"wp:attachment":[{"href":"https:\/\/www.mtma.es\/fr\/wp-json\/wp\/v2\/media?parent=11943"}],"curies":[{"name":"wp","href":"https:\/\/api.w.org\/{rel}","templated":true}]}}