{"id":11951,"date":"2022-03-02T10:34:50","date_gmt":"2022-03-02T10:34:50","guid":{"rendered":"http:\/\/www.mesastrigo-advocats.com\/noticias\/"},"modified":"2025-06-30T06:19:26","modified_gmt":"2025-06-30T06:19:26","slug":"nouvelles","status":"publish","type":"page","link":"https:\/\/www.mtma.es\/fr\/nouvelles\/","title":{"rendered":"Nouvelles"},"content":{"rendered":"\t\t<div data-elementor-type=\"wp-page\" data-elementor-id=\"11951\" class=\"elementor elementor-11951 elementor-471\">\n\t\t\t\t        <section class=\"elementor-section elementor-top-section elementor-element elementor-element-dc89a6e elementor-section-boxed elementor-section-height-default elementor-section-height-default pxl-type-header-none pxl-row-scroll-none pxl-bg-color-none pxl-section-overlay-none\" data-id=\"dc89a6e\" data-element_type=\"section\">\n\n                \n                <div class=\"elementor-container elementor-column-gap-extended \">\n                <div class=\"elementor-column elementor-col-100 elementor-top-column elementor-element elementor-element-7dd6050 pxl-col-none pxl-column-none\" data-id=\"7dd6050\" data-element_type=\"column\">\r\n        <div class=\"elementor-widget-wrap elementor-element-populated\">\r\n                     \r\n        \t\t<div class=\"elementor-element elementor-element-4d9cfe2 elementor-widget elementor-widget-heading\" data-id=\"4d9cfe2\" data-element_type=\"widget\" data-widget_type=\"heading.default\">\n\t\t\t\t<div class=\"elementor-widget-container\">\n\t\t\t<div id=\"pxl-heading-4d9cfe2-5721\" class=\"pxl-heading typewriter-color\">\n\t<div class=\"pxl-heading--inner\">\n\t\t\n\t\t<div class=\"pxl-item--dividerwrap divider-position-left\">\n\t\t\t<div class=\"pxl-item--divider\"><\/div>\t\t\t<h2 class=\"pxl-item--title  highlight-default \" data-wow-delay=\"ms\">\n\t\t\t\tTous les \u00e9v\u00e9nements \u00e0 venir sur notre agenda\t\t\n\t\t\t<\/h2>\n\t\t<\/div>\n\t\t\t<\/div>\n<\/div>\t\t<\/div>\n\t\t\t\t<\/div>\n\t\t            <\/div>\r\n        <\/div>\r\n        \t\t\t<\/div>\n\t\t<\/section>\n\t\t        <section class=\"elementor-section elementor-top-section elementor-element elementor-element-adb5b28 elementor-section-boxed elementor-section-height-default elementor-section-height-default pxl-type-header-none pxl-row-scroll-none pxl-bg-color-none pxl-section-overlay-none\" data-id=\"adb5b28\" data-element_type=\"section\">\n\n                \n                <div class=\"elementor-container elementor-column-gap-default \">\n                <div class=\"elementor-column elementor-col-100 elementor-top-column elementor-element elementor-element-4585163 pxl-col-none pxl-column-none\" data-id=\"4585163\" data-element_type=\"column\">\r\n        <div class=\"elementor-widget-wrap elementor-element-populated\">\r\n                     \r\n        \t\t<div class=\"elementor-element elementor-element-ffd27f4 elementor-widget elementor-widget-text-editor\" data-id=\"ffd27f4\" data-element_type=\"widget\" data-widget_type=\"text-editor.default\">\n\t\t\t\t<div class=\"elementor-widget-container\">\n\t\t\t\t\t\t\t<p>Nous sommes les protagonistes de la r\u00e9alit\u00e9 juridique et entrepreneuriale, analysant la situation \u00e9conomique et les d\u00e9fis auxquels notre pays est confront\u00e9 afin de construire un avenir plus fort et plus juste.<\/p>\t\t\t\t\t\t<\/div>\n\t\t\t\t<\/div>\n\t\t            <\/div>\r\n        <\/div>\r\n        \t\t\t<\/div>\n\t\t<\/section>\n\t\t        <section class=\"elementor-section elementor-top-section elementor-element elementor-element-e514016 elementor-section-boxed elementor-section-height-default elementor-section-height-default pxl-type-header-none pxl-row-scroll-none pxl-bg-color-none pxl-section-overlay-none\" data-id=\"e514016\" data-element_type=\"section\">\n\n                \n                <div class=\"elementor-container elementor-column-gap-extended \">\n                <div class=\"elementor-column elementor-col-100 elementor-top-column elementor-element elementor-element-d227712 pxl-col-none pxl-column-none\" data-id=\"d227712\" data-element_type=\"column\">\r\n        <div class=\"elementor-widget-wrap elementor-element-populated\">\r\n                     \r\n        \t\t<div class=\"elementor-element elementor-element-5ff8178 pxl-post-layout-portfolio-13 elementor-widget elementor-widget-post_grid\" data-id=\"5ff8178\" data-element_type=\"widget\" data-widget_type=\"post_grid.default\">\n\t\t\t\t<div class=\"elementor-widget-container\">\n\t\t\t\n<div id=\"post_grid-5ff8178-8511\" class=\"pxl-grid pxl-portfolio-grid pxl-portfolio-grid-layout13 pxl-grid-nogap\" data-layout=\"masonry\" data-start-page=\"1\" data-max-pages=\"0\" data-total=\"0\" data-perpage=\"3\" data-next-link=\"https:\/\/www.mtma.es\/fr\/wp-json\/wp\/v2\/pages\/11951\/page\/2\/\">\n    \n    <div class=\"pxl-grid-inner pxl-grid-masonry row grid-col-xl-4 grid-col-lg-6 \" data-gutter=\"15\">\n        <div class=\"grid-sizer col-xl-4 col-lg-4 col-md-6 col-sm-6 col-12\"><\/div>\n            <\/div>\n        <\/div>\t\t<\/div>\n\t\t\t\t<\/div>\n\t\t            <\/div>\r\n        <\/div>\r\n        \t\t\t<\/div>\n\t\t<\/section>\n\t\t\t\t<\/div>\n\t\t","protected":false},"excerpt":{"rendered":"<p>Tous les \u00e9v\u00e9nements \u00e0 venir sur notre agenda Nous sommes les protagonistes de la r\u00e9alit\u00e9 juridique et entrepreneuriale, analysant la situation \u00e9conomique et les d\u00e9fis auxquels notre pays est confront\u00e9 afin de construire un avenir plus fort et plus juste.<\/p>\n","protected":false},"author":3,"featured_media":0,"parent":0,"menu_order":0,"comment_status":"closed","ping_status":"closed","template":"","meta":{"footnotes":""},"class_list":["post-11951","page","type-page","status-publish","hentry"],"yoast_head":"<!-- This site is optimized with the Yoast SEO Premium plugin v25.3 (Yoast SEO v25.3) - https:\/\/yoast.com\/wordpress\/plugins\/seo\/ -->\n<title>Nouvelles - Mesas Trigo avocats<\/title>\n<meta name=\"description\" content=\"Consultez les derni\u00e8res nouvelles, les \u00e9v\u00e9nements et les analyses \u00e9conomiques et juridiques qui marquent l\u2019avenir de l\u2019entreprise et de la fiscalit\u00e9 dans notre pays\" \/>\n<meta name=\"robots\" content=\"index, follow, max-snippet:-1, max-image-preview:large, max-video-preview:-1\" \/>\n<link rel=\"canonical\" href=\"https:\/\/www.mtma.es\/noticias\/\" \/>\n<meta property=\"og:locale\" content=\"fr_FR\" \/>\n<meta property=\"og:type\" content=\"article\" \/>\n<meta property=\"og:title\" content=\"Nouvelles\" \/>\n<meta property=\"og:description\" content=\"Consultez les derni\u00e8res nouvelles, les \u00e9v\u00e9nements et les analyses \u00e9conomiques et juridiques qui marquent l\u2019avenir de l\u2019entreprise et de la fiscalit\u00e9 dans notre pays\" \/>\n<meta property=\"og:url\" content=\"https:\/\/www.mtma.es\/noticias\/\" \/>\n<meta property=\"og:site_name\" content=\"Mesas Trigo Morales Arce\" \/>\n<meta property=\"article:modified_time\" content=\"2025-06-30T06:19:26+00:00\" \/>\n<meta name=\"twitter:card\" content=\"summary_large_image\" \/>\n<meta name=\"twitter:label1\" content=\"Dur\u00e9e de lecture estim\u00e9e\" \/>\n\t<meta name=\"twitter:data1\" content=\"1 minute\" \/>\n<script type=\"application\/ld+json\" class=\"yoast-schema-graph\">{\"@context\":\"https:\/\/schema.org\",\"@graph\":[{\"@type\":\"WebPage\",\"@id\":\"https:\/\/www.mtma.es\/noticias\/\",\"url\":\"https:\/\/www.mtma.es\/noticias\/\",\"name\":\"Nouvelles - Mesas Trigo avocats\",\"isPartOf\":{\"@id\":\"https:\/\/www.mtma.es\/#website\"},\"datePublished\":\"2022-03-02T10:34:50+00:00\",\"dateModified\":\"2025-06-30T06:19:26+00:00\",\"description\":\"Consultez les derni\u00e8res nouvelles, les \u00e9v\u00e9nements et les analyses \u00e9conomiques et juridiques qui marquent l\u2019avenir de l\u2019entreprise et de la fiscalit\u00e9 dans notre pays\",\"breadcrumb\":{\"@id\":\"https:\/\/www.mtma.es\/noticias\/#breadcrumb\"},\"inLanguage\":\"fr-FR\",\"potentialAction\":[{\"@type\":\"ReadAction\",\"target\":[\"https:\/\/www.mtma.es\/noticias\/\"]}]},{\"@type\":\"BreadcrumbList\",\"@id\":\"https:\/\/www.mtma.es\/noticias\/#breadcrumb\",\"itemListElement\":[{\"@type\":\"ListItem\",\"position\":1,\"name\":\"Portada\",\"item\":\"https:\/\/www.mtma.es\/\"},{\"@type\":\"ListItem\",\"position\":2,\"name\":\"Nouvelles\"}]},{\"@type\":\"WebSite\",\"@id\":\"https:\/\/www.mtma.es\/#website\",\"url\":\"https:\/\/www.mtma.es\/\",\"name\":\"Mesas Trigo\",\"description\":\"Business WordPress Theme\",\"publisher\":{\"@id\":\"https:\/\/www.mtma.es\/#organization\"},\"potentialAction\":[{\"@type\":\"SearchAction\",\"target\":{\"@type\":\"EntryPoint\",\"urlTemplate\":\"https:\/\/www.mtma.es\/?s={search_term_string}\"},\"query-input\":{\"@type\":\"PropertyValueSpecification\",\"valueRequired\":true,\"valueName\":\"search_term_string\"}}],\"inLanguage\":\"fr-FR\"},{\"@type\":\"Organization\",\"@id\":\"https:\/\/www.mtma.es\/#organization\",\"name\":\"Mesas Trigo\",\"url\":\"https:\/\/www.mtma.es\/\",\"logo\":{\"@type\":\"ImageObject\",\"inLanguage\":\"fr-FR\",\"@id\":\"https:\/\/www.mtma.es\/#\/schema\/logo\/image\/\",\"url\":\"https:\/\/www.mtma.es\/wp-content\/uploads\/sites\/4\/2024\/11\/cropped-favicon-mesas-trigo.png\",\"contentUrl\":\"https:\/\/www.mtma.es\/wp-content\/uploads\/sites\/4\/2024\/11\/cropped-favicon-mesas-trigo.png\",\"width\":512,\"height\":245,\"caption\":\"Mesas Trigo\"},\"image\":{\"@id\":\"https:\/\/www.mtma.es\/#\/schema\/logo\/image\/\"}}]}<\/script>\n<!-- \/ Yoast SEO Premium plugin. -->","yoast_head_json":{"title":"Nouvelles - Mesas Trigo avocats","description":"Consultez les derni\u00e8res nouvelles, les \u00e9v\u00e9nements et les analyses \u00e9conomiques et juridiques qui marquent l\u2019avenir de l\u2019entreprise et de la fiscalit\u00e9 dans notre pays","robots":{"index":"index","follow":"follow","max-snippet":"max-snippet:-1","max-image-preview":"max-image-preview:large","max-video-preview":"max-video-preview:-1"},"canonical":"https:\/\/www.mtma.es\/noticias\/","og_locale":"fr_FR","og_type":"article","og_title":"Nouvelles","og_description":"Consultez les derni\u00e8res nouvelles, les \u00e9v\u00e9nements et les analyses \u00e9conomiques et juridiques qui marquent l\u2019avenir de l\u2019entreprise et de la fiscalit\u00e9 dans notre pays","og_url":"https:\/\/www.mtma.es\/noticias\/","og_site_name":"Mesas Trigo Morales Arce","article_modified_time":"2025-06-30T06:19:26+00:00","twitter_card":"summary_large_image","twitter_misc":{"Dur\u00e9e de lecture estim\u00e9e":"1 minute"},"schema":{"@context":"https:\/\/schema.org","@graph":[{"@type":"WebPage","@id":"https:\/\/www.mtma.es\/noticias\/","url":"https:\/\/www.mtma.es\/noticias\/","name":"Nouvelles - Mesas Trigo avocats","isPartOf":{"@id":"https:\/\/www.mtma.es\/#website"},"datePublished":"2022-03-02T10:34:50+00:00","dateModified":"2025-06-30T06:19:26+00:00","description":"Consultez les derni\u00e8res nouvelles, les \u00e9v\u00e9nements et les analyses \u00e9conomiques et juridiques qui marquent l\u2019avenir de l\u2019entreprise et de la fiscalit\u00e9 dans notre pays","breadcrumb":{"@id":"https:\/\/www.mtma.es\/noticias\/#breadcrumb"},"inLanguage":"fr-FR","potentialAction":[{"@type":"ReadAction","target":["https:\/\/www.mtma.es\/noticias\/"]}]},{"@type":"BreadcrumbList","@id":"https:\/\/www.mtma.es\/noticias\/#breadcrumb","itemListElement":[{"@type":"ListItem","position":1,"name":"Portada","item":"https:\/\/www.mtma.es\/"},{"@type":"ListItem","position":2,"name":"Nouvelles"}]},{"@type":"WebSite","@id":"https:\/\/www.mtma.es\/#website","url":"https:\/\/www.mtma.es\/","name":"Mesas Trigo","description":"Business WordPress Theme","publisher":{"@id":"https:\/\/www.mtma.es\/#organization"},"potentialAction":[{"@type":"SearchAction","target":{"@type":"EntryPoint","urlTemplate":"https:\/\/www.mtma.es\/?s={search_term_string}"},"query-input":{"@type":"PropertyValueSpecification","valueRequired":true,"valueName":"search_term_string"}}],"inLanguage":"fr-FR"},{"@type":"Organization","@id":"https:\/\/www.mtma.es\/#organization","name":"Mesas Trigo","url":"https:\/\/www.mtma.es\/","logo":{"@type":"ImageObject","inLanguage":"fr-FR","@id":"https:\/\/www.mtma.es\/#\/schema\/logo\/image\/","url":"https:\/\/www.mtma.es\/wp-content\/uploads\/sites\/4\/2024\/11\/cropped-favicon-mesas-trigo.png","contentUrl":"https:\/\/www.mtma.es\/wp-content\/uploads\/sites\/4\/2024\/11\/cropped-favicon-mesas-trigo.png","width":512,"height":245,"caption":"Mesas Trigo"},"image":{"@id":"https:\/\/www.mtma.es\/#\/schema\/logo\/image\/"}}]}},"_links":{"self":[{"href":"https:\/\/www.mtma.es\/fr\/wp-json\/wp\/v2\/pages\/11951","targetHints":{"allow":["GET"]}}],"collection":[{"href":"https:\/\/www.mtma.es\/fr\/wp-json\/wp\/v2\/pages"}],"about":[{"href":"https:\/\/www.mtma.es\/fr\/wp-json\/wp\/v2\/types\/page"}],"author":[{"embeddable":true,"href":"https:\/\/www.mtma.es\/fr\/wp-json\/wp\/v2\/users\/3"}],"replies":[{"embeddable":true,"href":"https:\/\/www.mtma.es\/fr\/wp-json\/wp\/v2\/comments?post=11951"}],"version-history":[{"count":4,"href":"https:\/\/www.mtma.es\/fr\/wp-json\/wp\/v2\/pages\/11951\/revisions"}],"predecessor-version":[{"id":11955,"href":"https:\/\/www.mtma.es\/fr\/wp-json\/wp\/v2\/pages\/11951\/revisions\/11955"}],"wp:attachment":[{"href":"https:\/\/www.mtma.es\/fr\/wp-json\/wp\/v2\/media?parent=11951"}],"curies":[{"name":"wp","href":"https:\/\/api.w.org\/{rel}","templated":true}]}}