{"id":12240,"date":"2024-11-25T11:16:46","date_gmt":"2024-11-25T11:16:46","guid":{"rendered":"http:\/\/www.mesastrigo-advocats.com\/trabaja-con-nosotros\/"},"modified":"2025-05-30T07:03:06","modified_gmt":"2025-05-30T07:03:06","slug":"nos-offres-emploi","status":"publish","type":"page","link":"https:\/\/www.mtma.es\/fr\/nos-offres-emploi\/","title":{"rendered":"Nos offres d\u2019emploi"},"content":{"rendered":"\t\t<div data-elementor-type=\"wp-page\" data-elementor-id=\"12240\" class=\"elementor elementor-12240 elementor-8243\">\n\t\t\t\t        <section class=\"elementor-section elementor-top-section elementor-element elementor-element-7ab9f8e elementor-section-boxed elementor-section-height-default elementor-section-height-default pxl-type-header-none pxl-row-scroll-none pxl-bg-color-none pxl-section-overlay-none\" data-id=\"7ab9f8e\" data-element_type=\"section\">\n\n                \n                <div class=\"elementor-container elementor-column-gap-default \">\n                <div class=\"elementor-column elementor-col-100 elementor-top-column elementor-element elementor-element-e27d0a4 pxl-col-none pxl-column-none\" data-id=\"e27d0a4\" data-element_type=\"column\">\r\n        <div class=\"elementor-widget-wrap elementor-element-populated\">\r\n                     \r\n        \t\t<div class=\"elementor-element elementor-element-73bc79f elementor-hidden-mobile elementor-hidden-desktop elementor-hidden-tablet elementor-widget elementor-widget-heading\" data-id=\"73bc79f\" data-element_type=\"widget\" data-widget_type=\"heading.default\">\n\t\t\t\t<div class=\"elementor-widget-container\">\n\t\t\t<div id=\"pxl-heading-73bc79f-2671\" class=\"pxl-heading typewriter-color\">\n\t<div class=\"pxl-heading--inner\">\n\t\t\n\t\t<div class=\"pxl-item--dividerwrap divider-position-left\">\n\t\t\t<div class=\"pxl-item--divider\"><\/div>\t\t\t<h2 class=\"pxl-item--title  highlight-default \" data-wow-delay=\"ms\">\n\t\t\t\tNuestras vacantes\t\t\n\t\t\t<\/h2>\n\t\t<\/div>\n\t\t\t<\/div>\n<\/div>\t\t<\/div>\n\t\t\t\t<\/div>\n\t\t\t\t<div class=\"elementor-element elementor-element-4ce95f2 elementor-hidden-desktop elementor-hidden-tablet elementor-widget elementor-widget-heading\" data-id=\"4ce95f2\" data-element_type=\"widget\" data-widget_type=\"heading.default\">\n\t\t\t\t<div class=\"elementor-widget-container\">\n\t\t\t<div id=\"pxl-heading-4ce95f2-2216\" class=\"pxl-heading typewriter-color\">\n\t<div class=\"pxl-heading--inner\">\n\t\t\n\t\t<div class=\"pxl-item--dividerwrap divider-position-left\">\n\t\t\t<div class=\"pxl-item--divider\"><\/div>\t\t\t<h2 class=\"pxl-item--title  highlight-default \" data-wow-delay=\"ms\">\n\t\t\t\tNuestras vacantes\t\t\n\t\t\t<\/h2>\n\t\t<\/div>\n\t\t\t<\/div>\n<\/div>\t\t<\/div>\n\t\t\t\t<\/div>\n\t\t            <\/div>\r\n        <\/div>\r\n        \t\t\t<\/div>\n\t\t<\/section>\n\t\t        <section class=\"elementor-section elementor-top-section elementor-element elementor-element-4c0df1e elementor-section-boxed elementor-section-height-default elementor-section-height-default pxl-type-header-none pxl-row-scroll-none pxl-bg-color-none pxl-section-overlay-none\" data-id=\"4c0df1e\" data-element_type=\"section\">\n\n                \n                <div class=\"elementor-container elementor-column-gap-default \">\n                <div class=\"elementor-column elementor-col-100 elementor-top-column elementor-element elementor-element-b99c7f0 pxl-col-none pxl-column-none\" data-id=\"b99c7f0\" data-element_type=\"column\">\r\n        <div class=\"elementor-widget-wrap elementor-element-populated\">\r\n                     \r\n        \t\t<div class=\"elementor-element elementor-element-26a31c8 elementor-hidden-desktop elementor-hidden-tablet elementor-hidden-mobile elementor-widget elementor-widget-toggle\" data-id=\"26a31c8\" data-element_type=\"widget\" data-widget_type=\"toggle.default\">\n\t\t\t\t<div class=\"elementor-widget-container\">\n\t\t\t\t\t<div class=\"elementor-toggle\">\n\t\t\t\t\t\t\t<div class=\"elementor-toggle-item\">\n\t\t\t\t\t<h3 id=\"elementor-tab-title-4051\" class=\"elementor-tab-title\" data-tab=\"1\" role=\"button\" aria-controls=\"elementor-tab-content-4051\" aria-expanded=\"false\">\n\t\t\t\t\t\t\t\t\t\t\t\t<a class=\"elementor-toggle-title\" tabindex=\"0\">Asociado\/a s\u00e9nior<\/a>\n\t\t\t\t\t<\/h3>\n\n\t\t\t\t\t<div id=\"elementor-tab-content-4051\" class=\"elementor-tab-content elementor-clearfix\" data-tab=\"1\" role=\"region\" aria-labelledby=\"elementor-tab-title-4051\"><div style=\"text-align: justify;\"><p><span style=\"color: #000000;\">Buscamos un Asociado S\u00e9nior para unirse a nuestro equipo de fiscalidad empresarial. El candidato ideal deber\u00e1 tener experiencia en asesorar a clientes privados, tanto nacionales como internacionales, con un enfoque en fiscalidad empresarial, fiscalidad de no residentes y derecho contable. <\/span><\/p><p><span style=\"color: #000000;\"><strong>Requisitos:<\/strong><\/span><\/p><ul><li><span style=\"color: #000000;\">Grado en Derecho.<\/span><\/li><li><span style=\"color: #000000;\">Especializaci\u00f3n en Gesti\u00f3n e Inspecci\u00f3n Tributaria.<\/span><\/li><li><span style=\"color: #000000;\">Certificaci\u00f3n de Mediadores de Seguros.<\/span><\/li><li><span style=\"color: #000000;\">Experiencia comprobada en asesor\u00eda fiscal a clientes nacionales e internacionales.<\/span><\/li><li><span style=\"color: #000000;\">Habilidades superiores en comunicaci\u00f3n y consultor\u00eda.<\/span><\/li><\/ul><p><span style=\"color: #000000;\"><strong>Ofrecemos:<\/strong><\/span><\/p><ul><li><span style=\"color: #000000;\">Una posici\u00f3n desafiante en un entorno profesional din\u00e1mico.<\/span><\/li><li><span style=\"color: #000000;\">Oportunidad de trabajar con un equipo de profesionales altamente cualificados.<\/span><\/li><li><span style=\"color: #000000;\">Desarrollo continuo de habilidades profesionales y crecimiento personal.<\/span><\/li><\/ul><\/div><\/div>\n\t\t\t\t<\/div>\n\t\t\t\t\t\t\t\t<\/div>\n\t\t\t\t<\/div>\n\t\t\t\t<\/div>\n\t\t            <\/div>\r\n        <\/div>\r\n        \t\t\t<\/div>\n\t\t<\/section>\n\t\t        <section class=\"elementor-section elementor-top-section elementor-element elementor-element-b7c763b elementor-section-boxed elementor-section-height-default elementor-section-height-default pxl-type-header-none pxl-row-scroll-none pxl-bg-color-none pxl-section-overlay-none\" data-id=\"b7c763b\" data-element_type=\"section\">\n\n                \n                <div class=\"elementor-container elementor-column-gap-default \">\n                <div class=\"elementor-column elementor-col-100 elementor-top-column elementor-element elementor-element-6cb4029 pxl-col-none pxl-column-none\" data-id=\"6cb4029\" data-element_type=\"column\">\r\n        <div class=\"elementor-widget-wrap elementor-element-populated\">\r\n                     \r\n        \t\t<div class=\"elementor-element elementor-element-d5edbf5 elementor-hidden-mobile elementor-widget elementor-widget-heading\" data-id=\"d5edbf5\" data-element_type=\"widget\" data-widget_type=\"heading.default\">\n\t\t\t\t<div class=\"elementor-widget-container\">\n\t\t\t<div id=\"pxl-heading-d5edbf5-2937\" class=\"pxl-heading typewriter-color\">\n\t<div class=\"pxl-heading--inner\">\n\t\t\n\t\t<div class=\"pxl-item--dividerwrap divider-position-left\">\n\t\t\t<div class=\"pxl-item--divider\"><\/div>\t\t\t<h2 class=\"pxl-item--title  highlight-default \" data-wow-delay=\"ms\">\n\t\t\t\tRejoignez MESAS TRIGO\t\t\n\t\t\t<\/h2>\n\t\t<\/div>\n\t\t\t<\/div>\n<\/div>\t\t<\/div>\n\t\t\t\t<\/div>\n\t\t\t\t<div class=\"elementor-element elementor-element-3840a94 elementor-hidden-desktop elementor-hidden-tablet elementor-widget elementor-widget-heading\" data-id=\"3840a94\" data-element_type=\"widget\" data-widget_type=\"heading.default\">\n\t\t\t\t<div class=\"elementor-widget-container\">\n\t\t\t<div id=\"pxl-heading-3840a94-2940\" class=\"pxl-heading typewriter-color\">\n\t<div class=\"pxl-heading--inner\">\n\t\t\n\t\t<div class=\"pxl-item--dividerwrap divider-position-left\">\n\t\t\t<div class=\"pxl-item--divider\"><\/div>\t\t\t<h2 class=\"pxl-item--title  highlight-default \" data-wow-delay=\"ms\">\n\t\t\t\tS\u00famate a <br>\nMESAS TRIGO\t\t\n\t\t\t<\/h2>\n\t\t<\/div>\n\t\t\t<\/div>\n<\/div>\t\t<\/div>\n\t\t\t\t<\/div>\n\t\t            <\/div>\r\n        <\/div>\r\n        \t\t\t<\/div>\n\t\t<\/section>\n\t\t        <section class=\"elementor-section elementor-top-section elementor-element elementor-element-d72eea5 elementor-section-boxed elementor-section-height-default elementor-section-height-default pxl-type-header-none pxl-row-scroll-none pxl-bg-color-none pxl-section-overlay-none\" data-id=\"d72eea5\" data-element_type=\"section\">\n\n                \n                <div class=\"elementor-container elementor-column-gap-default \">\n                <div class=\"elementor-column elementor-col-100 elementor-top-column elementor-element elementor-element-0b2f8e1 pxl-col-none pxl-column-none\" data-id=\"0b2f8e1\" data-element_type=\"column\">\r\n        <div class=\"elementor-widget-wrap elementor-element-populated\">\r\n                     \r\n        \t\t<div class=\"elementor-element elementor-element-2f7d741 elementor-widget elementor-widget-text-editor\" data-id=\"2f7d741\" data-element_type=\"widget\" data-widget_type=\"text-editor.default\">\n\t\t\t\t<div class=\"elementor-widget-container\">\n\t\t\t\t\t\t\t<p>Notre \u00e9quipe est compos\u00e9e de personnes d\u00e9sireuses et engag\u00e9es \u00e0 d\u00e9velopper leur carri\u00e8re professionnelle dans un environnement jeune et dynamique, o\u00f9 la plus haute qualit\u00e9, l\u2019\u00e9thique et une attitude innovante nous permettent de r\u00e9aliser des projets stimulants.<\/p>\t\t\t\t\t\t<\/div>\n\t\t\t\t<\/div>\n\t\t            <\/div>\r\n        <\/div>\r\n        \t\t\t<\/div>\n\t\t<\/section>\n\t\t        <section class=\"elementor-section elementor-top-section elementor-element elementor-element-eece58e elementor-section-boxed elementor-section-height-default elementor-section-height-default pxl-type-header-none pxl-row-scroll-none pxl-bg-color-none pxl-section-overlay-none\" data-id=\"eece58e\" data-element_type=\"section\">\n\n                \n                <div class=\"elementor-container elementor-column-gap-default \">\n                <div class=\"elementor-column elementor-col-50 elementor-top-column elementor-element elementor-element-464f2d0 pxl-col-none pxl-column-none\" data-id=\"464f2d0\" data-element_type=\"column\">\r\n        <div class=\"elementor-widget-wrap elementor-element-populated\">\r\n                     \r\n        \t\t<div class=\"elementor-element elementor-element-3b6f4d6 elementor-widget elementor-widget-contact_form\" data-id=\"3b6f4d6\" data-element_type=\"widget\" data-widget_type=\"contact_form.default\">\n\t\t\t\t<div class=\"elementor-widget-container\">\n\t\t\t    <div class=\"pxl-contact-form pxl-contact-form1 notice-style1 box-style-none button-style1 btn-w-auto \" data-wow-delay=\"ms\">\r\n                \n<div class=\"wpcf7 no-js\" id=\"wpcf7-f11764-o1\" lang=\"fr-FR\" dir=\"ltr\" data-wpcf7-id=\"11764\">\n<div class=\"screen-reader-response\"><p role=\"status\" aria-live=\"polite\" aria-atomic=\"true\"><\/p> <ul><\/ul><\/div>\n<form action=\"\/fr\/wp-json\/wp\/v2\/pages\/12240#wpcf7-f11764-o1\" method=\"post\" class=\"wpcf7-form init\" aria-label=\"Formulaire de contact\" enctype=\"multipart\/form-data\" novalidate=\"novalidate\" data-status=\"init\">\n<div style=\"display: none;\">\n<input type=\"hidden\" name=\"_wpcf7\" value=\"11764\" \/>\n<input type=\"hidden\" name=\"_wpcf7_version\" value=\"6.0.6\" \/>\n<input type=\"hidden\" name=\"_wpcf7_locale\" value=\"fr_FR\" \/>\n<input type=\"hidden\" name=\"_wpcf7_unit_tag\" value=\"wpcf7-f11764-o1\" \/>\n<input type=\"hidden\" name=\"_wpcf7_container_post\" value=\"0\" \/>\n<input type=\"hidden\" name=\"_wpcf7_posted_data_hash\" value=\"\" \/>\n<\/div>\n<p><label> Nom complet<br \/>\n<span class=\"wpcf7-form-control-wrap\" data-name=\"your-name\"><input size=\"40\" maxlength=\"400\" class=\"wpcf7-form-control wpcf7-text wpcf7-validates-as-required\" autocomplete=\"Nombre\" aria-required=\"true\" aria-invalid=\"false\" value=\"\" type=\"text\" name=\"your-name\" \/><\/span> <\/label>\n<\/p>\n<p><label> T\u00e9l\u00e9phone <span class=\"wpcf7-form-control-wrap\" data-name=\"tel-753\"><input size=\"40\" maxlength=\"400\" class=\"wpcf7-form-control wpcf7-tel wpcf7-validates-as-required wpcf7-text wpcf7-validates-as-tel\" aria-required=\"true\" aria-invalid=\"false\" value=\"\" type=\"tel\" name=\"tel-753\" \/><\/span> <\/label>\n<\/p>\n<p><label> Adresse e-mail <span class=\"wpcf7-form-control-wrap\" data-name=\"your-email\"><input size=\"40\" maxlength=\"400\" class=\"wpcf7-form-control wpcf7-email wpcf7-validates-as-required wpcf7-text wpcf7-validates-as-email\" aria-required=\"true\" aria-invalid=\"false\" value=\"\" type=\"email\" name=\"your-email\" \/><\/span> <\/label>\n<\/p>\n<p><label> Joindre le CV <span class=\"wpcf7-form-control-wrap\" data-name=\"archivo-cv\"><input size=\"40\" class=\"wpcf7-form-control wpcf7-file wpcf7-validates-as-required\" accept=\"image\/*\" aria-required=\"true\" aria-invalid=\"false\" type=\"file\" name=\"archivo-cv\" \/><\/span> <\/label>\n<\/p>\n<p><label> Votre message (optionnel)<br \/>\n<span class=\"wpcf7-form-control-wrap\" data-name=\"your-message\"><textarea cols=\"40\" rows=\"10\" maxlength=\"2000\" class=\"wpcf7-form-control wpcf7-textarea\" aria-invalid=\"false\" name=\"your-message\"><\/textarea><\/span> <\/label>\n<\/p>\n<p><span class=\"wpcf7-form-control-wrap\" data-name=\"acceptance-666\"><span class=\"wpcf7-form-control wpcf7-acceptance\"><span class=\"wpcf7-list-item\"><label><input type=\"checkbox\" name=\"acceptance-666\" value=\"1\" aria-invalid=\"false\" \/><span class=\"wpcf7-list-item-label\">J\u2019accepte la politique de protection des donn\u00e9es<\/span><\/label><\/span><\/span><\/span>\n<\/p>\n<p><input class=\"wpcf7-form-control wpcf7-submit has-spinner\" type=\"submit\" value=\"Envoyer\" \/>\n<\/p><div class=\"wpcf7-response-output\" aria-hidden=\"true\"><\/div>\n<\/form>\n<\/div>\n    <\/div>\r\n\t\t<\/div>\n\t\t\t\t<\/div>\n\t\t            <\/div>\r\n        <\/div>\r\n                <div class=\"elementor-column elementor-col-50 elementor-top-column elementor-element elementor-element-8ecaaea pxl-col-none pxl-column-none\" data-id=\"8ecaaea\" data-element_type=\"column\">\r\n        <div class=\"elementor-widget-wrap elementor-element-populated\">\r\n                     \r\n        \t\t<div class=\"elementor-element elementor-element-cca42dc elementor-hidden-mobile elementor-widget elementor-widget-image\" data-id=\"cca42dc\" data-element_type=\"widget\" data-widget_type=\"image.default\">\n\t\t\t\t<div class=\"elementor-widget-container\">\n\t\t\t\t\t\t\t\t\t\t\t\t\t<img fetchpriority=\"high\" decoding=\"async\" width=\"448\" height=\"572\" src=\"https:\/\/www.mtma.es\/wp-content\/uploads\/sites\/4\/2024\/12\/Trabaja-con-nosotros-e1737467313331.jpg\" class=\"attachment-large size-large wp-image-9179\" alt=\"Trabaja con nosotros\" srcset=\"https:\/\/www.mtma.es\/wp-content\/uploads\/sites\/4\/2024\/12\/Trabaja-con-nosotros-e1737467313331.jpg 448w, https:\/\/www.mtma.es\/wp-content\/uploads\/sites\/4\/2024\/12\/Trabaja-con-nosotros-e1737467313331-235x300.jpg 235w\" sizes=\"(max-width: 448px) 100vw, 448px\" \/>\t\t\t\t\t\t\t\t\t\t\t\t\t<\/div>\n\t\t\t\t<\/div>\n\t\t            <\/div>\r\n        <\/div>\r\n        \t\t\t<\/div>\n\t\t<\/section>\n\t\t\t\t<\/div>\n\t\t","protected":false},"excerpt":{"rendered":"<p>Nuestras vacantes Nuestras vacantes Asociado\/a s\u00e9nior Buscamos un Asociado S\u00e9nior para unirse a nuestro equipo de fiscalidad empresarial. El candidato ideal deber\u00e1 tener experiencia en asesorar a clientes privados, tanto nacionales como internacionales, con un enfoque en fiscalidad empresarial, fiscalidad de no residentes y derecho contable. Requisitos: Grado en Derecho. Especializaci\u00f3n en Gesti\u00f3n e Inspecci\u00f3n [&hellip;]<\/p>\n","protected":false},"author":3,"featured_media":10388,"parent":0,"menu_order":0,"comment_status":"closed","ping_status":"closed","template":"","meta":{"footnotes":""},"class_list":["post-12240","page","type-page","status-publish","has-post-thumbnail","hentry"],"yoast_head":"<!-- This site is optimized with the Yoast SEO Premium plugin v25.3 (Yoast SEO v25.3) - https:\/\/yoast.com\/wordpress\/plugins\/seo\/ -->\n<title>Nos offres d\u2019emploi - Mesas Trigo Morales Arce<\/title>\n<meta name=\"description\" content=\"Boostez votre carri\u00e8re chez Mesas Trigo. Nous recherchons des talents attach\u00e9s \u00e0 l\u2019excellence et \u00e0 l\u2019\u00e9thique dans un environnement dynamique et hautement sp\u00e9cialis\u00e9\" \/>\n<meta name=\"robots\" content=\"index, follow, max-snippet:-1, max-image-preview:large, max-video-preview:-1\" \/>\n<link rel=\"canonical\" href=\"https:\/\/www.mtma.es\/trabaja-con-nosotros\/\" \/>\n<meta property=\"og:locale\" content=\"fr_FR\" \/>\n<meta property=\"og:type\" content=\"article\" \/>\n<meta property=\"og:title\" content=\"Nos offres d\u2019emploi\" \/>\n<meta property=\"og:description\" content=\"Boostez votre carri\u00e8re chez Mesas Trigo. Nous recherchons des talents attach\u00e9s \u00e0 l\u2019excellence et \u00e0 l\u2019\u00e9thique dans un environnement dynamique et hautement sp\u00e9cialis\u00e9\" \/>\n<meta property=\"og:url\" content=\"https:\/\/www.mtma.es\/trabaja-con-nosotros\/\" \/>\n<meta property=\"og:site_name\" content=\"Mesas Trigo Morales Arce\" \/>\n<meta property=\"article:modified_time\" content=\"2025-05-30T07:03:06+00:00\" \/>\n<meta property=\"og:image\" content=\"http:\/\/www.mesastrigoadvocats.com\/mtma\/wp-content\/uploads\/sites\/4\/2024\/12\/Trabaja-con-nosotros-e1737467313331.jpg\" \/>\n<meta name=\"twitter:card\" content=\"summary_large_image\" \/>\n<meta name=\"twitter:label1\" content=\"Dur\u00e9e de lecture estim\u00e9e\" \/>\n\t<meta name=\"twitter:data1\" content=\"1 minute\" \/>\n<script type=\"application\/ld+json\" class=\"yoast-schema-graph\">{\"@context\":\"https:\/\/schema.org\",\"@graph\":[{\"@type\":\"WebPage\",\"@id\":\"https:\/\/www.mtma.es\/trabaja-con-nosotros\/\",\"url\":\"https:\/\/www.mtma.es\/trabaja-con-nosotros\/\",\"name\":\"Nos offres d\u2019emploi - Mesas Trigo Morales Arce\",\"isPartOf\":{\"@id\":\"https:\/\/www.mtma.es\/#website\"},\"primaryImageOfPage\":{\"@id\":\"https:\/\/www.mtma.es\/trabaja-con-nosotros\/#primaryimage\"},\"image\":{\"@id\":\"https:\/\/www.mtma.es\/trabaja-con-nosotros\/#primaryimage\"},\"thumbnailUrl\":\"https:\/\/www.mtma.es\/wp-content\/uploads\/sites\/4\/2024\/12\/Trabaja-con-nosotros-e1737467313331.jpg\",\"datePublished\":\"2024-11-25T11:16:46+00:00\",\"dateModified\":\"2025-05-30T07:03:06+00:00\",\"description\":\"Boostez votre carri\u00e8re chez Mesas Trigo. Nous recherchons des talents attach\u00e9s \u00e0 l\u2019excellence et \u00e0 l\u2019\u00e9thique dans un environnement dynamique et hautement sp\u00e9cialis\u00e9\",\"breadcrumb\":{\"@id\":\"https:\/\/www.mtma.es\/trabaja-con-nosotros\/#breadcrumb\"},\"inLanguage\":\"fr-FR\",\"potentialAction\":[{\"@type\":\"ReadAction\",\"target\":[\"https:\/\/www.mtma.es\/trabaja-con-nosotros\/\"]}]},{\"@type\":\"ImageObject\",\"inLanguage\":\"fr-FR\",\"@id\":\"https:\/\/www.mtma.es\/trabaja-con-nosotros\/#primaryimage\",\"url\":\"https:\/\/www.mtma.es\/wp-content\/uploads\/sites\/4\/2024\/12\/Trabaja-con-nosotros-e1737467313331.jpg\",\"contentUrl\":\"https:\/\/www.mtma.es\/wp-content\/uploads\/sites\/4\/2024\/12\/Trabaja-con-nosotros-e1737467313331.jpg\",\"width\":448,\"height\":572,\"caption\":\"Trabaja con nosotros\"},{\"@type\":\"BreadcrumbList\",\"@id\":\"https:\/\/www.mtma.es\/trabaja-con-nosotros\/#breadcrumb\",\"itemListElement\":[{\"@type\":\"ListItem\",\"position\":1,\"name\":\"Portada\",\"item\":\"https:\/\/www.mtma.es\/\"},{\"@type\":\"ListItem\",\"position\":2,\"name\":\"Nos offres d\u2019emploi\"}]},{\"@type\":\"WebSite\",\"@id\":\"https:\/\/www.mtma.es\/#website\",\"url\":\"https:\/\/www.mtma.es\/\",\"name\":\"Mesas Trigo\",\"description\":\"Business WordPress Theme\",\"publisher\":{\"@id\":\"https:\/\/www.mtma.es\/#organization\"},\"potentialAction\":[{\"@type\":\"SearchAction\",\"target\":{\"@type\":\"EntryPoint\",\"urlTemplate\":\"https:\/\/www.mtma.es\/?s={search_term_string}\"},\"query-input\":{\"@type\":\"PropertyValueSpecification\",\"valueRequired\":true,\"valueName\":\"search_term_string\"}}],\"inLanguage\":\"fr-FR\"},{\"@type\":\"Organization\",\"@id\":\"https:\/\/www.mtma.es\/#organization\",\"name\":\"Mesas Trigo\",\"url\":\"https:\/\/www.mtma.es\/\",\"logo\":{\"@type\":\"ImageObject\",\"inLanguage\":\"fr-FR\",\"@id\":\"https:\/\/www.mtma.es\/#\/schema\/logo\/image\/\",\"url\":\"https:\/\/www.mtma.es\/wp-content\/uploads\/sites\/4\/2024\/11\/cropped-favicon-mesas-trigo.png\",\"contentUrl\":\"https:\/\/www.mtma.es\/wp-content\/uploads\/sites\/4\/2024\/11\/cropped-favicon-mesas-trigo.png\",\"width\":512,\"height\":245,\"caption\":\"Mesas Trigo\"},\"image\":{\"@id\":\"https:\/\/www.mtma.es\/#\/schema\/logo\/image\/\"}}]}<\/script>\n<!-- \/ Yoast SEO Premium plugin. -->","yoast_head_json":{"title":"Nos offres d\u2019emploi - Mesas Trigo Morales Arce","description":"Boostez votre carri\u00e8re chez Mesas Trigo. Nous recherchons des talents attach\u00e9s \u00e0 l\u2019excellence et \u00e0 l\u2019\u00e9thique dans un environnement dynamique et hautement sp\u00e9cialis\u00e9","robots":{"index":"index","follow":"follow","max-snippet":"max-snippet:-1","max-image-preview":"max-image-preview:large","max-video-preview":"max-video-preview:-1"},"canonical":"https:\/\/www.mtma.es\/trabaja-con-nosotros\/","og_locale":"fr_FR","og_type":"article","og_title":"Nos offres d\u2019emploi","og_description":"Boostez votre carri\u00e8re chez Mesas Trigo. Nous recherchons des talents attach\u00e9s \u00e0 l\u2019excellence et \u00e0 l\u2019\u00e9thique dans un environnement dynamique et hautement sp\u00e9cialis\u00e9","og_url":"https:\/\/www.mtma.es\/trabaja-con-nosotros\/","og_site_name":"Mesas Trigo Morales Arce","article_modified_time":"2025-05-30T07:03:06+00:00","og_image":[{"url":"http:\/\/www.mesastrigoadvocats.com\/mtma\/wp-content\/uploads\/sites\/4\/2024\/12\/Trabaja-con-nosotros-e1737467313331.jpg","type":"","width":"","height":""}],"twitter_card":"summary_large_image","twitter_misc":{"Dur\u00e9e de lecture estim\u00e9e":"1 minute"},"schema":{"@context":"https:\/\/schema.org","@graph":[{"@type":"WebPage","@id":"https:\/\/www.mtma.es\/trabaja-con-nosotros\/","url":"https:\/\/www.mtma.es\/trabaja-con-nosotros\/","name":"Nos offres d\u2019emploi - Mesas Trigo Morales Arce","isPartOf":{"@id":"https:\/\/www.mtma.es\/#website"},"primaryImageOfPage":{"@id":"https:\/\/www.mtma.es\/trabaja-con-nosotros\/#primaryimage"},"image":{"@id":"https:\/\/www.mtma.es\/trabaja-con-nosotros\/#primaryimage"},"thumbnailUrl":"https:\/\/www.mtma.es\/wp-content\/uploads\/sites\/4\/2024\/12\/Trabaja-con-nosotros-e1737467313331.jpg","datePublished":"2024-11-25T11:16:46+00:00","dateModified":"2025-05-30T07:03:06+00:00","description":"Boostez votre carri\u00e8re chez Mesas Trigo. Nous recherchons des talents attach\u00e9s \u00e0 l\u2019excellence et \u00e0 l\u2019\u00e9thique dans un environnement dynamique et hautement sp\u00e9cialis\u00e9","breadcrumb":{"@id":"https:\/\/www.mtma.es\/trabaja-con-nosotros\/#breadcrumb"},"inLanguage":"fr-FR","potentialAction":[{"@type":"ReadAction","target":["https:\/\/www.mtma.es\/trabaja-con-nosotros\/"]}]},{"@type":"ImageObject","inLanguage":"fr-FR","@id":"https:\/\/www.mtma.es\/trabaja-con-nosotros\/#primaryimage","url":"https:\/\/www.mtma.es\/wp-content\/uploads\/sites\/4\/2024\/12\/Trabaja-con-nosotros-e1737467313331.jpg","contentUrl":"https:\/\/www.mtma.es\/wp-content\/uploads\/sites\/4\/2024\/12\/Trabaja-con-nosotros-e1737467313331.jpg","width":448,"height":572,"caption":"Trabaja con nosotros"},{"@type":"BreadcrumbList","@id":"https:\/\/www.mtma.es\/trabaja-con-nosotros\/#breadcrumb","itemListElement":[{"@type":"ListItem","position":1,"name":"Portada","item":"https:\/\/www.mtma.es\/"},{"@type":"ListItem","position":2,"name":"Nos offres d\u2019emploi"}]},{"@type":"WebSite","@id":"https:\/\/www.mtma.es\/#website","url":"https:\/\/www.mtma.es\/","name":"Mesas Trigo","description":"Business WordPress Theme","publisher":{"@id":"https:\/\/www.mtma.es\/#organization"},"potentialAction":[{"@type":"SearchAction","target":{"@type":"EntryPoint","urlTemplate":"https:\/\/www.mtma.es\/?s={search_term_string}"},"query-input":{"@type":"PropertyValueSpecification","valueRequired":true,"valueName":"search_term_string"}}],"inLanguage":"fr-FR"},{"@type":"Organization","@id":"https:\/\/www.mtma.es\/#organization","name":"Mesas Trigo","url":"https:\/\/www.mtma.es\/","logo":{"@type":"ImageObject","inLanguage":"fr-FR","@id":"https:\/\/www.mtma.es\/#\/schema\/logo\/image\/","url":"https:\/\/www.mtma.es\/wp-content\/uploads\/sites\/4\/2024\/11\/cropped-favicon-mesas-trigo.png","contentUrl":"https:\/\/www.mtma.es\/wp-content\/uploads\/sites\/4\/2024\/11\/cropped-favicon-mesas-trigo.png","width":512,"height":245,"caption":"Mesas Trigo"},"image":{"@id":"https:\/\/www.mtma.es\/#\/schema\/logo\/image\/"}}]}},"_links":{"self":[{"href":"https:\/\/www.mtma.es\/fr\/wp-json\/wp\/v2\/pages\/12240","targetHints":{"allow":["GET"]}}],"collection":[{"href":"https:\/\/www.mtma.es\/fr\/wp-json\/wp\/v2\/pages"}],"about":[{"href":"https:\/\/www.mtma.es\/fr\/wp-json\/wp\/v2\/types\/page"}],"author":[{"embeddable":true,"href":"https:\/\/www.mtma.es\/fr\/wp-json\/wp\/v2\/users\/3"}],"replies":[{"embeddable":true,"href":"https:\/\/www.mtma.es\/fr\/wp-json\/wp\/v2\/comments?post=12240"}],"version-history":[{"count":4,"href":"https:\/\/www.mtma.es\/fr\/wp-json\/wp\/v2\/pages\/12240\/revisions"}],"predecessor-version":[{"id":12244,"href":"https:\/\/www.mtma.es\/fr\/wp-json\/wp\/v2\/pages\/12240\/revisions\/12244"}],"wp:featuredmedia":[{"embeddable":true,"href":"https:\/\/www.mtma.es\/fr\/wp-json\/wp\/v2\/media\/10388"}],"wp:attachment":[{"href":"https:\/\/www.mtma.es\/fr\/wp-json\/wp\/v2\/media?parent=12240"}],"curies":[{"name":"wp","href":"https:\/\/api.w.org\/{rel}","templated":true}]}}